{"id":70354,"date":"2022-09-20T16:57:18","date_gmt":"2022-09-20T15:57:18","guid":{"rendered":"https:\/\/paddleshifterz.com\/?post_type=product&#038;p=70354"},"modified":"2026-04-06T12:44:00","modified_gmt":"2026-04-06T11:44:00","slug":"oem-mini-facelift-taillights-retrofit-kit-union-jack-63132462095","status":"publish","type":"product","link":"https:\/\/paddleshifterz.com\/de\/oem-mini-facelift-taillights-retrofit-kit-union-jack-63132462095\/","title":{"rendered":"OEM MINI Facelift Heckleuchten Nachr\u00fcstsatz \u2013 63132462095"},"content":{"rendered":"<p>Die britischen Wurzeln waren schon immer Teil des Kults um die Marke MINI, doch mit dem Original-Nachr\u00fcstsatz wird die enge Verbindung zum Vereinigten K\u00f6nigreich noch st\u00e4rker als bisher zelebriert. Alle Lichtfunktionen wurden in das Flaggendesign integriert. W\u00e4hrend die Blinker die horizontalen Linien des UNION JACK bilden, stellen die Bremsleuchten die vertikalen Linien dar. Das R\u00fccklicht symbolisiert die stilisierte Flagge. Die LCI*-R\u00fcckleuchten UNION JACK bieten bis zum Produktionsdatum 03\/2018 und f\u00fcr Fahrzeuge ab 03\/2018 ohne Sonderausstattung die M\u00f6glichkeit einer Nachr\u00fcstung mit LED-Scheinwerfern (SA5A2) oder adaptiven LED-Scheinwerfern (SA 552). Die R\u00fcckleuchten k\u00f6nnen mit Einzelteilen auf das LCI-Ma\u00df aufger\u00fcstet werden. Die neue Version des Heckleuchten-Facelifts verleiht dem Fahrzeug ein v\u00f6llig neues Erscheinungsbild und erm\u00f6glicht eine klare Unterscheidung zu Fahrzeugen vor LCI.<\/p>\n<h2>Vorteile<\/h2>\n<ul>\n<li>V\u00f6llig neues Erscheinungsbild der Fahrzeugr\u00fcckansicht.<\/li>\n<li>Einzigartiges Flaggendesign.<\/li>\n<li>Blinker, R\u00fccklicht, Nebelschlusslicht und Bremslicht in moderner LED-Technik.<\/li>\n<li>Modernes und sportliches Aussehen.<\/li>\n<li>M\u00f6glichkeit der Nachr\u00fcstung in Original-Serienqualit\u00e4t.<\/li>\n<\/ul>\n<h2>Lieferumfang<\/h2>\n<ul>\n<li>R\u00fccklicht auf der linken Seite.<\/li>\n<li>R\u00fccklicht auf der rechten Seite.<\/li>\n<li>Hinweise<\/li>\n<\/ul>\n<h2>Passende Fahrzeuge<\/h2>\n<ul>\n<li><a href=\"https:\/\/paddleshifterz.com\/de\/vehicles\/mini-f55\/\">MINI F55<\/a><\/li>\n<li><a href=\"https:\/\/paddleshifterz.com\/de\/vehicles\/mini-f56\/\"><span style=\"color: #555555; font-size: 14.4px;\">MINI F56<\/span><\/a><\/li>\n<li><a href=\"https:\/\/paddleshifterz.com\/de\/vehicles\/mini-f57\/\"><span style=\"color: #555555; font-size: 14.4px;\">MINI F57<\/span><\/a><\/li>\n<\/ul>\n<h2>Spezifikationen<\/h2>\n<ul>\n<li>Nur f\u00fcr ECE-Fahrzeuge.<\/li>\n<li>F\u00fcr alle Fahrzeuge bis 03\/2018.<\/li>\n<li>F\u00fcr Fahrzeuge ab 03\/2018 ohne Sonderausstattung LED-Scheinwerfer (SA 5A2) oder adaptives LED-Scheinwerferlicht (SA 552).<\/li>\n<li>Das Fahrzeug muss nach der Nachr\u00fcstung programmiert werden.<\/li>\n<li>Alle Kabel m\u00fcssen neu verdrahtet werden.<\/li>\n<\/ul>","protected":false},"excerpt":{"rendered":"<p>Der Original MINI R\u00fcckleuchten Facelift Nachr\u00fcstsatz UNION JACK mit stilisierter Flagge ist ein absolutes Highlight in der internationalen Automobilwelt.<\/p>\n<p>SKU: 63132462095<\/p>","protected":false},"featured_media":104157,"template":"","meta":{"bwfblock_default_font":""},"product_brand":[],"product_cat":[1113,1094],"product_tag":[],"class_list":{"0":"post-70354","1":"product","2":"type-product","3":"status-publish","4":"has-post-thumbnail","6":"product_cat-exterior","7":"product_cat-headlights-taillights","8":"product_shipping_class-shifterz","9":"pa_brand-mini","10":"pa_product-type-oem-original-equipment-manufacturer","11":"pa_vehicles-mini-f55","12":"pa_vehicles-mini-f56","13":"pa_vehicles-mini-f56-gp3","14":"pa_vehicles-mini-f57","16":"first","17":"onbackorder","18":"taxable","19":"shipping-taxable","20":"purchasable","21":"product-type-simple"},"bundled_by":[],"bundle_stock_status":"onbackorder","bundle_stock_quantity":-11,"bundle_virtual":false,"bundle_layout":"","bundle_add_to_cart_form_location":"","bundle_editable_in_cart":false,"bundle_sold_individually_context":"","bundle_item_grouping":"","bundle_min_size":"","bundle_max_size":"","bundle_price":[],"bundled_items":[],"bundle_sell_ids":[],"_links":{"self":[{"href":"https:\/\/paddleshifterz.com\/de\/wp-json\/wp\/v2\/product\/70354","targetHints":{"allow":["GET"]}}],"collection":[{"href":"https:\/\/paddleshifterz.com\/de\/wp-json\/wp\/v2\/product"}],"about":[{"href":"https:\/\/paddleshifterz.com\/de\/wp-json\/wp\/v2\/types\/product"}],"wp:featuredmedia":[{"embeddable":true,"href":"https:\/\/paddleshifterz.com\/de\/wp-json\/wp\/v2\/media\/104157"}],"wp:attachment":[{"href":"https:\/\/paddleshifterz.com\/de\/wp-json\/wp\/v2\/media?parent=70354"}],"wp:term":[{"taxonomy":"product_brand","embeddable":true,"href":"https:\/\/paddleshifterz.com\/de\/wp-json\/wp\/v2\/product_brand?post=70354"},{"taxonomy":"product_cat","embeddable":true,"href":"https:\/\/paddleshifterz.com\/de\/wp-json\/wp\/v2\/product_cat?post=70354"},{"taxonomy":"product_tag","embeddable":true,"href":"https:\/\/paddleshifterz.com\/de\/wp-json\/wp\/v2\/product_tag?post=70354"}],"curies":[{"name":"wp","href":"https:\/\/api.w.org\/{rel}","templated":true}]}}