{"id":70532,"date":"2022-10-02T09:23:22","date_gmt":"2022-10-02T08:23:22","guid":{"rendered":"https:\/\/paddleshifterz.com\/?post_type=product&#038;p=70532"},"modified":"2025-12-10T08:19:01","modified_gmt":"2025-12-10T07:19:01","slug":"oem-bmw-gloss-black-supporting-ring-for-m-mirror-caps-g-series-51168071003-51168071004","status":"publish","type":"product","link":"https:\/\/paddleshifterz.com\/de\/oem-bmw-gloss-black-supporting-ring-for-m-mirror-caps-g-series-51168071003-51168071004\/","title":{"rendered":"OEM BMW Schwarze St\u00fctzring f\u00fcr M Spiegelkappen G0X Serie"},"content":{"rendered":"<h2>Spezifikationen<\/h2>\n<ul>\n<li>Original BMW Produkte<\/li>\n<li>Ausf\u00fchrung: schwarz gl\u00e4nzend<\/li>\n<li>Material: Kunststoff<\/li>\n<li>Das Paket enth\u00e4lt sowohl die linke als auch die rechte Seite<\/li>\n<li>Part numbers: 51168071003, 51168071004<\/li>\n<\/ul>\n<h2>Unboxing<\/h2>\n<p>Schauen Sie sich das Unboxing-Video unten an, um zu sehen, was sich in der Schachtel befindet, und um sich das Produkt vor dem Kauf genauer anzusehen.<\/p>\n<p><iframe loading=\"lazy\" title=\"YouTube-Video-Player\" src=\"https:\/\/www.youtube.com\/embed\/MUV-VZIQlY8\" width=\"560\" height=\"315\" frameborder=\"0\" allowfullscreen=\"allowfullscreen\"><span data-mce-type=\"bookmark\" style=\"display: inline-block; width: 0px; overflow: hidden; line-height: 0;\" class=\"mce_SELRES_start\"><\/span><\/iframe><\/p>\n<h2>Passende Fahrzeuge<\/h2>\n<p>Passt f\u00fcr die folgenden Fahrzeuge:<\/p>\n<ul>\n<li>BMW X-Serie G01 X3<\/li>\n<li>BMW X-Serie G02 X4<\/li>\n<li>BMW X-Serie G05 X5<\/li>\n<li>BMW X-Serie G06 X6<\/li>\n<li>BMW X-Serie G07 X7<\/li>\n<\/ul>","protected":false},"excerpt":{"rendered":"<p>OEM BMW Teil f\u00fcr BMW G-Serie. Wandeln Sie Ihre Standard-Spiegel in \/\/\/M-Stil Spiegel, genau wie in der X5M F95. Es wird empfohlen, die Spiegelkappen ebenfalls umzur\u00fcsten, da die serienm\u00e4\u00dfigen Kappen im \/\/\/M-Stil nicht mehr passen. Sie k\u00f6nnen die <a href=\"https:\/\/paddleshifterz.com\/de\/oem-m-performance-carbon-fiber-side-mirror-cover-x3m-x4m\/\">M performance carbon fiber ones<\/a>.<\/p>","protected":false},"featured_media":79337,"template":"","meta":{"bwfblock_default_font":""},"product_brand":[],"product_cat":[1113,1114],"product_tag":[],"class_list":{"0":"post-70532","1":"product","2":"type-product","3":"status-publish","4":"has-post-thumbnail","6":"product_cat-exterior","7":"product_cat-mirror-caps-accessories","8":"product_shipping_class-shifterz","9":"pa_brand-bmw","10":"pa_product-type-oem-original-equipment-manufacturer","11":"pa_vehicles-bmw-f95-x5m","12":"pa_vehicles-bmw-f96-x6m","13":"pa_vehicles-bmw-f97-x3m","14":"pa_vehicles-bmw-f98-x4m","15":"pa_vehicles-bmw-g01-x3","16":"pa_vehicles-bmw-g02-x4","17":"pa_vehicles-bmw-g05-x5","18":"pa_vehicles-bmw-x6-g06","19":"pa_vehicles-bmw-g07-x7","20":"pa_vehicles-bmw-g07-x7-lci","22":"first","23":"onbackorder","24":"taxable","25":"shipping-taxable","26":"purchasable","27":"product-type-variable"},"bundled_by":["77185","77182"],"bundle_stock_status":"onbackorder","bundle_stock_quantity":null,"bundle_virtual":false,"bundle_layout":"","bundle_add_to_cart_form_location":"","bundle_editable_in_cart":false,"bundle_sold_individually_context":"","bundle_item_grouping":"","bundle_min_size":"","bundle_max_size":"","bundle_price":[],"bundled_items":[],"bundle_sell_ids":[],"_links":{"self":[{"href":"https:\/\/paddleshifterz.com\/de\/wp-json\/wp\/v2\/product\/70532","targetHints":{"allow":["GET"]}}],"collection":[{"href":"https:\/\/paddleshifterz.com\/de\/wp-json\/wp\/v2\/product"}],"about":[{"href":"https:\/\/paddleshifterz.com\/de\/wp-json\/wp\/v2\/types\/product"}],"wp:featuredmedia":[{"embeddable":true,"href":"https:\/\/paddleshifterz.com\/de\/wp-json\/wp\/v2\/media\/79337"}],"wp:attachment":[{"href":"https:\/\/paddleshifterz.com\/de\/wp-json\/wp\/v2\/media?parent=70532"}],"wp:term":[{"taxonomy":"product_brand","embeddable":true,"href":"https:\/\/paddleshifterz.com\/de\/wp-json\/wp\/v2\/product_brand?post=70532"},{"taxonomy":"product_cat","embeddable":true,"href":"https:\/\/paddleshifterz.com\/de\/wp-json\/wp\/v2\/product_cat?post=70532"},{"taxonomy":"product_tag","embeddable":true,"href":"https:\/\/paddleshifterz.com\/de\/wp-json\/wp\/v2\/product_tag?post=70532"}],"curies":[{"name":"wp","href":"https:\/\/api.w.org\/{rel}","templated":true}]}}