{"id":70614,"date":"2022-10-05T21:07:16","date_gmt":"2022-10-05T20:07:16","guid":{"rendered":"https:\/\/paddleshifterz.com\/?post_type=product&#038;p=70614"},"modified":"2025-12-17T10:03:21","modified_gmt":"2025-12-17T09:03:21","slug":"oem-bmw-control-unit-front-light-electronics-from-07-2021-63115a0afc0","status":"publish","type":"product","link":"https:\/\/paddleshifterz.com\/de\/oem-bmw-control-unit-front-light-electronics-from-07-2021-63115a0afc0\/","title":{"rendered":"OEM BMW Steuerger\u00e4t Frontlichtelektronik - 63115A0AFC0"},"content":{"rendered":"<h2>Original BMW G8X Scheinwerfer-LED-Steuerger\u00e4t f\u00fcr Fahrzeuge mit Adaptivem LED-Scheinwerfer<\/h2>\n<p>This specific control unit is compatible with a wide range of BMW models, including various versions of the 4 series and more from recent model years. It plays a crucial role in maintaining the performance and reliability of your BMW&#8217;s front lighting, ensuring that the advanced lighting features work seamlessly<\/p>\n<h2>Teilnummer<\/h2>\n<ul>\n<li>63115A0AFC0<\/li>\n<\/ul>\n<h2>Lieferumfang<\/h2>\n<ul>\n<li>1x Steuerger\u00e4t (eines pro Scheinwerfer erforderlich)<\/li>\n<\/ul>","protected":false},"excerpt":{"rendered":"<p>Genuine BMW G8X headlight LED control unit for vehicles with Adaptive LED headlight (S552A = Yes). This part is essential for managing the electronic operations of your vehicle&#8217;s front lighting system. It ensures the proper functioning of advanced features like Adaptive LED Headlights and BMW Laserlight systems, depending on your vehicle model.<\/p>\n<p>SKU: 63115A0AFC0<\/p>","protected":false},"featured_media":83530,"template":"","meta":{"bwfblock_default_font":""},"product_brand":[],"product_cat":[1113,1094],"product_tag":[],"class_list":{"0":"post-70614","1":"product","2":"type-product","3":"status-publish","4":"has-post-thumbnail","6":"product_cat-exterior","7":"product_cat-headlights-taillights","8":"product_shipping_class-shifterz","9":"pa_brand-bmw","10":"pa_product-type-oem-original-equipment-manufacturer","11":"pa_vehicles-bmw-f90-m5","12":"pa_vehicles-bmw-f97-x3m","13":"pa_vehicles-bmw-f98-x4m","14":"pa_vehicles-bmw-g01-x3","15":"pa_vehicles-bmw-g02-x4","16":"pa_vehicles-bmw-g22","17":"pa_vehicles-bmw-g23","18":"pa_vehicles-bmw-g26-grancoupe","19":"pa_vehicles-bmw-g30","20":"pa_vehicles-bmw-g31","21":"pa_vehicles-bmw-g32","22":"pa_vehicles-bmw-g80-m3","23":"pa_vehicles-bmw-g81-m3-touring","24":"pa_vehicles-bmw-g82-m4-csl","25":"pa_vehicles-bmw-g82-m4","26":"pa_vehicles-bmw-g83-m4","27":"pa_vehicles-bmw-i4-g26","29":"first","30":"outofstock","31":"taxable","32":"shipping-taxable","33":"purchasable","34":"product-type-simple"},"bundled_by":[],"bundle_stock_status":"outofstock","bundle_stock_quantity":-3,"bundle_virtual":false,"bundle_layout":"","bundle_add_to_cart_form_location":"","bundle_editable_in_cart":false,"bundle_sold_individually_context":"","bundle_item_grouping":"","bundle_min_size":"","bundle_max_size":"","bundle_price":[],"bundled_items":[],"bundle_sell_ids":[],"_links":{"self":[{"href":"https:\/\/paddleshifterz.com\/de\/wp-json\/wp\/v2\/product\/70614","targetHints":{"allow":["GET"]}}],"collection":[{"href":"https:\/\/paddleshifterz.com\/de\/wp-json\/wp\/v2\/product"}],"about":[{"href":"https:\/\/paddleshifterz.com\/de\/wp-json\/wp\/v2\/types\/product"}],"wp:featuredmedia":[{"embeddable":true,"href":"https:\/\/paddleshifterz.com\/de\/wp-json\/wp\/v2\/media\/83530"}],"wp:attachment":[{"href":"https:\/\/paddleshifterz.com\/de\/wp-json\/wp\/v2\/media?parent=70614"}],"wp:term":[{"taxonomy":"product_brand","embeddable":true,"href":"https:\/\/paddleshifterz.com\/de\/wp-json\/wp\/v2\/product_brand?post=70614"},{"taxonomy":"product_cat","embeddable":true,"href":"https:\/\/paddleshifterz.com\/de\/wp-json\/wp\/v2\/product_cat?post=70614"},{"taxonomy":"product_tag","embeddable":true,"href":"https:\/\/paddleshifterz.com\/de\/wp-json\/wp\/v2\/product_tag?post=70614"}],"curies":[{"name":"wp","href":"https:\/\/api.w.org\/{rel}","templated":true}]}}