{"id":70635,"date":"2022-10-06T05:57:42","date_gmt":"2022-10-06T04:57:42","guid":{"rendered":"https:\/\/paddleshifterz.com\/?post_type=product&#038;p=70635"},"modified":"2025-11-20T09:35:46","modified_gmt":"2025-11-20T08:35:46","slug":"oem-bmw-carbon-fiber-front-splitter-for-g80-m3-51-19-2-475-168","status":"publish","type":"product","link":"https:\/\/paddleshifterz.com\/de\/oem-bmw-carbon-fiber-front-splitter-for-g80-m3-51-19-2-475-168\/","title":{"rendered":"OEM BMW Carbonfaser Frontsplitter G80, G81 - 51192475168"},"content":{"rendered":"<h2>Spezifikationen<\/h2>\n<ul>\n<li>Der Frontaufsatz verleiht dem Fahrzeug eine markante und charakteristische Frontansicht.<\/li>\n<li>Eine T\u00dcV-Eintragung ist nicht erforderlich.<\/li>\n<li>Die M Performance Exterieurkomponenten verf\u00fcgen \u00fcber eine optimale Aerodynamik und verst\u00e4rken das sportliche Handling.<\/li>\n<li>Der Frontanbau wurde u. a. auf Fu\u00dfg\u00e4ngerschutzanforderungen gepr\u00fcft. Alle gesetzlichen Anforderungen werden erf\u00fcllt.<\/li>\n<li>Die Karbonkomponente besteht aus kohlefaserverst\u00e4rktem Kunststoff (CFK) und ist mit Klarlack versiegelt.<\/li>\n<li>Die Materialien sind UV- und temperaturbest\u00e4ndig.<\/li>\n<li>Der Einbau des Heckspoilers ist nicht zwingend mit dem Einbau des Frontaufsatzes verbunden, aber ein optimales Fahrverhalten kann nur durch die Kombination beider Produkte erreicht werden.<\/li>\n<li>Die Montage muss in einem Temperaturbereich von 18\u00b0C bis 35\u00b0C erfolgen.<\/li>\n<li>Bei der Befestigung von Au\u00dfenbauteilen mit Fl\u00fcssigkleber (z.B. Betalink 1K) sind die Aush\u00e4rtezeiten der verwendeten Klebstoffe zu beachten.<\/li>\n<li>In der Regel darf das Fahrzeug 24 Stunden lang nicht bewegt werden.<\/li>\n<li>Das Fahrzeug ist erst nach 48 Stunden f\u00fcr Waschanlagen geeignet.<\/li>\n<li>Alle Teile m\u00fcssen vor dem Einbau in das Fahrzeug auf ihre Passgenauigkeit \u00fcberpr\u00fcft werden.<\/li>\n<li>Alle Klebefl\u00e4chen m\u00fcssen absolut trocken, sauber und frei von Wachs und Fett sein.<\/li>\n<\/ul>\n<h2>Lieferumfang<\/h2>\n<ul>\n<li>1M Performance Carbon Frontaufsatz.<\/li>\n<li><span style=\"color: #555555; font-size: 14.4px;\">Teilenummer:<\/span>\n<ul>\n<li><strong><span style=\"color: #555555; font-size: 14.4px;\">51 19 2 475 168, 51192475168<\/span><\/strong><\/li>\n<\/ul>\n<\/li>\n<li><span style=\"color: #555555; font-size: 14.4px;\">Dieser Bausatz enth\u00e4lt den Kohlefaser-Splitter (kompletter Bausatz) + die notwendigen Nieten, falls ben\u00f6tigt\/ausgew\u00e4hlt.<\/span><\/li>\n<\/ul>\n<h2>Passende Fahrzeuge<\/h2>\n<ul>\n<li><a href=\"https:\/\/paddleshifterz.com\/de\/vehicles\/bmw-g80-m3\/\">BMW G80 M3<\/a><\/li>\n<li><a href=\"https:\/\/paddleshifterz.com\/de\/vehicles\/bmw-g81-m3-touring\/\">BMW G81 M3 Touring<\/a><\/li>\n<\/ul>","protected":false},"excerpt":{"rendered":"<p>Dieser original M Performance Frontaufsatz ist aus Carbon gefertigt. Passend zum optionalen Carbon-Paket (SA71C) unterstreicht der M Performance Frontaufsatz die sportliche und attraktive Optik des BMW M3 oder M4. Er wurde speziell f\u00fcr die M3 Limousine und das M4 Coup\u00e9 entwickelt und kann auch ohne das optionale Carbon-Paket (SA71C) montiert werden.<\/p>","protected":false},"featured_media":70636,"template":"","meta":{"bwfblock_default_font":""},"product_brand":[],"product_cat":[1113,1317],"product_tag":[],"class_list":{"0":"post-70635","1":"product","2":"type-product","3":"status-publish","4":"has-post-thumbnail","6":"product_cat-exterior","7":"product_cat-front-bumper-and-accessories","8":"product_shipping_class-oversized-items","9":"pa_brand-bmw","10":"pa_product-type-oem-original-equipment-manufacturer","11":"pa_vehicles-bmw-g80-m3","12":"pa_vehicles-bmw-g81-m3-touring","13":"pa_vehicles-bmw-g82-m4","15":"first","16":"onbackorder","17":"virtual","18":"taxable","19":"purchasable","20":"product-type-bundle"},"bundled_by":[],"bundle_stock_status":"instock","bundle_stock_quantity":"","bundle_virtual":false,"bundle_layout":"default","bundle_add_to_cart_form_location":"default","bundle_editable_in_cart":false,"bundle_sold_individually_context":"product","bundle_item_grouping":"parent","bundle_min_size":"","bundle_max_size":"","bundle_price":{"price":{"min":{"incl_tax":"2168.28","excl_tax":"1822.09"},"max":{"incl_tax":"2168.28","excl_tax":"1822.09"}},"regular_price":{"min":{"incl_tax":"2168.28","excl_tax":"1822.09"},"max":{"incl_tax":"2168.28","excl_tax":"1822.09"}}},"bundled_items":[{"bundled_item_id":184,"product_id":78213,"menu_order":0,"quantity_min":1,"quantity_max":1,"quantity_default":1,"priced_individually":true,"shipped_individually":false,"override_title":false,"title":"OEM BMW Carbonfaser Frontsplitter f\u00fcr G8X - 51192475168","override_description":true,"description":"","optional":false,"hide_thumbnail":false,"discount":"","override_variations":false,"allowed_variations":[],"override_default_variation_attributes":false,"default_variation_attributes":[],"single_product_visibility":"visible","cart_visibility":"visible","order_visibility":"visible","single_product_price_visibility":"visible","cart_price_visibility":"visible","order_price_visibility":"visible","stock_status":"on_backorder"},{"bundled_item_id":185,"product_id":70196,"menu_order":1,"quantity_min":10,"quantity_max":10,"quantity_default":10,"priced_individually":true,"shipped_individually":false,"override_title":true,"title":"10x expanding rivet (Part nr.: 17 11 1 712 963)","override_description":true,"description":"For the installation you'd need 10x of these rivets.","optional":false,"hide_thumbnail":false,"discount":"","override_variations":false,"allowed_variations":[],"override_default_variation_attributes":false,"default_variation_attributes":[],"single_product_visibility":"visible","cart_visibility":"visible","order_visibility":"visible","single_product_price_visibility":"visible","cart_price_visibility":"visible","order_price_visibility":"visible","stock_status":"on_backorder"},{"bundled_item_id":186,"product_id":85040,"menu_order":2,"quantity_min":2,"quantity_max":2,"quantity_default":2,"priced_individually":true,"shipped_individually":false,"override_title":true,"title":"2x Spreizniet (Art.-Nr.: 07 14 7 401 727)","override_description":true,"description":"For the installation you'd need 2x of these rivets.","optional":false,"hide_thumbnail":false,"discount":"","override_variations":false,"allowed_variations":[],"override_default_variation_attributes":false,"default_variation_attributes":[],"single_product_visibility":"visible","cart_visibility":"visible","order_visibility":"visible","single_product_price_visibility":"visible","cart_price_visibility":"visible","order_price_visibility":"visible","stock_status":"on_backorder"}],"bundle_sell_ids":[],"_links":{"self":[{"href":"https:\/\/paddleshifterz.com\/de\/wp-json\/wp\/v2\/product\/70635","targetHints":{"allow":["GET"]}}],"collection":[{"href":"https:\/\/paddleshifterz.com\/de\/wp-json\/wp\/v2\/product"}],"about":[{"href":"https:\/\/paddleshifterz.com\/de\/wp-json\/wp\/v2\/types\/product"}],"wp:featuredmedia":[{"embeddable":true,"href":"https:\/\/paddleshifterz.com\/de\/wp-json\/wp\/v2\/media\/70636"}],"wp:attachment":[{"href":"https:\/\/paddleshifterz.com\/de\/wp-json\/wp\/v2\/media?parent=70635"}],"wp:term":[{"taxonomy":"product_brand","embeddable":true,"href":"https:\/\/paddleshifterz.com\/de\/wp-json\/wp\/v2\/product_brand?post=70635"},{"taxonomy":"product_cat","embeddable":true,"href":"https:\/\/paddleshifterz.com\/de\/wp-json\/wp\/v2\/product_cat?post=70635"},{"taxonomy":"product_tag","embeddable":true,"href":"https:\/\/paddleshifterz.com\/de\/wp-json\/wp\/v2\/product_tag?post=70635"}],"curies":[{"name":"wp","href":"https:\/\/api.w.org\/{rel}","templated":true}]}}