{"id":71025,"date":"2022-10-31T14:43:30","date_gmt":"2022-10-31T13:43:30","guid":{"rendered":"https:\/\/paddleshifterz.com\/?post_type=product&#038;p=71025"},"modified":"2026-03-22T09:43:02","modified_gmt":"2026-03-22T08:43:02","slug":"oem-bmw-g82-m4-csl-strut-brace-51617885847","status":"publish","type":"product","link":"https:\/\/paddleshifterz.com\/de\/oem-bmw-g82-m4-csl-strut-brace-51617885847\/","title":{"rendered":"OEM BMW G82 M4 CSL Domstrebe - 51617885847"},"content":{"rendered":"<h2>Das Paket enth\u00e4lt<\/h2>\n<ul>\n<li>51617885847 &#8211; OEM BMW Strut brace<\/li>\n<\/ul>\n<h2>Passende Fahrzeuge<\/h2>\n<p>Diese OEM BMW Federbeinbr\u00fccke wurde zuerst im BMW G82 M4 CSL eingef\u00fchrt. Passt f\u00fcr die folgenden Fahrzeuge:<\/p>\n<ul>\n<li style=\"list-style-type: none;\">\n<ul>\n<li><a href=\"https:\/\/paddleshifterz.com\/de\/vehicles\/bmw-g87-m2\/\">BMW G87 M2<\/a><\/li>\n<li><a href=\"https:\/\/paddleshifterz.com\/de\/vehicles\/bmw-g80-m3\/\">BMW G80 M3<\/a><\/li>\n<li>BMW G80 M3 CS<\/li>\n<li><a href=\"https:\/\/paddleshifterz.com\/de\/vehicles\/bmw-g81-m3-touring\/\">BMW G81 M3 Touring<\/a><\/li>\n<li><a href=\"https:\/\/paddleshifterz.com\/de\/vehicles\/bmw-g82-m4\/\">BMW G82 M4\u00a0<\/a><\/li>\n<li><a href=\"https:\/\/paddleshifterz.com\/de\/vehicles\/bmw-g82-m4-csl\/\">BMW G82 M4 CSL<\/a><\/li>\n<li>BMW G82 M4 CS<\/li>\n<li><a href=\"https:\/\/paddleshifterz.com\/de\/vehicles\/bmw-g83-m4\/\">BMW G83 M4<\/a><\/li>\n<\/ul>\n<\/li>\n<\/ul>\n<p>Teilenummer: 51617885847<\/p>\n<p>&nbsp;<\/p>","protected":false},"excerpt":{"rendered":"<p>OEM BMW CSL Domstrebe, die zuerst im BMW G82 M4 CSL eingef\u00fchrt wurde und sp\u00e4ter auch f\u00fcr den M3 CS verf\u00fcgbar war. Die Domstrebe kann f\u00fcr alle M2, M3 und M4 Modelle der G-Serie Linie nachger\u00fcstet werden.<\/p>\n<p>SKU: 51617885847<\/p>","protected":false},"featured_media":71156,"template":"","meta":{"bwfblock_default_font":""},"product_brand":[],"product_cat":[1308,1727],"product_tag":[],"class_list":{"0":"post-71025","1":"product","2":"type-product","3":"status-publish","4":"has-post-thumbnail","6":"product_cat-engine-bay","7":"product_cat-performance","8":"product_shipping_class-shifterz","9":"pa_brand-bmw","10":"pa_product-type-oem-original-equipment-manufacturer","11":"pa_vehicles-bmw-g80-m3","12":"pa_vehicles-bmw-g81-m3-touring","13":"pa_vehicles-bmw-g82-m4-csl","14":"pa_vehicles-bmw-g82-m4","15":"pa_vehicles-bmw-g83-m4","16":"pa_vehicles-bmw-g87-m2","18":"first","19":"onbackorder","20":"sold-individually","21":"taxable","22":"shipping-taxable","23":"purchasable","24":"product-type-simple"},"bundled_by":[],"bundle_stock_status":"onbackorder","bundle_stock_quantity":-1,"bundle_virtual":false,"bundle_layout":"","bundle_add_to_cart_form_location":"","bundle_editable_in_cart":false,"bundle_sold_individually_context":"","bundle_item_grouping":"","bundle_min_size":"","bundle_max_size":"","bundle_price":[],"bundled_items":[],"bundle_sell_ids":[],"_links":{"self":[{"href":"https:\/\/paddleshifterz.com\/de\/wp-json\/wp\/v2\/product\/71025","targetHints":{"allow":["GET"]}}],"collection":[{"href":"https:\/\/paddleshifterz.com\/de\/wp-json\/wp\/v2\/product"}],"about":[{"href":"https:\/\/paddleshifterz.com\/de\/wp-json\/wp\/v2\/types\/product"}],"wp:featuredmedia":[{"embeddable":true,"href":"https:\/\/paddleshifterz.com\/de\/wp-json\/wp\/v2\/media\/71156"}],"wp:attachment":[{"href":"https:\/\/paddleshifterz.com\/de\/wp-json\/wp\/v2\/media?parent=71025"}],"wp:term":[{"taxonomy":"product_brand","embeddable":true,"href":"https:\/\/paddleshifterz.com\/de\/wp-json\/wp\/v2\/product_brand?post=71025"},{"taxonomy":"product_cat","embeddable":true,"href":"https:\/\/paddleshifterz.com\/de\/wp-json\/wp\/v2\/product_cat?post=71025"},{"taxonomy":"product_tag","embeddable":true,"href":"https:\/\/paddleshifterz.com\/de\/wp-json\/wp\/v2\/product_tag?post=71025"}],"curies":[{"name":"wp","href":"https:\/\/api.w.org\/{rel}","templated":true}]}}