{"id":71060,"date":"2022-11-03T12:55:29","date_gmt":"2022-11-03T11:55:29","guid":{"rendered":"https:\/\/paddleshifterz.com\/?post_type=product&#038;p=71060"},"modified":"2026-03-23T13:35:02","modified_gmt":"2026-03-23T12:35:02","slug":"oem-bmw-gloss-black-center-console-trim-g82-m4","status":"publish","type":"product","link":"https:\/\/paddleshifterz.com\/de\/oem-bmw-gloss-black-center-console-trim-g82-m4\/","title":{"rendered":"OEM Blende Zentrale Bedieneinheit M4 Competition"},"content":{"rendered":"","protected":false},"excerpt":{"rendered":"<p>OEM BMW Mittelkonsolenabdeckung f\u00fcr den BMW G82 und G83 M4 Competition. Verf\u00fcgbar f\u00fcr Links- und Rechtslenker.<\/p>\n<p>Teilenummern:<\/p>\n<p>LL: 65829501549 (Linkslenker)<br \/>\nRL: 65829501550 (rechtslenker)<\/p>\n<p>F\u00fcr die Modelle G80 M3 und G81 M3 Touring, <a href=\"https:\/\/paddleshifterz.com\/de\/oem-bmw-gloss-black-center-console-trim-g80-g81-m3\/\">w\u00e4hlen Sie bitte diese gl\u00e4nzend schwarze M3 Blende<\/a>.<\/p>","protected":false},"featured_media":71142,"template":"","meta":{"bwfblock_default_font":""},"product_brand":[],"product_cat":[593],"product_tag":[],"class_list":{"0":"post-71060","1":"product","2":"type-product","3":"status-publish","4":"has-post-thumbnail","6":"product_cat-interior","7":"product_shipping_class-shifterz","8":"pa_brand-bmw","9":"pa_product-type-oem-original-equipment-manufacturer","10":"pa_vehicles-bmw-g82-m4-csl","11":"pa_vehicles-bmw-g82-m4","13":"first","14":"onbackorder","15":"taxable","16":"shipping-taxable","17":"purchasable","18":"product-type-variable"},"bundled_by":[],"bundle_stock_status":"onbackorder","bundle_stock_quantity":null,"bundle_virtual":false,"bundle_layout":"","bundle_add_to_cart_form_location":"","bundle_editable_in_cart":false,"bundle_sold_individually_context":"","bundle_item_grouping":"","bundle_min_size":"","bundle_max_size":"","bundle_price":[],"bundled_items":[],"bundle_sell_ids":[],"_links":{"self":[{"href":"https:\/\/paddleshifterz.com\/de\/wp-json\/wp\/v2\/product\/71060","targetHints":{"allow":["GET"]}}],"collection":[{"href":"https:\/\/paddleshifterz.com\/de\/wp-json\/wp\/v2\/product"}],"about":[{"href":"https:\/\/paddleshifterz.com\/de\/wp-json\/wp\/v2\/types\/product"}],"wp:featuredmedia":[{"embeddable":true,"href":"https:\/\/paddleshifterz.com\/de\/wp-json\/wp\/v2\/media\/71142"}],"wp:attachment":[{"href":"https:\/\/paddleshifterz.com\/de\/wp-json\/wp\/v2\/media?parent=71060"}],"wp:term":[{"taxonomy":"product_brand","embeddable":true,"href":"https:\/\/paddleshifterz.com\/de\/wp-json\/wp\/v2\/product_brand?post=71060"},{"taxonomy":"product_cat","embeddable":true,"href":"https:\/\/paddleshifterz.com\/de\/wp-json\/wp\/v2\/product_cat?post=71060"},{"taxonomy":"product_tag","embeddable":true,"href":"https:\/\/paddleshifterz.com\/de\/wp-json\/wp\/v2\/product_tag?post=71060"}],"curies":[{"name":"wp","href":"https:\/\/api.w.org\/{rel}","templated":true}]}}