{"id":71102,"date":"2022-11-07T07:16:20","date_gmt":"2022-11-07T06:16:20","guid":{"rendered":"https:\/\/paddleshifterz.com\/?post_type=product&#038;p=71102"},"modified":"2025-11-18T10:56:00","modified_gmt":"2025-11-18T09:56:00","slug":"oem-bmw-m-performance-carbon-fiber-front-grille-8-series-g14-g15-g16-51-71-2-472-045","status":"publish","type":"product","link":"https:\/\/paddleshifterz.com\/de\/oem-bmw-m-performance-carbon-fiber-front-grille-8-series-g14-g15-g16-51-71-2-472-045\/","title":{"rendered":"OEM BMW M Performance Carbon Frontziergitter - 51712472045"},"content":{"rendered":"<div title=\"F\u00fcr Fahrzeuge mit Parkhilfesystem Plus\">\n<p>Der BMW M Performance Frontgrill unterstreicht die sportliche Optik des Fahrzeugs.<\/p>\n<p>Im Vergleich zur Serie bieten sie eine einzigartige M\u00f6glichkeit, sich durch die Verwendung von hochwertigem Sichtcarbon zu differenzieren. Die Ziergitter wurden speziell f\u00fcr die angegebene Fahrzeugserie entwickelt und sind ein passgenauer 100%. Sie sind perfekt auf das Fahrzeugdesign abgestimmt und mit allen anderen M Performance Parts koordiniert. Der Einbau des Ziergitters ist nur in Verbindung mit der Sonderausstattung \"Einparkhilfe Plus\" (SA5DN) m\u00f6glich. Nach verschiedenen Tests wurde der M Performance Frontgrill nach den strengen Qualit\u00e4tsrichtlinien der BMW Group freigegeben. Alle gesetzlichen Anforderungen werden erf\u00fcllt. Eine separate T\u00dcV-Eintragung ist nicht erforderlich, da der Ziergrill bereits mit dem Gesamtfahrzeug homologiert wurde.<\/p>\n<h2>Passende Fahrzeuge<\/h2>\n<p>Geeignet f\u00fcr alle BMW 8er Fahrzeuge:<\/p>\n<ul>\n<li><a href=\"https:\/\/paddleshifterz.com\/de\/vehicles\/bmw-g14-g15-g16\/\">BMW G14<\/a><\/li>\n<li><a href=\"https:\/\/paddleshifterz.com\/de\/vehicles\/bmw-g14-g15-g16\/\">BMW G15<\/a><\/li>\n<li><a href=\"https:\/\/paddleshifterz.com\/de\/vehicles\/bmw-g14-g15-g16\/\">BMW G16<\/a><\/li>\n<\/ul>\n<h2>Funktionsweise<\/h2>\n<p>Nur Original BMW Zubeh\u00f6r garantiert eine perfekte Passform. Die Carbon-Frontgrills werden gegen die Seriengrills ausgetauscht. Die Montage ist die gleiche wie bei den Serienteilen.<\/p>\n<\/div>\n<div class=\"p5_table_cell p5t1_description\" title=\"F\u00fcr Fahrzeuge mit Parkhilfesystem Plus\"><strong>F\u00fcr Fahrzeuge mit Parkassistenzsystem Plus: S5DNA = Ja<br \/>\nTeilenummern: 51 71 2 472 045, 51712472045<\/strong><\/div>","protected":false},"excerpt":{"rendered":"<div title=\"F\u00fcr Fahrzeuge mit Parkhilfesystem Plus\">OEM BMW M Performance Frontgrill f\u00fcr Fahrzeuge mit SA5DN (iCam) f\u00fcr BMW 8er G14, G15, G16.<\/div>\n<div title=\"F\u00fcr Fahrzeuge mit Parkhilfesystem Plus\"><\/div>\n<div title=\"F\u00fcr Fahrzeuge mit Parkhilfesystem Plus\">SKU: 51712472045<\/div>","protected":false},"featured_media":71103,"template":"","meta":{"bwfblock_default_font":""},"product_brand":[],"product_cat":[1113,1095],"product_tag":[],"class_list":{"0":"post-71102","1":"product","2":"type-product","3":"status-publish","4":"has-post-thumbnail","6":"product_cat-exterior","7":"product_cat-front-grilles","8":"product_shipping_class-shifterz","9":"pa_brand-bmw","10":"pa_brand-m-performance","11":"pa_product-type-oem-original-equipment-manufacturer","12":"pa_vehicles-bmw-g14-g15-g16","14":"first","15":"onbackorder","16":"taxable","17":"shipping-taxable","18":"purchasable","19":"product-type-simple"},"bundled_by":[],"bundle_stock_status":"onbackorder","bundle_stock_quantity":0,"bundle_virtual":false,"bundle_layout":"","bundle_add_to_cart_form_location":"","bundle_editable_in_cart":false,"bundle_sold_individually_context":"","bundle_item_grouping":"","bundle_min_size":"","bundle_max_size":"","bundle_price":[],"bundled_items":[],"bundle_sell_ids":[],"_links":{"self":[{"href":"https:\/\/paddleshifterz.com\/de\/wp-json\/wp\/v2\/product\/71102","targetHints":{"allow":["GET"]}}],"collection":[{"href":"https:\/\/paddleshifterz.com\/de\/wp-json\/wp\/v2\/product"}],"about":[{"href":"https:\/\/paddleshifterz.com\/de\/wp-json\/wp\/v2\/types\/product"}],"wp:featuredmedia":[{"embeddable":true,"href":"https:\/\/paddleshifterz.com\/de\/wp-json\/wp\/v2\/media\/71103"}],"wp:attachment":[{"href":"https:\/\/paddleshifterz.com\/de\/wp-json\/wp\/v2\/media?parent=71102"}],"wp:term":[{"taxonomy":"product_brand","embeddable":true,"href":"https:\/\/paddleshifterz.com\/de\/wp-json\/wp\/v2\/product_brand?post=71102"},{"taxonomy":"product_cat","embeddable":true,"href":"https:\/\/paddleshifterz.com\/de\/wp-json\/wp\/v2\/product_cat?post=71102"},{"taxonomy":"product_tag","embeddable":true,"href":"https:\/\/paddleshifterz.com\/de\/wp-json\/wp\/v2\/product_tag?post=71102"}],"curies":[{"name":"wp","href":"https:\/\/api.w.org\/{rel}","templated":true}]}}