{"id":71258,"date":"2022-11-14T13:27:37","date_gmt":"2022-11-14T12:27:37","guid":{"rendered":"https:\/\/paddleshifterz.com\/?post_type=product&#038;p=71258"},"modified":"2025-11-03T07:18:55","modified_gmt":"2025-11-03T06:18:55","slug":"oem-bmw-primed-m-mirror-caps-g30-g31-51168073273-51168073274","status":"publish","type":"product","link":"https:\/\/paddleshifterz.com\/de\/oem-bmw-primed-m-mirror-caps-g30-g31-51168073273-51168073274\/","title":{"rendered":"OEM BMW Grundierte Spiegelkappen G30 51168073273-51168073274"},"content":{"rendered":"","protected":false},"excerpt":{"rendered":"<p>OEM BMW Teil f\u00fcr BMW G-Serie G30, G31. Wandeln Sie Ihre Standard-Spiegel in \/\/\/M-Stil Spiegel, genau wie in der M5. Um das Upgrade zu vervollst\u00e4ndigen, w\u00fcrden Sie die St\u00fctzringe als auch ben\u00f6tigen, <a href=\"https:\/\/paddleshifterz.com\/de\/produkt\/oem-bmw-gloss-black-supporting-ring-for-m-mirror-caps-51168064655-51168064656\/\">Sie finden sie hier.<\/a><\/p>\n<ul>\n<li>Ausf\u00fchrung: grundiert (muss noch lackiert werden, um der Au\u00dfenfarbe Ihres Fahrzeugs zu entsprechen)<\/li>\n<li>Material: Kunststoff<\/li>\n<li>Das Paket enth\u00e4lt sowohl die linke als auch die rechte Seite.<\/li>\n<\/ul>","protected":false},"featured_media":72067,"template":"","meta":{"bwfblock_default_font":""},"product_brand":[],"product_cat":[1113,1114],"product_tag":[],"class_list":{"0":"post-71258","1":"product","2":"type-product","3":"status-publish","4":"has-post-thumbnail","6":"product_cat-exterior","7":"product_cat-mirror-caps-accessories","8":"product_shipping_class-shifterz","9":"pa_brand-bmw","10":"pa_product-type-oem-original-equipment-manufacturer","11":"pa_vehicles-bmw-g30","12":"pa_vehicles-bmw-g31","14":"first","15":"onbackorder","16":"taxable","17":"shipping-taxable","18":"purchasable","19":"product-type-simple"},"bundled_by":[],"bundle_stock_status":"onbackorder","bundle_stock_quantity":-1,"bundle_virtual":false,"bundle_layout":"","bundle_add_to_cart_form_location":"","bundle_editable_in_cart":false,"bundle_sold_individually_context":"","bundle_item_grouping":"","bundle_min_size":"","bundle_max_size":"","bundle_price":[],"bundled_items":[],"bundle_sell_ids":[],"_links":{"self":[{"href":"https:\/\/paddleshifterz.com\/de\/wp-json\/wp\/v2\/product\/71258","targetHints":{"allow":["GET"]}}],"collection":[{"href":"https:\/\/paddleshifterz.com\/de\/wp-json\/wp\/v2\/product"}],"about":[{"href":"https:\/\/paddleshifterz.com\/de\/wp-json\/wp\/v2\/types\/product"}],"wp:featuredmedia":[{"embeddable":true,"href":"https:\/\/paddleshifterz.com\/de\/wp-json\/wp\/v2\/media\/72067"}],"wp:attachment":[{"href":"https:\/\/paddleshifterz.com\/de\/wp-json\/wp\/v2\/media?parent=71258"}],"wp:term":[{"taxonomy":"product_brand","embeddable":true,"href":"https:\/\/paddleshifterz.com\/de\/wp-json\/wp\/v2\/product_brand?post=71258"},{"taxonomy":"product_cat","embeddable":true,"href":"https:\/\/paddleshifterz.com\/de\/wp-json\/wp\/v2\/product_cat?post=71258"},{"taxonomy":"product_tag","embeddable":true,"href":"https:\/\/paddleshifterz.com\/de\/wp-json\/wp\/v2\/product_tag?post=71258"}],"curies":[{"name":"wp","href":"https:\/\/api.w.org\/{rel}","templated":true}]}}