{"id":71329,"date":"2022-11-21T21:17:43","date_gmt":"2022-11-21T20:17:43","guid":{"rendered":"https:\/\/paddleshifterz.com\/?post_type=product&#038;p=71329"},"modified":"2026-02-26T11:22:55","modified_gmt":"2026-02-26T10:22:55","slug":"oem-bmw-interior-mirror-with-garage-door-opener-10-polig-51-16-2-471-107","status":"publish","type":"product","link":"https:\/\/paddleshifterz.com\/de\/oem-bmw-interior-mirror-with-garage-door-opener-10-polig-51-16-2-471-107\/","title":{"rendered":"OEM BMW Innenspiegel mit Garagen\u00f6ffner - 51162471107"},"content":{"rendered":"","protected":false},"excerpt":{"rendered":"<p>Der rahmenlose Fahrzeuginnenspiegel hat eine integrierte Universalfernbedienung. Sie ist selbstlernend und erm\u00f6glicht das \u00d6ffnen und Schlie\u00dfen von z.B. Garagen- und Haust\u00fcren vom Fahrzeug aus.<\/p>\n<p>Das System ist mit fast allen Garagen- und Objekttoren kompatibel und ersetzt bis zu drei separate Fernbedienungen. Als zus\u00e4tzliches Merkmal ist dieser Innenspiegel automatisch abblendbar. Er ist auch mit dem Diebstahlwarnsystem kompatibel.<\/p>\n<p>Der Innenspiegel kann nur in Verbindung mit einer der folgenden Sonderausstattungen eingebaut werden:<\/p>\n<ul>\n<li>abblendbare Innen- und Au\u00dfenspiegel (SA 430)<\/li>\n<li>Innenspiegel abblendbar (SA 431)<\/li>\n<\/ul>\n<p>F\u00fcr die Option Fernlichtassistent (SA 5AC) sind die zus\u00e4tzlichen Einbauvorschriften im EPC zu finden.<\/p>\n<ul>\n<li>innovativer Innenspiegel in rahmenlosem Design<\/li>\n<li>perfekte Integration von bis zu drei Funkfernbedienungen in den Innenspiegel<\/li>\n<li>Einfaches und schnelles Einlernen der integrierten Universal-Fernbedienung am Garagen-\/Grundst\u00fcckstor<\/li>\n<li>Bequeme Bedienung \u00fcber die Schalter am Innenspiegel<\/li>\n<li>Erh\u00f6hte Reichweite durch stabile Stromversorgung - keine leeren Batterien mehr<\/li>\n<li>Verbesserter Diebstahlschutz, da das System nur funktioniert, wenn die Z\u00fcndung eingeschaltet ist<\/li>\n<li>automatisch abblendend (elektrochromer Spiegel)<\/li>\n<li>individuell einstellbarer Spiegelkopf<\/li>\n<\/ul>\n<p><strong>Material:<\/strong><\/p>\n<ul>\n<li>Spiegelsockel: stabiler Metallsockel mit mattschwarzer Oberfl\u00e4che<\/li>\n<li>Spiegelkopf: hochwertiges Kunststoffgeh\u00e4use mit rahmenloser Glasfl\u00e4che<\/li>\n<\/ul>\n<p><strong>Technische Daten:<\/strong><\/p>\n<ul>\n<li>\u00dcbertragungsfrequenzen: 434 MHz, 868 MHz<\/li>\n<li>Abmessungen Spiegelfl\u00e4che: 248 x 65 mm<\/li>\n<li>Gesamtabmessungen: 248 x 112 x 65 mm<\/li>\n<li>Gewicht: 518 Gramm<\/li>\n<li>Nicht kompatibel mit US-Fahrzeugen (wegen der Frequenzkompatibilit\u00e4t)<\/li>\n<\/ul>\n<p>Bitte pr\u00fcfen Sie die Kompatibilit\u00e4t des Garagentors.<\/p>\n<p><strong>Durchf\u00fchrung der Funktionspr\u00fcfung<\/strong><\/p>\n<ul>\n<li>Machen Sie das Fahrzeug betriebsbereit.<\/li>\n<li>Erste Inbetriebnahme: Dr\u00fccken und halten Sie die beiden \u00e4u\u00dferen Tasten am Innenspiegel gleichzeitig f\u00fcr ca. 10 Sekunden, bis die LED am Innenspiegel schnell gr\u00fcn blinkt. Alle Programmierungen der Tasten des Innenspiegels werden gel\u00f6scht.<\/li>\n<li>Dr\u00fccken Sie die zu programmierende Taste am Innenspiegel. Die LED am Innenspiegel blinkt langsam orange.<\/li>\n<li>Halten Sie den Handsender des zu bedienenden Systems in einem Abstand von ca. 2,5 bis 30 cm zu den Tasten am Innenspiegel. Der erforderliche Abstand ist abh\u00e4ngig vom Handsender.<\/li>\n<li>Dr\u00fccken und halten Sie die Tasten der gew\u00fcnschten Funktion am Handsender.\n<ul>\n<li>LED gr\u00fcn = System kompatibel<\/li>\n<li>LED blinkt weiterhin orange = System nicht kompatibel<\/li>\n<\/ul>\n<\/li>\n<\/ul>","protected":false},"featured_media":71589,"template":"","meta":{"bwfblock_default_font":""},"product_brand":[],"product_cat":[593],"product_tag":[],"class_list":{"0":"post-71329","1":"product","2":"type-product","3":"status-publish","4":"has-post-thumbnail","6":"product_cat-interior","7":"product_shipping_class-shifterz","8":"pa_brand-bmw","9":"pa_product-type-oem-original-equipment-manufacturer","10":"pa_vehicles-bmw-f22-f23","11":"pa_vehicles-bmw-f30","12":"pa_vehicles-bmw-f31","13":"pa_vehicles-bmw-f32","14":"pa_vehicles-bmw-f33","15":"pa_vehicles-bmw-f34","16":"pa_vehicles-bmw-f36","17":"pa_vehicles-bmw-f39-x2","18":"pa_vehicles-bmw-f45","19":"pa_vehicles-bmw-f48-x1","21":"first","22":"onbackorder","23":"taxable","24":"shipping-taxable","25":"purchasable","26":"product-type-simple"},"bundled_by":[],"bundle_stock_status":"onbackorder","bundle_stock_quantity":0,"bundle_virtual":false,"bundle_layout":"","bundle_add_to_cart_form_location":"","bundle_editable_in_cart":false,"bundle_sold_individually_context":"","bundle_item_grouping":"","bundle_min_size":"","bundle_max_size":"","bundle_price":[],"bundled_items":[],"bundle_sell_ids":[],"_links":{"self":[{"href":"https:\/\/paddleshifterz.com\/de\/wp-json\/wp\/v2\/product\/71329","targetHints":{"allow":["GET"]}}],"collection":[{"href":"https:\/\/paddleshifterz.com\/de\/wp-json\/wp\/v2\/product"}],"about":[{"href":"https:\/\/paddleshifterz.com\/de\/wp-json\/wp\/v2\/types\/product"}],"wp:featuredmedia":[{"embeddable":true,"href":"https:\/\/paddleshifterz.com\/de\/wp-json\/wp\/v2\/media\/71589"}],"wp:attachment":[{"href":"https:\/\/paddleshifterz.com\/de\/wp-json\/wp\/v2\/media?parent=71329"}],"wp:term":[{"taxonomy":"product_brand","embeddable":true,"href":"https:\/\/paddleshifterz.com\/de\/wp-json\/wp\/v2\/product_brand?post=71329"},{"taxonomy":"product_cat","embeddable":true,"href":"https:\/\/paddleshifterz.com\/de\/wp-json\/wp\/v2\/product_cat?post=71329"},{"taxonomy":"product_tag","embeddable":true,"href":"https:\/\/paddleshifterz.com\/de\/wp-json\/wp\/v2\/product_tag?post=71329"}],"curies":[{"name":"wp","href":"https:\/\/api.w.org\/{rel}","templated":true}]}}