{"id":71479,"date":"2022-11-30T07:50:22","date_gmt":"2022-11-30T06:50:22","guid":{"rendered":"https:\/\/paddleshifterz.com\/?post_type=product&#038;p=71479"},"modified":"2026-03-19T16:15:06","modified_gmt":"2026-03-19T15:15:06","slug":"oem-bmw-m-performance-pedals-for-manual-gearbox-35-00-2-232-276","status":"publish","type":"product","link":"https:\/\/paddleshifterz.com\/de\/oem-bmw-m-performance-pedals-for-manual-gearbox-35-00-2-232-276\/","title":{"rendered":"OEM BMW M Performance Pedale - 35002232276"},"content":{"rendered":"<h2>Details zum Produkt<\/h2>\n<p>Dynamic and sporty look The stainless steel pedals give the footwell a very high-quality impression. The series parts are completely covered The strong rubber profiles on the brake and clutch pedal offer a firm hold and protect against slipping Visually particularly appealing in combination with M Performance floor mats The M Performance stainless steel pedals do not require an addendum to the vehicle documents or an operating license to be carried along<\/p>\n<h2>Lieferumfang<\/h2>\n<p>Brems- und Kupplungspedalbelag<br \/>\nGaspedalauflage<\/p>","protected":false},"excerpt":{"rendered":"<p>Die M Performance Edelstahl-Pedalauflagen im neuen Design der M Fu\u00dfraste sind eine optisch ansprechende und funktionale Erg\u00e4nzung der M Performance Produkte. Die asymmetrische und dreidimensionale Gestaltung der Gummiprofile verleiht dem Fu\u00dfraum einen dynamischen Charakter. Die weit um die Standard-Pedale gezogenen Edelstahl-Pads verdecken diese vollst\u00e4ndig, was zu einer sehr hohen Anmutung der Pedale f\u00fchrt.<\/p>","protected":false},"featured_media":71480,"template":"","meta":{"bwfblock_default_font":""},"product_brand":[],"product_cat":[593],"product_tag":[],"class_list":{"0":"post-71479","1":"product","2":"type-product","3":"status-publish","4":"has-post-thumbnail","6":"product_cat-interior","7":"product_shipping_class-shifterz","8":"pa_brand-bmw","9":"pa_brand-m-performance","10":"pa_product-type-oem-original-equipment-manufacturer","11":"pa_vehicles-bmw-f20-f21","12":"pa_vehicles-bmw-f22-f23","13":"pa_vehicles-bmw-f30","14":"pa_vehicles-bmw-f31","15":"pa_vehicles-bmw-f32","16":"pa_vehicles-bmw-f33","17":"pa_vehicles-bmw-f34","18":"pa_vehicles-bmw-f36","19":"pa_vehicles-bmw-f80-m3","20":"pa_vehicles-bmw-f82-m4","21":"pa_vehicles-4-series-f83-m4","22":"pa_vehicles-bmw-f87-m2","24":"first","25":"onbackorder","26":"taxable","27":"shipping-taxable","28":"purchasable","29":"product-type-simple"},"bundled_by":[],"bundle_stock_status":"onbackorder","bundle_stock_quantity":-4,"bundle_virtual":false,"bundle_layout":"","bundle_add_to_cart_form_location":"","bundle_editable_in_cart":false,"bundle_sold_individually_context":"","bundle_item_grouping":"","bundle_min_size":"","bundle_max_size":"","bundle_price":[],"bundled_items":[],"bundle_sell_ids":[],"_links":{"self":[{"href":"https:\/\/paddleshifterz.com\/de\/wp-json\/wp\/v2\/product\/71479","targetHints":{"allow":["GET"]}}],"collection":[{"href":"https:\/\/paddleshifterz.com\/de\/wp-json\/wp\/v2\/product"}],"about":[{"href":"https:\/\/paddleshifterz.com\/de\/wp-json\/wp\/v2\/types\/product"}],"wp:featuredmedia":[{"embeddable":true,"href":"https:\/\/paddleshifterz.com\/de\/wp-json\/wp\/v2\/media\/71480"}],"wp:attachment":[{"href":"https:\/\/paddleshifterz.com\/de\/wp-json\/wp\/v2\/media?parent=71479"}],"wp:term":[{"taxonomy":"product_brand","embeddable":true,"href":"https:\/\/paddleshifterz.com\/de\/wp-json\/wp\/v2\/product_brand?post=71479"},{"taxonomy":"product_cat","embeddable":true,"href":"https:\/\/paddleshifterz.com\/de\/wp-json\/wp\/v2\/product_cat?post=71479"},{"taxonomy":"product_tag","embeddable":true,"href":"https:\/\/paddleshifterz.com\/de\/wp-json\/wp\/v2\/product_tag?post=71479"}],"curies":[{"name":"wp","href":"https:\/\/api.w.org\/{rel}","templated":true}]}}