{"id":71845,"date":"2023-01-01T10:45:22","date_gmt":"2023-01-01T09:45:22","guid":{"rendered":"https:\/\/paddleshifterz.com\/?post_type=product&#038;p=71845"},"modified":"2026-03-27T11:54:40","modified_gmt":"2026-03-27T10:54:40","slug":"original-bmw-gloss-black-centre-stack-trim-51165a0ef81-51165a0ef98","status":"publish","type":"product","link":"https:\/\/paddleshifterz.com\/de\/original-bmw-gloss-black-centre-stack-trim-51165a0ef81-51165a0ef98\/","title":{"rendered":"OEM BMW Schwarz Mittelkonsole - 51165A0EF81-51165A0EF98"},"content":{"rendered":"","protected":false},"excerpt":{"rendered":"<p>Original gl\u00e4nzend schwarze Mittelkonsolenverkleidung f\u00fcr die BMW G-Serie.<\/p>\n<ol>\n<li>Verkleidung Mittelkonsole in schwarz gl\u00e4nzend: 51165A0EF81 (LHD), 51165A0EF98 (RHD) (Nummer 1 im Bild)<\/li>\n<li><strong>Nur f\u00fcr Fahrzeuge mit Automatikgetriebe. F\u00fcr manuelles Getriebe, w\u00e4hlen Sie bitte <a href=\"https:\/\/paddleshifterz.com\/de\/produkt\/original-bmw-gloss-black-centre-stack-trim-51165a0ef86-51165a0ef99\/\">nehmen Sie dieses Produkt.<\/a><\/strong><\/li>\n<\/ol>","protected":false},"featured_media":68442,"template":"","meta":{"bwfblock_default_font":""},"product_brand":[],"product_cat":[593],"product_tag":[],"class_list":{"0":"post-71845","1":"product","2":"type-product","3":"status-publish","4":"has-post-thumbnail","6":"product_cat-interior","7":"product_shipping_class-shifterz","8":"pa_brand-bmw","9":"pa_product-type-oem-original-equipment-manufacturer","10":"pa_vehicles-bmw-g20","11":"pa_vehicles-bmw-g21","12":"pa_vehicles-bmw-g22","13":"pa_vehicles-bmw-g23","14":"pa_vehicles-bmw-g26-grancoupe","15":"pa_vehicles-bmw-g42","16":"pa_vehicles-bmw-g80-m3","17":"pa_vehicles-bmw-g81-m3-touring","18":"pa_vehicles-bmw-g82-m4","19":"pa_vehicles-bmw-g83-m4","20":"pa_vehicles-bmw-g87-m2","21":"pa_vehicles-bmw-i4-g26","23":"first","24":"onbackorder","25":"taxable","26":"shipping-taxable","27":"purchasable","28":"product-type-variable"},"bundled_by":["84782","68280","68079"],"bundle_stock_status":"onbackorder","bundle_stock_quantity":0,"bundle_virtual":false,"bundle_layout":"","bundle_add_to_cart_form_location":"","bundle_editable_in_cart":false,"bundle_sold_individually_context":"","bundle_item_grouping":"","bundle_min_size":"","bundle_max_size":"","bundle_price":[],"bundled_items":[],"bundle_sell_ids":[],"_links":{"self":[{"href":"https:\/\/paddleshifterz.com\/de\/wp-json\/wp\/v2\/product\/71845","targetHints":{"allow":["GET"]}}],"collection":[{"href":"https:\/\/paddleshifterz.com\/de\/wp-json\/wp\/v2\/product"}],"about":[{"href":"https:\/\/paddleshifterz.com\/de\/wp-json\/wp\/v2\/types\/product"}],"wp:featuredmedia":[{"embeddable":true,"href":"https:\/\/paddleshifterz.com\/de\/wp-json\/wp\/v2\/media\/68442"}],"wp:attachment":[{"href":"https:\/\/paddleshifterz.com\/de\/wp-json\/wp\/v2\/media?parent=71845"}],"wp:term":[{"taxonomy":"product_brand","embeddable":true,"href":"https:\/\/paddleshifterz.com\/de\/wp-json\/wp\/v2\/product_brand?post=71845"},{"taxonomy":"product_cat","embeddable":true,"href":"https:\/\/paddleshifterz.com\/de\/wp-json\/wp\/v2\/product_cat?post=71845"},{"taxonomy":"product_tag","embeddable":true,"href":"https:\/\/paddleshifterz.com\/de\/wp-json\/wp\/v2\/product_tag?post=71845"}],"curies":[{"name":"wp","href":"https:\/\/api.w.org\/{rel}","templated":true}]}}