{"id":72092,"date":"2023-01-20T17:23:25","date_gmt":"2023-01-20T16:23:25","guid":{"rendered":"https:\/\/paddleshifterz.com\/?post_type=product&#038;p=72092"},"modified":"2025-11-03T07:19:05","modified_gmt":"2025-11-03T06:19:05","slug":"oem-mini-led-door-projectors-2-generation-63312468387","status":"publish","type":"product","link":"https:\/\/paddleshifterz.com\/de\/oem-mini-led-door-projectors-2-generation-63312468387\/","title":{"rendered":"OEM MINI LED-T\u00fcrprojektoren 2. Generation - 63312468387"},"content":{"rendered":"","protected":false},"excerpt":{"rendered":"<h2>Die neuen MINI LED-T\u00fcrprojektoren mit verbesserter Projektionsqualit\u00e4t und \u00fcberdurchschnittlicher Lebensdauer machen das Ein- und Aussteigen zu einem einzigartigen Erlebnis.<\/h2>\n<p>Beim \u00d6ffnen der Autot\u00fcren wird eine Grafik auf den Boden neben dem Fahrzeug projiziert. Diese au\u00dfergew\u00f6hnliche Ausleuchtung des Eingangsbereichs vermittelt dem Fahrer, seinen Insassen und Passanten ein Gef\u00fchl von Exklusivit\u00e4t und Individualit\u00e4t. Neben dem MINI Logo ist auch das JCW Logo im Set mit dem T\u00fcrprojektor erh\u00e4ltlich und kann ohne gro\u00dfen Aufwand ausgetauscht werden.<\/p>\n<p>Vorteile<\/p>\n<ul>\n<li>Diaprojektion anstelle der Standard-Eingangsleuchte.<\/li>\n<li>Die Grafiken sind bereits in der D\u00e4mmerung gut sichtbar.<\/li>\n<li>Die Projektion wird automatisch aktiviert, wenn die T\u00fcren ge\u00f6ffnet werden.<\/li>\n<li>Es stehen verschiedene Grafiken zur Auswahl, mit denen Sie Ihre Bed\u00fcrfnisse nach Komfort, Sicherheit oder Individualisierung erf\u00fcllen k\u00f6nnen.<\/li>\n<li>Die T\u00fcrprojektoren erf\u00fcllen die strengen Qualit\u00e4ts- und Umweltanforderungen der BMW Group.<\/li>\n<\/ul>\n<p>Funktionsweise<\/p>\n<ul>\n<li>Die MINI LED-T\u00fcrstrahler beleuchten den Eingangsbereich und erh\u00f6hen so Sicherheit und Komfort.<\/li>\n<li>Der Einbau erfolgt problemlos im Austausch mit den vorhandenen T\u00fcrausgangsleuchten.<\/li>\n<li>Kompatibel f\u00fcr alle MINI Fahrzeuge mit Ausstiegsleuchte.<\/li>\n<\/ul>\n<p>Umfang der Lieferung<\/p>\n<ul>\n<li>2 T\u00fcrscheinwerfer mit MINI-Logo (2 St\u00fcck)<\/li>\n<li>Zusatzschiebersatz JCW-Logo (2 St\u00fcck)<\/li>\n<\/ul>","protected":false},"featured_media":72094,"template":"","meta":{"bwfblock_default_font":""},"product_brand":[],"product_cat":[593],"product_tag":[],"class_list":{"0":"post-72092","1":"product","2":"type-product","3":"status-publish","4":"has-post-thumbnail","6":"product_cat-interior","7":"product_shipping_class-shifterz","8":"pa_brand-mini","9":"pa_product-type-oem-original-equipment-manufacturer","10":"pa_vehicles-mini-f54","11":"pa_vehicles-mini-f55","12":"pa_vehicles-mini-f56","13":"pa_vehicles-mini-f56-gp3","14":"pa_vehicles-mini-f57","15":"pa_vehicles-mini-f60-countryman","17":"first","18":"onbackorder","19":"taxable","20":"shipping-taxable","21":"purchasable","22":"product-type-simple"},"bundled_by":[],"bundle_stock_status":"onbackorder","bundle_stock_quantity":-2,"bundle_virtual":false,"bundle_layout":"","bundle_add_to_cart_form_location":"","bundle_editable_in_cart":false,"bundle_sold_individually_context":"","bundle_item_grouping":"","bundle_min_size":"","bundle_max_size":"","bundle_price":[],"bundled_items":[],"bundle_sell_ids":[],"_links":{"self":[{"href":"https:\/\/paddleshifterz.com\/de\/wp-json\/wp\/v2\/product\/72092","targetHints":{"allow":["GET"]}}],"collection":[{"href":"https:\/\/paddleshifterz.com\/de\/wp-json\/wp\/v2\/product"}],"about":[{"href":"https:\/\/paddleshifterz.com\/de\/wp-json\/wp\/v2\/types\/product"}],"wp:featuredmedia":[{"embeddable":true,"href":"https:\/\/paddleshifterz.com\/de\/wp-json\/wp\/v2\/media\/72094"}],"wp:attachment":[{"href":"https:\/\/paddleshifterz.com\/de\/wp-json\/wp\/v2\/media?parent=72092"}],"wp:term":[{"taxonomy":"product_brand","embeddable":true,"href":"https:\/\/paddleshifterz.com\/de\/wp-json\/wp\/v2\/product_brand?post=72092"},{"taxonomy":"product_cat","embeddable":true,"href":"https:\/\/paddleshifterz.com\/de\/wp-json\/wp\/v2\/product_cat?post=72092"},{"taxonomy":"product_tag","embeddable":true,"href":"https:\/\/paddleshifterz.com\/de\/wp-json\/wp\/v2\/product_tag?post=72092"}],"curies":[{"name":"wp","href":"https:\/\/api.w.org\/{rel}","templated":true}]}}