{"id":72177,"date":"2023-01-29T18:25:12","date_gmt":"2023-01-29T17:25:12","guid":{"rendered":"https:\/\/paddleshifterz.com\/?post_type=product&#038;p=72177"},"modified":"2025-12-10T08:18:56","modified_gmt":"2025-12-10T07:18:56","slug":"oem-bmw-primed-m-mirror-caps-g-series-51168097351-51168097352","status":"publish","type":"product","link":"https:\/\/paddleshifterz.com\/de\/oem-bmw-primed-m-mirror-caps-g-series-51168097351-51168097352\/","title":{"rendered":"OEM BMW Grundierte M Spiegelkappen - 51168097351-51168097352"},"content":{"rendered":"","protected":false},"excerpt":{"rendered":"<p>OEM BMW Teil f\u00fcr BMW G-Serie. Konvertieren Sie Ihre Standard-Spiegel zu \/\/\/M-Stil Spiegel, genau wie in der X3M. Um das Upgrade zu vervollst\u00e4ndigen, w\u00fcrden Sie die St\u00fctzringe als auch ben\u00f6tigen, Sie <a href=\"https:\/\/paddleshifterz.com\/de\/oem-bmw-gloss-black-supporting-ring-for-m-mirror-caps-g-series-51168071003-51168071004\/\">k\u00f6nnen sie hier finden<\/a>.<\/p>\n<ul>\n<li>Ausf\u00fchrung: grundiert (muss noch lackiert werden, um der Au\u00dfenfarbe Ihres Fahrzeugs zu entsprechen)<\/li>\n<li>Material: Kunststoff<\/li>\n<li>Das Paket enth\u00e4lt sowohl die linke als auch die rechte Seite.<\/li>\n<\/ul>","protected":false},"featured_media":78720,"template":"","meta":{"bwfblock_default_font":""},"product_brand":[],"product_cat":[1113,1114],"product_tag":[],"class_list":{"0":"post-72177","1":"product","2":"type-product","3":"status-publish","4":"has-post-thumbnail","6":"product_cat-exterior","7":"product_cat-mirror-caps-accessories","8":"product_shipping_class-shifterz","9":"pa_brand-bmw","10":"pa_product-type-oem-original-equipment-manufacturer","11":"pa_vehicles-bmw-f97-x3m","12":"pa_vehicles-bmw-f98-x4m","13":"pa_vehicles-bmw-g01-x3","14":"pa_vehicles-bmw-g02-x4","16":"first","17":"onbackorder","18":"taxable","19":"shipping-taxable","20":"purchasable","21":"product-type-simple"},"bundled_by":["77182"],"bundle_stock_status":"onbackorder","bundle_stock_quantity":-8,"bundle_virtual":false,"bundle_layout":"","bundle_add_to_cart_form_location":"","bundle_editable_in_cart":false,"bundle_sold_individually_context":"","bundle_item_grouping":"","bundle_min_size":"","bundle_max_size":"","bundle_price":[],"bundled_items":[],"bundle_sell_ids":[],"_links":{"self":[{"href":"https:\/\/paddleshifterz.com\/de\/wp-json\/wp\/v2\/product\/72177","targetHints":{"allow":["GET"]}}],"collection":[{"href":"https:\/\/paddleshifterz.com\/de\/wp-json\/wp\/v2\/product"}],"about":[{"href":"https:\/\/paddleshifterz.com\/de\/wp-json\/wp\/v2\/types\/product"}],"wp:featuredmedia":[{"embeddable":true,"href":"https:\/\/paddleshifterz.com\/de\/wp-json\/wp\/v2\/media\/78720"}],"wp:attachment":[{"href":"https:\/\/paddleshifterz.com\/de\/wp-json\/wp\/v2\/media?parent=72177"}],"wp:term":[{"taxonomy":"product_brand","embeddable":true,"href":"https:\/\/paddleshifterz.com\/de\/wp-json\/wp\/v2\/product_brand?post=72177"},{"taxonomy":"product_cat","embeddable":true,"href":"https:\/\/paddleshifterz.com\/de\/wp-json\/wp\/v2\/product_cat?post=72177"},{"taxonomy":"product_tag","embeddable":true,"href":"https:\/\/paddleshifterz.com\/de\/wp-json\/wp\/v2\/product_tag?post=72177"}],"curies":[{"name":"wp","href":"https:\/\/api.w.org\/{rel}","templated":true}]}}