{"id":72496,"date":"2023-02-23T11:35:52","date_gmt":"2023-02-23T10:35:52","guid":{"rendered":"https:\/\/paddleshifterz.com\/?post_type=product&#038;p=72496"},"modified":"2025-11-03T07:19:09","modified_gmt":"2025-11-03T06:19:09","slug":"oem-bmw-m-performance-matte-black-spoiler-g20-51192455880","status":"publish","type":"product","link":"https:\/\/paddleshifterz.com\/de\/oem-bmw-m-performance-matte-black-spoiler-g20-51192455880\/","title":{"rendered":"OEM BMW M Performance mattschwarzer Spoiler G20 - 51192455880"},"content":{"rendered":"","protected":false},"excerpt":{"rendered":"<p>Der BMW M Performance Heckspoiler f\u00fcr die 3er Limousine unterstreicht den sportlichen Auftritt Ihres Fahrzeugs.<\/p>\n<p><strong>Einzelheiten zum Produkt:<\/strong><\/p>\n<ul>\n<li>Technisch perfekt auf die anderen Aerodynamik- und Exterieurkomponenten abgestimmt<\/li>\n<li>Der M Performance Heckspoiler verst\u00e4rkt das sportliche Handling<\/li>\n<li>Die Aerodynamik wurde im Windkanal auf das gesamte Fahrzeug abgestimmt und in Stra\u00dfentests best\u00e4tigt<\/li>\n<li>Form und Design wurden speziell f\u00fcr den BMW 3er G20 entwickelt<\/li>\n<li>Hohe Passgenauigkeit und ein hochwertiges Erscheinungsbild<\/li>\n<li>Kann schwarz gl\u00e4nzend lackiert werden (bitte zus\u00e4tzliche Tage f\u00fcr die Lackierung einplanen)<\/li>\n<\/ul>","protected":false},"featured_media":72497,"template":"","meta":{"bwfblock_default_font":""},"product_brand":[],"product_cat":[1113],"product_tag":[],"class_list":{"0":"post-72496","1":"product","2":"type-product","3":"status-publish","4":"has-post-thumbnail","6":"product_cat-exterior","7":"product_shipping_class-shifterz","8":"pa_brand-bmw","9":"pa_brand-m-performance","10":"pa_product-type-oem-original-equipment-manufacturer","11":"pa_vehicles-bmw-g20","13":"first","14":"onbackorder","15":"taxable","16":"shipping-taxable","17":"purchasable","18":"product-type-simple"},"bundled_by":[],"bundle_stock_status":"onbackorder","bundle_stock_quantity":0,"bundle_virtual":false,"bundle_layout":"","bundle_add_to_cart_form_location":"","bundle_editable_in_cart":false,"bundle_sold_individually_context":"","bundle_item_grouping":"","bundle_min_size":"","bundle_max_size":"","bundle_price":[],"bundled_items":[],"bundle_sell_ids":[],"_links":{"self":[{"href":"https:\/\/paddleshifterz.com\/de\/wp-json\/wp\/v2\/product\/72496","targetHints":{"allow":["GET"]}}],"collection":[{"href":"https:\/\/paddleshifterz.com\/de\/wp-json\/wp\/v2\/product"}],"about":[{"href":"https:\/\/paddleshifterz.com\/de\/wp-json\/wp\/v2\/types\/product"}],"wp:featuredmedia":[{"embeddable":true,"href":"https:\/\/paddleshifterz.com\/de\/wp-json\/wp\/v2\/media\/72497"}],"wp:attachment":[{"href":"https:\/\/paddleshifterz.com\/de\/wp-json\/wp\/v2\/media?parent=72496"}],"wp:term":[{"taxonomy":"product_brand","embeddable":true,"href":"https:\/\/paddleshifterz.com\/de\/wp-json\/wp\/v2\/product_brand?post=72496"},{"taxonomy":"product_cat","embeddable":true,"href":"https:\/\/paddleshifterz.com\/de\/wp-json\/wp\/v2\/product_cat?post=72496"},{"taxonomy":"product_tag","embeddable":true,"href":"https:\/\/paddleshifterz.com\/de\/wp-json\/wp\/v2\/product_tag?post=72496"}],"curies":[{"name":"wp","href":"https:\/\/api.w.org\/{rel}","templated":true}]}}