{"id":72775,"date":"2023-03-09T21:31:53","date_gmt":"2023-03-09T20:31:53","guid":{"rendered":"https:\/\/paddleshifterz.com\/?post_type=product&#038;p=72775"},"modified":"2026-03-23T13:34:52","modified_gmt":"2026-03-23T12:34:52","slug":"oem-bmw-m-performance-floor-mats-g22-g23-g82-g83-m4-lhd-vehicles-51475a14e76","status":"publish","type":"product","link":"https:\/\/paddleshifterz.com\/de\/oem-bmw-m-performance-floor-mats-g22-g23-g82-g83-m4-lhd-vehicles-51475a14e76\/","title":{"rendered":"OEM BMW M Performance Fu\u00dfmatten G22\/G82 LHD - 51475A14E76"},"content":{"rendered":"<p>Versehen mit dem M Performance Schriftzug und einer Fahne in den typischen M Farben unterstreichen die Fu\u00dfmatten den sportlichen Look. Eine Einfassung in Lederoptik mit farblich abgesetzter Ziernaht rundet die hochwertige Optik ab.<\/p>\n<h2>Das Paket enth\u00e4lt<\/h2>\n<ul>\n<li>4-tlg. Satz Fu\u00dfmatten vorne und hinten, Klettelemente mit Bajonettverschluss (4 St\u00fcck), Montagehinweise<\/li>\n<li><strong>F\u00fcr Fahrzeuge mit Linkslenkung<\/strong><\/li>\n<li>F\u00fcr Fahrzeuge mit Rechtslenkung, <a href=\"https:\/\/paddleshifterz.com\/de\/bmw-m-performance-floor-mats-g22-g23-g82-g83-m4\/\">W\u00e4hlen Sie dieses Produkt<\/a><\/li>\n<\/ul>\n<h2>Passende Fahrzeuge<\/h2>\n<ul>\n<li>BMW G22<\/li>\n<li>BMW G82 M4<\/li>\n<\/ul>\n<p><strong>Sicherheitshinweise<\/strong><\/p>\n<ul>\n<li>Entfernen Sie immer alle Fu\u00dfmatten oder andere Gegenst\u00e4nde vom Fahrzeugboden, bevor Sie die Fu\u00dfmatten verlegen.<\/li>\n<li>Vergewissern Sie sich nach jeder Reinigung, dass die Fu\u00dfmatten richtig befestigt sind, damit sie w\u00e4hrend der Fahrt nicht verrutschen.<\/li>\n<li>Verwenden Sie immer die mitgelieferten Klettverschlussplatten. Falls bereits Klettplatten im Fahrzeug vorhanden sind, tauschen Sie diese bitte gegen die mitgelieferten aus.<\/li>\n<\/ul>","protected":false},"excerpt":{"rendered":"<p>Die M Performance Fu\u00dfmatten erg\u00e4nzen das sportliche Erscheinungsbild des BMW, insbesondere f\u00fcr Fahrzeuge mit bestehenden M Performance Produkten. So passen die Wildleder-Fu\u00dfmatten zur bestehenden M Performance Produktpalette und bringen das Thema Sportlichkeit auch in den Fu\u00dfraum.<\/p>\n<p>SKU: 51475A14E76<\/p>","protected":false},"featured_media":65122,"template":"","meta":{"bwfblock_default_font":""},"product_brand":[],"product_cat":[1115,593],"product_tag":[],"class_list":{"0":"post-72775","1":"product","2":"type-product","3":"status-publish","4":"has-post-thumbnail","6":"product_cat-floor-mats","7":"product_cat-interior","8":"product_shipping_class-shifterz","9":"pa_brand-bmw","10":"pa_brand-m-performance","11":"pa_product-type-oem-original-equipment-manufacturer","12":"pa_vehicles-bmw-g22","13":"pa_vehicles-bmw-g82-m4-csl","14":"pa_vehicles-bmw-g82-m4","16":"first","17":"onbackorder","18":"taxable","19":"shipping-taxable","20":"purchasable","21":"product-type-simple"},"bundled_by":[],"bundle_stock_status":"onbackorder","bundle_stock_quantity":-1,"bundle_virtual":false,"bundle_layout":"","bundle_add_to_cart_form_location":"","bundle_editable_in_cart":false,"bundle_sold_individually_context":"","bundle_item_grouping":"","bundle_min_size":"","bundle_max_size":"","bundle_price":[],"bundled_items":[],"bundle_sell_ids":[],"_links":{"self":[{"href":"https:\/\/paddleshifterz.com\/de\/wp-json\/wp\/v2\/product\/72775","targetHints":{"allow":["GET"]}}],"collection":[{"href":"https:\/\/paddleshifterz.com\/de\/wp-json\/wp\/v2\/product"}],"about":[{"href":"https:\/\/paddleshifterz.com\/de\/wp-json\/wp\/v2\/types\/product"}],"wp:featuredmedia":[{"embeddable":true,"href":"https:\/\/paddleshifterz.com\/de\/wp-json\/wp\/v2\/media\/65122"}],"wp:attachment":[{"href":"https:\/\/paddleshifterz.com\/de\/wp-json\/wp\/v2\/media?parent=72775"}],"wp:term":[{"taxonomy":"product_brand","embeddable":true,"href":"https:\/\/paddleshifterz.com\/de\/wp-json\/wp\/v2\/product_brand?post=72775"},{"taxonomy":"product_cat","embeddable":true,"href":"https:\/\/paddleshifterz.com\/de\/wp-json\/wp\/v2\/product_cat?post=72775"},{"taxonomy":"product_tag","embeddable":true,"href":"https:\/\/paddleshifterz.com\/de\/wp-json\/wp\/v2\/product_tag?post=72775"}],"curies":[{"name":"wp","href":"https:\/\/api.w.org\/{rel}","templated":true}]}}