{"id":73288,"date":"2023-04-08T09:47:27","date_gmt":"2023-04-08T08:47:27","guid":{"rendered":"https:\/\/paddleshifterz.com\/?post_type=product&#038;p=73288"},"modified":"2026-02-19T09:50:36","modified_gmt":"2026-02-19T08:50:36","slug":"oem-bmw-g82-m4-csl-alcantara-steering-wheel-32307874035","status":"publish","type":"product","link":"https:\/\/paddleshifterz.com\/de\/oem-bmw-g82-m4-csl-alcantara-steering-wheel-32307874035\/","title":{"rendered":"OEM BMW M3 CS, M4 CSL Alcantara Lenkrad \u2013 32307874035"},"content":{"rendered":"<p>This genuine BMW M4 CSL alcantara steering wheel can be easily mounted in your vehicle. Although we advise using a professional service, one could also do it on his own. Installation requires about 30 minutes and requires the disconnection of the negative terminal and removal of the airbag.<\/p>\n<h2>Lieferumfang<\/h2>\n<ul>\n<li>Alcantara-Lenkrad mit rotem 12-Uhr-Streifen und M-farbigen Ziern\u00e4hten<\/li>\n<\/ul>\n<h2>Spezifikationen<\/h2>\n<ul>\n<li>Voll-Alcantara-Lenkrad<\/li>\n<li>M-farbige N\u00e4hte<\/li>\n<li>roter 12-Uhr-Streifen<\/li>\n<li>F\u00fcr Fahrzeuge mit Schaltwippen.\n<ul>\n<li>Bei Modellen mit Schaltgetriebe verwenden Sie den <a href=\"https:\/\/paddleshifterz.com\/de\/oem-bmw-steering-wheel-rear-shifters-cover-32305a29d29\/\">folgende Schalthebelabdeckungen<\/a> um die L\u00f6cher f\u00fcr die Schalthebel auf der R\u00fcckseite zu verdecken.<\/li>\n<\/ul>\n<\/li>\n<\/ul>\n<h2>Passende Fahrzeuge<\/h2>\n<ul>\n<li><a href=\"https:\/\/paddleshifterz.com\/de\/vehicles\/bmw-g87-m2\/\">BMW G87 M2<\/a><\/li>\n<li><a href=\"https:\/\/paddleshifterz.com\/de\/vehicles\/bmw-g80-m3\/\">BMW G80 M3<\/a><\/li>\n<li><a href=\"https:\/\/paddleshifterz.com\/de\/vehicles\/bmw-g81-m3-touring\/\">BMW G81 M3 Touring<\/a><\/li>\n<li><a href=\"https:\/\/paddleshifterz.com\/de\/vehicles\/bmw-g82-m4\/\">BMW G82 M4<\/a><\/li>\n<li><a href=\"https:\/\/paddleshifterz.com\/de\/vehicles\/bmw-g83-m4\/\">BMW G83 M4<\/a><\/li>\n<li>Kann bei folgenden Fahrzeugen nachger\u00fcstet werden:\n<ul>\n<li>F40, F44, G20, G21, G22, G23, G26, G42, G29 Z4<\/li>\n<\/ul>\n<\/li>\n<\/ul>\n<p><strong>Das ist wichtig: <\/strong>Das Lenkrad unterst\u00fctzt weder die Lenkradheizung noch die Funktion Fahrassistent Professional, diese werden in Ihrem Fahrzeug nicht mehr funktionieren.<\/p>\n<p><a href=\"https:\/\/paddleshifterz.com\/de\/interior\/bmw-steering-wheels\/\">More steering wheels and steering wheel accessories available here.<\/a><\/p>","protected":false},"excerpt":{"rendered":"<p>Original BMW G80 M3 und G82 M4 CSL Voll-Alcantara-Lenkrad mit rotem Streifen auf der 12-Uhr-Position und M-farbigen N\u00e4hten. Eingef\u00fchrt zuerst in den Modellen BMW G80 M3 CS und G82 M4 CSL.<\/p>\n<ul>\n<li><span data-sheets-root=\"1\">Genuine BMW Alcantara steering wheel from M3 CS\/M4 CSL<\/span><\/li>\n<li><span data-sheets-root=\"1\">Full Alcantara covering with red 12 o\u2019clock marker and M tri\u2011colour stitching<\/span><\/li>\n<li><span data-sheets-root=\"1\">Includes steering wheel rim only \u2013 no airbag, wiring harness or buttons<\/span><\/li>\n<li><span data-sheets-root=\"1\">High\u2011quality lightweight construction for improved feel<\/span><\/li>\n<li><span data-sheets-root=\"1\">OEM part number: 32307874035<\/span><\/li>\n<\/ul>","protected":false},"featured_media":77220,"template":"","meta":{"bwfblock_default_font":""},"product_brand":[],"product_cat":[593,617],"product_tag":[],"class_list":{"0":"post-73288","1":"product","2":"type-product","3":"status-publish","4":"has-post-thumbnail","6":"product_cat-interior","7":"product_cat-bmw-steering-wheels","8":"product_shipping_class-shifterz","9":"pa_brand-bmw","10":"pa_product-type-oem-original-equipment-manufacturer","11":"pa_vehicles-bmw-f40","12":"pa_vehicles-bmw-f44","13":"pa_vehicles-bmw-g20","14":"pa_vehicles-bmw-g21","15":"pa_vehicles-bmw-g22","16":"pa_vehicles-bmw-g23","17":"pa_vehicles-bmw-g26-grancoupe","18":"pa_vehicles-bmw-g42","19":"pa_vehicles-bmw-g80-m3","20":"pa_vehicles-bmw-g81-m3-touring","21":"pa_vehicles-bmw-g82-m4-csl","22":"pa_vehicles-bmw-g82-m4","23":"pa_vehicles-bmw-g87-m2","24":"pa_vehicles-bmw-i4-g26","26":"first","27":"onbackorder","28":"taxable","29":"shipping-taxable","30":"purchasable","31":"product-type-simple"},"bundled_by":[],"bundle_stock_status":"onbackorder","bundle_stock_quantity":-8,"bundle_virtual":false,"bundle_layout":"","bundle_add_to_cart_form_location":"","bundle_editable_in_cart":false,"bundle_sold_individually_context":"","bundle_item_grouping":"","bundle_min_size":"","bundle_max_size":"","bundle_price":[],"bundled_items":[],"bundle_sell_ids":[],"_links":{"self":[{"href":"https:\/\/paddleshifterz.com\/de\/wp-json\/wp\/v2\/product\/73288","targetHints":{"allow":["GET"]}}],"collection":[{"href":"https:\/\/paddleshifterz.com\/de\/wp-json\/wp\/v2\/product"}],"about":[{"href":"https:\/\/paddleshifterz.com\/de\/wp-json\/wp\/v2\/types\/product"}],"wp:featuredmedia":[{"embeddable":true,"href":"https:\/\/paddleshifterz.com\/de\/wp-json\/wp\/v2\/media\/77220"}],"wp:attachment":[{"href":"https:\/\/paddleshifterz.com\/de\/wp-json\/wp\/v2\/media?parent=73288"}],"wp:term":[{"taxonomy":"product_brand","embeddable":true,"href":"https:\/\/paddleshifterz.com\/de\/wp-json\/wp\/v2\/product_brand?post=73288"},{"taxonomy":"product_cat","embeddable":true,"href":"https:\/\/paddleshifterz.com\/de\/wp-json\/wp\/v2\/product_cat?post=73288"},{"taxonomy":"product_tag","embeddable":true,"href":"https:\/\/paddleshifterz.com\/de\/wp-json\/wp\/v2\/product_tag?post=73288"}],"curies":[{"name":"wp","href":"https:\/\/api.w.org\/{rel}","templated":true}]}}