{"id":76818,"date":"2023-04-20T13:24:12","date_gmt":"2023-04-20T12:24:12","guid":{"rendered":"https:\/\/paddleshifterz.com\/?post_type=product&#038;p=76818"},"modified":"2025-11-19T20:30:32","modified_gmt":"2025-11-19T19:30:32","slug":"original-bmw-50-year-m-hood-and-trunk-badges-g87-m2","status":"publish","type":"product","link":"https:\/\/paddleshifterz.com\/de\/original-bmw-50-year-m-hood-and-trunk-badges-g87-m2\/","title":{"rendered":"OEM BMW 50 Jahre M Embleme - G87 M2"},"content":{"rendered":"","protected":false},"excerpt":{"rendered":"<p>Celebrate 50 years of M with the special anniversary badges from BMW M GmbH for your BMW G87 M2. Genuine, high-quality badges for the hood and trunk.<\/p>\n<p>F\u00fcr weitere 50 Jahre M-Jubil\u00e4umsabzeichen und anderes Zubeh\u00f6r <a href=\"https:\/\/paddleshifterz.com\/de\/50-year-m\/\">St\u00f6bern Sie hier in unserer Produktkategorie.<\/a><\/p>\n<ul>\n<li><strong>Motorhaube:<\/strong> <a href=\"https:\/\/paddleshifterz.com\/de\/original-bmw-50-year-m-badge-51-11-7-886-545\/\"><span style=\"color: #555555; font-size: 14.4px;\">51117886545<\/span><\/a><\/li>\n<li><strong><span style=\"color: #555555; font-size: 14.4px;\">Kofferraumdeckel:<\/span><\/strong> <a href=\"https:\/\/paddleshifterz.com\/de\/original-bmw-50-year-m-badge-51-14-8-087-193\/\"><span style=\"color: #555555; font-size: 14.4px;\">51148087193<\/span><\/a><\/li>\n<\/ul>","protected":false},"featured_media":68416,"template":"","meta":{"bwfblock_default_font":""},"product_brand":[],"product_cat":[1090,1113,1084],"product_tag":[],"class_list":{"0":"post-76818","1":"product","2":"type-product","3":"status-publish","4":"has-post-thumbnail","6":"product_cat-50-year-m","7":"product_cat-exterior","8":"product_cat-trunk-badges","9":"product_shipping_class-shifterz","10":"pa_brand-bmw","11":"pa_product-type-oem-original-equipment-manufacturer","12":"pa_vehicles-bmw-g87-m2","14":"first","15":"onbackorder","16":"virtual","17":"taxable","18":"purchasable","19":"product-type-bundle"},"bundled_by":[],"bundle_stock_status":"instock","bundle_stock_quantity":"","bundle_virtual":false,"bundle_layout":"default","bundle_add_to_cart_form_location":"default","bundle_editable_in_cart":true,"bundle_sold_individually_context":"product","bundle_item_grouping":"parent","bundle_min_size":"","bundle_max_size":"","bundle_price":{"price":{"min":{"incl_tax":"189.8","excl_tax":"159.5"},"max":{"incl_tax":"189.8","excl_tax":"159.5"}},"regular_price":{"min":{"incl_tax":"189.8","excl_tax":"159.5"},"max":{"incl_tax":"189.8","excl_tax":"159.5"}}},"bundled_items":[{"bundled_item_id":48,"product_id":67601,"menu_order":0,"quantity_min":1,"quantity_max":1,"quantity_default":1,"priced_individually":true,"shipped_individually":false,"override_title":false,"title":"OEM BMW 50 Jahre M-Emblem - 51117886545","override_description":true,"description":"","optional":false,"hide_thumbnail":true,"discount":"","override_variations":false,"allowed_variations":[],"override_default_variation_attributes":false,"default_variation_attributes":[],"single_product_visibility":"visible","cart_visibility":"visible","order_visibility":"visible","single_product_price_visibility":"visible","cart_price_visibility":"visible","order_price_visibility":"visible","stock_status":"on_backorder"},{"bundled_item_id":49,"product_id":67592,"menu_order":1,"quantity_min":1,"quantity_max":1,"quantity_default":1,"priced_individually":true,"shipped_individually":false,"override_title":false,"title":"OEM BMW 50 Jahre M-Emblem - 51148087193","override_description":true,"description":"","optional":false,"hide_thumbnail":true,"discount":"","override_variations":false,"allowed_variations":[],"override_default_variation_attributes":false,"default_variation_attributes":[],"single_product_visibility":"visible","cart_visibility":"visible","order_visibility":"visible","single_product_price_visibility":"visible","cart_price_visibility":"visible","order_price_visibility":"visible","stock_status":"on_backorder"}],"bundle_sell_ids":[],"_links":{"self":[{"href":"https:\/\/paddleshifterz.com\/de\/wp-json\/wp\/v2\/product\/76818","targetHints":{"allow":["GET"]}}],"collection":[{"href":"https:\/\/paddleshifterz.com\/de\/wp-json\/wp\/v2\/product"}],"about":[{"href":"https:\/\/paddleshifterz.com\/de\/wp-json\/wp\/v2\/types\/product"}],"wp:featuredmedia":[{"embeddable":true,"href":"https:\/\/paddleshifterz.com\/de\/wp-json\/wp\/v2\/media\/68416"}],"wp:attachment":[{"href":"https:\/\/paddleshifterz.com\/de\/wp-json\/wp\/v2\/media?parent=76818"}],"wp:term":[{"taxonomy":"product_brand","embeddable":true,"href":"https:\/\/paddleshifterz.com\/de\/wp-json\/wp\/v2\/product_brand?post=76818"},{"taxonomy":"product_cat","embeddable":true,"href":"https:\/\/paddleshifterz.com\/de\/wp-json\/wp\/v2\/product_cat?post=76818"},{"taxonomy":"product_tag","embeddable":true,"href":"https:\/\/paddleshifterz.com\/de\/wp-json\/wp\/v2\/product_tag?post=76818"}],"curies":[{"name":"wp","href":"https:\/\/api.w.org\/{rel}","templated":true}]}}