{"id":76899,"date":"2023-04-20T22:16:25","date_gmt":"2023-04-20T21:16:25","guid":{"rendered":"https:\/\/paddleshifterz.com\/?post_type=product&#038;p=76899"},"modified":"2025-12-08T07:39:18","modified_gmt":"2025-12-08T06:39:18","slug":"oem-bmw-m-performance-g87-m2-carbon-fiber-front-lip-left-51115a5f481","status":"publish","type":"product","link":"https:\/\/paddleshifterz.com\/de\/oem-bmw-m-performance-g87-m2-carbon-fiber-front-lip-left-51115a5f481\/","title":{"rendered":"OEM BMW M Performance G87 Carbon-Lippe, links - 51115A5F481"},"content":{"rendered":"<p>Dieses Teil ist Teil des kompletten Frontlippensatzes, Sie k\u00f6nnen <a href=\"https:\/\/paddleshifterz.com\/de\/produkt\/oem-bmw-m-performance-g87-m2-carbon-fiber-front-lip-51115a5f445-51115a5f481-51115a5f482\/\">Hier finden Sie es<\/a>.<\/p>\n<h2>Details zum Produkt<\/h2>\n<ul>\n<li>Original BMW Produkt<\/li>\n<li>Keine T\u00dcV-Pr\u00fcfung erforderlich, da die Teile f\u00fcr den BMW G87 M2 homologiert sind<\/li>\n<li>Kohlefaserprodukt<\/li>\n<li>Attraktives, sportliches Aussehen<\/li>\n<li>Front: Die Frontanbauteile (M Performance Carbon-Frontaufsatz und M Performance Carbon-Lufteinlass) verleihen dem Fahrzeug in der Frontansicht einen unverwechselbaren und charakteristischen Look.<\/li>\n<li>Passt auf die linke Seite des Fahrzeugs<\/li>\n<\/ul>\n<h2>Passende Fahrzeuge<\/h2>\n<p>Passt perfekt zu Ihrem <a href=\"https:\/\/paddleshifterz.com\/de\/vehicles\/bmw-g87-m2\/\">BMW G87 M2.<\/a><\/p>","protected":false},"excerpt":{"rendered":"<p>OEM BMW M Performance Kohlefaser Frontlippe, linkes Teil f\u00fcr Ihren BMW G87 M2 - 51115A5F481.<br \/>\nDieses Teil ist Teil des kompletten Frontlippensatzes, Sie k\u00f6nnen <a href=\"https:\/\/paddleshifterz.com\/de\/produkt\/oem-bmw-m-performance-g87-m2-carbon-fiber-front-lip-51115a5f445-51115a5f481-51115a5f482\/\">Hier finden Sie es<\/a>.<\/p>","protected":false},"featured_media":76925,"template":"","meta":{"bwfblock_default_font":""},"product_brand":[],"product_cat":[1113,1317],"product_tag":[],"class_list":{"0":"post-76899","1":"product","2":"type-product","3":"status-publish","4":"has-post-thumbnail","6":"product_cat-exterior","7":"product_cat-front-bumper-and-accessories","8":"product_shipping_class-shifterz","9":"pa_brand-bmw","10":"pa_brand-m-performance","11":"pa_product-type-oem-original-equipment-manufacturer","12":"pa_vehicles-bmw-g87-m2","14":"first","15":"onbackorder","16":"taxable","17":"shipping-taxable","18":"purchasable","19":"product-type-simple"},"bundled_by":["76950"],"bundle_stock_status":"onbackorder","bundle_stock_quantity":-1,"bundle_virtual":false,"bundle_layout":"","bundle_add_to_cart_form_location":"","bundle_editable_in_cart":false,"bundle_sold_individually_context":"","bundle_item_grouping":"","bundle_min_size":"","bundle_max_size":"","bundle_price":[],"bundled_items":[],"bundle_sell_ids":[],"_links":{"self":[{"href":"https:\/\/paddleshifterz.com\/de\/wp-json\/wp\/v2\/product\/76899","targetHints":{"allow":["GET"]}}],"collection":[{"href":"https:\/\/paddleshifterz.com\/de\/wp-json\/wp\/v2\/product"}],"about":[{"href":"https:\/\/paddleshifterz.com\/de\/wp-json\/wp\/v2\/types\/product"}],"wp:featuredmedia":[{"embeddable":true,"href":"https:\/\/paddleshifterz.com\/de\/wp-json\/wp\/v2\/media\/76925"}],"wp:attachment":[{"href":"https:\/\/paddleshifterz.com\/de\/wp-json\/wp\/v2\/media?parent=76899"}],"wp:term":[{"taxonomy":"product_brand","embeddable":true,"href":"https:\/\/paddleshifterz.com\/de\/wp-json\/wp\/v2\/product_brand?post=76899"},{"taxonomy":"product_cat","embeddable":true,"href":"https:\/\/paddleshifterz.com\/de\/wp-json\/wp\/v2\/product_cat?post=76899"},{"taxonomy":"product_tag","embeddable":true,"href":"https:\/\/paddleshifterz.com\/de\/wp-json\/wp\/v2\/product_tag?post=76899"}],"curies":[{"name":"wp","href":"https:\/\/api.w.org\/{rel}","templated":true}]}}