{"id":77199,"date":"2023-05-05T09:11:33","date_gmt":"2023-05-05T08:11:33","guid":{"rendered":"https:\/\/paddleshifterz.com\/?post_type=product&#038;p=77199"},"modified":"2025-10-24T07:33:03","modified_gmt":"2025-10-24T06:33:03","slug":"oem-bmw-collectors-model-isle-of-man-green-m3-g80-8043a51948","status":"publish","type":"product","link":"https:\/\/paddleshifterz.com\/de\/oem-bmw-collectors-model-isle-of-man-green-m3-g80-8043a51948\/","title":{"rendered":"OEM BMW Isle of Man Green BMW M3 G80 Modell - 80435A51948"},"content":{"rendered":"<h2>Spezifikationen<\/h2>\n<ul>\n<li>Ma\u00dfstab: 1:18<\/li>\n<li>Fahrzeug: BMW G80 M3<\/li>\n<li>Farbe: Isle of Man Gr\u00fcn<\/li>\n<li>Scharnierte Teile<\/li>\n<\/ul>","protected":false},"excerpt":{"rendered":"<p>Die BMW Miniatur M3 (G80) ist eine erstaunliche und sehr detaillierte Nachbildung des neuesten BMW M3. Entworfen nach den genauen Spezifikationen des echten Autos, ist dieses Miniaturauto die perfekte Erg\u00e4nzung f\u00fcr die Sammlung eines jeden Autoliebhabers. Das aus hochwertigen Materialien gefertigte Modell im Ma\u00dfstab 1:18 besticht durch sein schnittiges Design und seine gl\u00e4nzende Oberfl\u00e4che, die das Wesen des BMW M3 perfekt einf\u00e4ngt.<\/p>","protected":false},"featured_media":77226,"template":"","meta":{"bwfblock_default_font":""},"product_brand":[],"product_cat":[1082],"product_tag":[],"class_list":{"0":"post-77199","1":"product","2":"type-product","3":"status-publish","4":"has-post-thumbnail","6":"product_cat-accessories-oem-bmw-mini-products","7":"product_shipping_class-shifterz","8":"pa_brand-bmw","9":"pa_product-type-oem-original-equipment-manufacturer","10":"pa_vehicles-3-series-e36","11":"pa_vehicles-3-series-e46","12":"pa_vehicles-3-series-e90","13":"pa_vehicles-3-series-e91","14":"pa_vehicles-3-series-e92","15":"pa_vehicles-e90-m3","16":"pa_vehicles-bmw-f06-f12-f13","17":"pa_vehicles-bmw-m6-f06-f12-f13","18":"pa_vehicles-bmw-f07-gt","19":"pa_vehicles-bmw-m5-f10","20":"pa_vehicles-bmw-f10-f11","21":"pa_vehicles-bmw-f15-x5","22":"pa_vehicles-bmw-f16-x6","23":"pa_vehicles-bmw-f20-f21","24":"pa_vehicles-bmw-f22-f23","25":"pa_vehicles-bmw-f25-x3","26":"pa_vehicles-bmw-f26-x4","27":"pa_vehicles-bmw-f30","28":"pa_vehicles-bmw-f31","29":"pa_vehicles-bmw-f32","30":"pa_vehicles-bmw-f33","31":"pa_vehicles-bmw-f34","32":"pa_vehicles-bmw-f36","33":"pa_vehicles-bmw-f39-x2","34":"pa_vehicles-bmw-f40","35":"pa_vehicles-bmw-f44","36":"pa_vehicles-bmw-f45","37":"pa_vehicles-bmw-f46","38":"pa_vehicles-bmw-f47-x2","39":"pa_vehicles-bmw-f48-x1","40":"pa_vehicles-bmw-f70","41":"pa_vehicles-bmw-f74","42":"pa_vehicles-bmw-f80-m3","43":"pa_vehicles-bmw-f82-m4","44":"pa_vehicles-4-series-f83-m4","45":"pa_vehicles-bmw-f85-x5m","46":"pa_vehicles-bmw-f86-x6m","47":"pa_vehicles-bmw-f87-m2","48":"pa_vehicles-bmw-f90-m5","49":"pa_vehicles-bmw-m8-f91-f92-f93","50":"pa_vehicles-bmw-f95-x5m","51":"pa_vehicles-bmw-f96-x6m","52":"pa_vehicles-bmw-f97-x3m","53":"pa_vehicles-bmw-f98-x4m","54":"pa_vehicles-bmw-g01-x3","55":"pa_vehicles-bmw-g02-x4","56":"pa_vehicles-bmw-g05-x5","57":"pa_vehicles-bmw-x6-g06","58":"pa_vehicles-bmw-g07-x7","59":"pa_vehicles-bmw-g07-x7-lci","60":"pa_vehicles-bmw-g08-ix3","61":"pa_vehicles-bmw-g09-xm","62":"pa_vehicles-bmw-g11-g12","63":"pa_vehicles-bmw-g14-g15-g16","64":"pa_vehicles-bmw-g20","65":"pa_vehicles-bmw-g21","66":"pa_vehicles-bmw-g22","67":"pa_vehicles-bmw-g23","68":"pa_vehicles-bmw-g26-grancoupe","69":"pa_vehicles-bmw-z4-g29","70":"pa_vehicles-bmw-g30","71":"pa_vehicles-bmw-g31","72":"pa_vehicles-bmw-g32","73":"pa_vehicles-bmw-g42","74":"pa_vehicles-bmw-g45-x3","75":"pa_vehicles-bmw-g60","76":"pa_vehicles-bmw-g61","77":"pa_vehicles-bmw-g80-m3","78":"pa_vehicles-bmw-g81-m3-touring","79":"pa_vehicles-bmw-g82-m4-csl","80":"pa_vehicles-bmw-g82-m4","81":"pa_vehicles-bmw-g83-m4","82":"pa_vehicles-bmw-g87-m2","83":"pa_vehicles-bmw-g90-m5","84":"pa_vehicles-bmw-g99-m5","85":"pa_vehicles-bmw-i4-g26","86":"pa_vehicles-bmw-i8","87":"pa_vehicles-bmw-ix","88":"pa_vehicles-x-series-u10-x2","89":"pa_vehicles-bmw-u11-x1","90":"pa_vehicles-hyundai-i20n","91":"pa_vehicles-hyundai-i30n","92":"pa_vehicles-mercedes-a-class-w177","93":"pa_vehicles-mini-f54","94":"pa_vehicles-mini-f55","95":"pa_vehicles-mini-f56","96":"pa_vehicles-mini-f56-gp3","97":"pa_vehicles-mini-f57","98":"pa_vehicles-mini-f60-countryman","99":"pa_vehicles-mini-u25-countryman","100":"pa_vehicles-supra-a90-a91","101":"pa_vehicles-vw-golf-mk7","102":"pa_vehicles-vw-passat-r","103":"pa_vehicles-vw-polo","104":"pa_vehicles-tiguan-r-line","106":"first","107":"onbackorder","108":"taxable","109":"shipping-taxable","110":"purchasable","111":"product-type-simple"},"bundled_by":[],"bundle_stock_status":"onbackorder","bundle_stock_quantity":-9,"bundle_virtual":false,"bundle_layout":"","bundle_add_to_cart_form_location":"","bundle_editable_in_cart":false,"bundle_sold_individually_context":"","bundle_item_grouping":"","bundle_min_size":"","bundle_max_size":"","bundle_price":[],"bundled_items":[],"bundle_sell_ids":[],"_links":{"self":[{"href":"https:\/\/paddleshifterz.com\/de\/wp-json\/wp\/v2\/product\/77199","targetHints":{"allow":["GET"]}}],"collection":[{"href":"https:\/\/paddleshifterz.com\/de\/wp-json\/wp\/v2\/product"}],"about":[{"href":"https:\/\/paddleshifterz.com\/de\/wp-json\/wp\/v2\/types\/product"}],"wp:featuredmedia":[{"embeddable":true,"href":"https:\/\/paddleshifterz.com\/de\/wp-json\/wp\/v2\/media\/77226"}],"wp:attachment":[{"href":"https:\/\/paddleshifterz.com\/de\/wp-json\/wp\/v2\/media?parent=77199"}],"wp:term":[{"taxonomy":"product_brand","embeddable":true,"href":"https:\/\/paddleshifterz.com\/de\/wp-json\/wp\/v2\/product_brand?post=77199"},{"taxonomy":"product_cat","embeddable":true,"href":"https:\/\/paddleshifterz.com\/de\/wp-json\/wp\/v2\/product_cat?post=77199"},{"taxonomy":"product_tag","embeddable":true,"href":"https:\/\/paddleshifterz.com\/de\/wp-json\/wp\/v2\/product_tag?post=77199"}],"curies":[{"name":"wp","href":"https:\/\/api.w.org\/{rel}","templated":true}]}}