{"id":77315,"date":"2023-05-10T21:23:38","date_gmt":"2023-05-10T20:23:38","guid":{"rendered":"https:\/\/paddleshifterz.com\/?post_type=product&#038;p=77315"},"modified":"2026-03-30T23:37:35","modified_gmt":"2026-03-30T22:37:35","slug":"original-bmw-carbon-fiber-cup-holder-cover-manual-51168094581-51168094582","status":"publish","type":"product","link":"https:\/\/paddleshifterz.com\/de\/original-bmw-carbon-fiber-cup-holder-cover-manual-51168094581-51168094582\/","title":{"rendered":"OEM BMW Carbon Becherhalter Abdeckung Schaltgetriebe"},"content":{"rendered":"<h2>Spezifikationen<\/h2>\n<ul>\n<li>Original BMW Produkt<\/li>\n<li>2\u00d72 gl\u00e4nzende Karbonfaser-Gewebe<\/li>\n<li>Erh\u00e4ltlich f\u00fcr Fahrzeuge mit Links- und Rechtslenkung<\/li>\n<li>Nur f\u00fcr Fahrzeuge mit Schaltgetriebe<\/li>\n<\/ul>","protected":false},"excerpt":{"rendered":"<p>Original gl\u00e4nzende Kohlefaser-Becherhalterabdeckung f\u00fcr die BMW G-Serie.<\/p>\n<ol>\n<li>Erh\u00e4ltlich f\u00fcr Fahrzeuge mit Links- und Rechtslenkung: 51168094581 (LHD), 51168094582 (RHD)<\/li>\n<\/ol>\n<p>Erh\u00e4ltlich als Nachr\u00fcstoption, wenn Sie sich bei Ihrem Fahrzeug nicht f\u00fcr die Kohlefaserverkleidung entschieden haben.<\/p>\n<p><strong>Nur f\u00fcr Fahrzeuge mit Schaltgetriebe<\/strong><\/p>","protected":false},"featured_media":101710,"template":"","meta":{"bwfblock_default_font":""},"product_brand":[],"product_cat":[593],"product_tag":[],"class_list":{"0":"post-77315","1":"product","2":"type-product","3":"status-publish","4":"has-post-thumbnail","6":"product_cat-interior","7":"product_shipping_class-shifterz","8":"pa_brand-bmw","9":"pa_product-type-oem-original-equipment-manufacturer","10":"pa_vehicles-bmw-g20","11":"pa_vehicles-bmw-g26-grancoupe","12":"pa_vehicles-bmw-g42","13":"pa_vehicles-bmw-g80-m3","14":"pa_vehicles-bmw-g82-m4-csl","15":"pa_vehicles-bmw-g82-m4","16":"pa_vehicles-bmw-g87-m2","17":"pa_vehicles-bmw-i4-g26","19":"first","20":"onbackorder","21":"taxable","22":"shipping-taxable","23":"purchasable","24":"product-type-variable"},"bundled_by":["68865","77313"],"bundle_stock_status":"onbackorder","bundle_stock_quantity":0,"bundle_virtual":false,"bundle_layout":"","bundle_add_to_cart_form_location":"","bundle_editable_in_cart":false,"bundle_sold_individually_context":"","bundle_item_grouping":"","bundle_min_size":"","bundle_max_size":"","bundle_price":[],"bundled_items":[],"bundle_sell_ids":[],"_links":{"self":[{"href":"https:\/\/paddleshifterz.com\/de\/wp-json\/wp\/v2\/product\/77315","targetHints":{"allow":["GET"]}}],"collection":[{"href":"https:\/\/paddleshifterz.com\/de\/wp-json\/wp\/v2\/product"}],"about":[{"href":"https:\/\/paddleshifterz.com\/de\/wp-json\/wp\/v2\/types\/product"}],"wp:featuredmedia":[{"embeddable":true,"href":"https:\/\/paddleshifterz.com\/de\/wp-json\/wp\/v2\/media\/101710"}],"wp:attachment":[{"href":"https:\/\/paddleshifterz.com\/de\/wp-json\/wp\/v2\/media?parent=77315"}],"wp:term":[{"taxonomy":"product_brand","embeddable":true,"href":"https:\/\/paddleshifterz.com\/de\/wp-json\/wp\/v2\/product_brand?post=77315"},{"taxonomy":"product_cat","embeddable":true,"href":"https:\/\/paddleshifterz.com\/de\/wp-json\/wp\/v2\/product_cat?post=77315"},{"taxonomy":"product_tag","embeddable":true,"href":"https:\/\/paddleshifterz.com\/de\/wp-json\/wp\/v2\/product_tag?post=77315"}],"curies":[{"name":"wp","href":"https:\/\/api.w.org\/{rel}","templated":true}]}}