{"id":77368,"date":"2023-05-16T08:25:01","date_gmt":"2023-05-16T07:25:01","guid":{"rendered":"https:\/\/paddleshifterz.com\/?post_type=product&#038;p=77368"},"modified":"2026-03-26T07:30:18","modified_gmt":"2026-03-26T06:30:18","slug":"oem-bmw-g30-f90-pre-lci-laser-light-retrofit-kit-63135a07801","status":"publish","type":"product","link":"https:\/\/paddleshifterz.com\/de\/oem-bmw-g30-f90-pre-lci-laser-light-retrofit-kit-63135a07801\/","title":{"rendered":"OEM BMW G30\/F90 pre-LCI Laserlicht-Nachr\u00fcstsatz 63135A07801"},"content":{"rendered":"<h2>OEM BMW G30\/F90 Vor-LCI Laserlicht Nachr\u00fcstsatz (63135A07801)<\/h2>\n<p>Verbessern Sie das Aussehen und die Leistung Ihres <b>BMW G30 5er Reihe<\/b> oder <b>F90 M5<\/b> mit diesem <b>OEM BMW Pre-LCI Laserlicht Nachr\u00fcstsatz (Teilenummer: 63135A07801)<\/b>. Dieser Laserlicht-Nachr\u00fcstsatz bietet modernste Lichttechnologie und sorgt f\u00fcr hervorragende Sichtbarkeit, Sicherheit und Stil. Dieses Laserlicht-Kit wurde f\u00fcr Pre-LCI-Modelle (Life Cycle Impulse) entwickelt und ist ein direkter OEM-Ersatz, der eine perfekte Passgenauigkeit und nahtlose Integration in das elektrische System Ihres Fahrzeugs gew\u00e4hrleistet.<\/p>\n<h2>Spezifikationen<\/h2>\n<ul>\n<li>Original BMW Produkt<\/li>\n<li>Das Produkt enth\u00e4lt sowohl linke als auch rechte Scheinwerfer<\/li>\n<li>Laser-Scheinwerfer<\/li>\n<li>F\u00fcr Fahrzeuge mit Fernlichtassistent: <strong>S5ACA = Ja<\/strong><\/li>\n<\/ul>\n<h2>\u00dcberlegene Laserlicht-Technologie<\/h2>\n<p>Die <b>BMW Laserlicht<\/b> Technologie verbessert die Sicht deutlich, so dass Sie bei schlechten Lichtverh\u00e4ltnissen weiter sehen und sicherer fahren k\u00f6nnen. Laser-Lichter sind bis zu <b>10-mal heller als herk\u00f6mmliche LED-Scheinwerfer<\/b>Dadurch werden Nachtfahrten oder Fahrten unter widrigen Bedingungen sicherer und komfortabler. Au\u00dferdem bieten diese Laserleuchten ein scharfes und elegantes Aussehen, das die Gesamt\u00e4sthetik Ihres Fahrzeugs verbessert. <b>BMW<\/b>.<\/p>\n<ul>\n<li>Hellere Beleuchtung: Angebote <b>gr\u00f6\u00dfere Lichtreichweite<\/b> als herk\u00f6mmliche LED-Scheinwerfer und bietet eine klarere Sicht auf die Stra\u00dfe.<\/li>\n<li>Energieeffizient: Laserleuchten verbrauchen weniger Energie und bieten gleichzeitig eine hervorragende Leistung.<\/li>\n<li>Erh\u00f6hte Sicherheit: Verbesserte Reaktionszeit durch erh\u00f6hte Sichtbarkeit, damit Sie und Ihre Mitfahrer sicherer unterwegs sind.<\/li>\n<\/ul>\n<h2>Perfekte OEM-Anpassung f\u00fcr Pre-LCI-Modelle<\/h2>\n<p>Speziell entwickelt f\u00fcr <strong>Vor-LCI G30<\/strong> und <strong>F90 M5<\/strong>Dieser Laserscheinwerfer-Nachr\u00fcstsatz entspricht der Erstausr\u00fcsterqualit\u00e4t und -anpassung. Als direkter Ersatz f\u00fcr Ihre vorhandenen Scheinwerfer ist das Kit f\u00fcr eine einfache Integration konzipiert und bietet <b>ECE-Zulassung<\/b>Dadurch wird sichergestellt, dass es den strengen europ\u00e4ischen Sicherheitsnormen entspricht.<\/p>\n<ul>\n<li>OEM-Qualit\u00e4t: BMW-Originalteile garantieren eine hochwertige Konstruktion und Langlebigkeit.<\/li>\n<li>ECE-gepr\u00fcft: Erf\u00fcllt alle europ\u00e4ischen Normen f\u00fcr die Verwendung im Stra\u00dfenverkehr.<\/li>\n<li>Nahtlose Installation: Einfache Installation mit Plug-and-Play-Funktionalit\u00e4t f\u00fcr Pre-LCI-Modelle.<\/li>\n<\/ul>\n<p>Dieser Scheinwerfer-Nachr\u00fcstsatz kann in die folgenden Fahrzeuge eingebaut werden:<\/p>\n<ul>\n<li><a href=\"https:\/\/paddleshifterz.com\/de\/vehicles\/bmw-f90-m5\/\">BMW F90 M5<\/a> (Vor-LCI-Modelle)<\/li>\n<li><a href=\"https:\/\/paddleshifterz.com\/de\/vehicles\/bmw-g30\/\">BMW G30<\/a> (Vor-LCI-Modelle)<\/li>\n<li><a href=\"https:\/\/paddleshifterz.com\/de\/vehicles\/bmw-g31\/\">BMW G31<\/a> (Vor-LCI-Modelle)<\/li>\n<\/ul>\n<p>Nur f\u00fcr Fahrzeuge mit Fernlichtassistent geeignet: <strong>S5ACA = Ja<\/strong>.\u00a0<em>Bitte beachten Sie: Dieses Kit ist f\u00fcr Fahrzeuge mit Linkslenkung (LHD) konzipiert und ist ECE-gepr\u00fcft, d.h. es entspricht den europ\u00e4ischen Sicherheitsvorschriften.<\/em><\/p>\n<h2>FAQ H\u00e4ufig gestellte Fragen<\/h2>\n<ol>\n<li><strong>Ist dieser Nachr\u00fcstsatz mit meinem BMW G30 5er oder F90 M5 kompatibel?<\/strong>\n<ol>\n<li>This laser light retrofit kit is designed specifically for Pre-LCI (vorfacelift) G30 5 Series and F90 M5 models. If you\u2019re unsure of compatibility, feel free to contact us, please send us your vehicle&#8217;s VIN so we can confirm whether this kit is suitable for your vehicle.<\/li>\n<\/ol>\n<\/li>\n<li><strong>Was sind die Vorteile von Laserscheinwerfern gegen\u00fcber LED-Scheinwerfern?<\/strong>\n<ol>\n<li>Laserscheinwerfer bieten eine bis zu 10-mal h\u00f6here Helligkeit als LEDs und sorgen so f\u00fcr bessere Sichtbarkeit, insbesondere bei schlechten Lichtverh\u00e4ltnissen. Au\u00dferdem sind sie energieeffizienter und haben eine l\u00e4ngere Lebensdauer als herk\u00f6mmliche Scheinwerfer.<\/li>\n<\/ol>\n<\/li>\n<li><strong>Ist f\u00fcr diese Nachr\u00fcstung eine professionelle Installation erforderlich?<\/strong>\n<ol>\n<li>Obwohl der Bausatz f\u00fcr eine Plug-and-Play-Installation ausgelegt ist, wird eine professionelle Installation empfohlen, um eine optimale Ausrichtung und Funktionalit\u00e4t zu gew\u00e4hrleisten.<\/li>\n<\/ol>\n<\/li>\n<\/ol>","protected":false},"excerpt":{"rendered":"<p>Ein Nachr\u00fcstsatz von OEM BMW Laser Scheinwerfern f\u00fcr die BMW 5er Serie (G30, G31, F90) vor LCI Fahrzeugen.<\/p>\n<p><strong>Dieser Satz ist nicht mehr lieferbar. Kein Ersatz von BMW verf\u00fcgbar.<\/strong><\/p>","protected":false},"featured_media":77419,"template":"","meta":{"bwfblock_default_font":""},"product_brand":[],"product_cat":[1113,1094],"product_tag":[],"class_list":{"0":"post-77368","1":"product","2":"type-product","3":"status-publish","4":"has-post-thumbnail","6":"product_cat-exterior","7":"product_cat-headlights-taillights","8":"product_shipping_class-shifterz","9":"pa_brand-bmw","10":"pa_product-type-oem-original-equipment-manufacturer","11":"pa_vehicles-bmw-f90-m5","12":"pa_vehicles-bmw-g30","14":"first","15":"outofstock","16":"taxable","17":"shipping-taxable","18":"purchasable","19":"product-type-simple"},"bundled_by":[],"bundle_stock_status":"outofstock","bundle_stock_quantity":-2,"bundle_virtual":false,"bundle_layout":"","bundle_add_to_cart_form_location":"","bundle_editable_in_cart":false,"bundle_sold_individually_context":"","bundle_item_grouping":"","bundle_min_size":"","bundle_max_size":"","bundle_price":[],"bundled_items":[],"bundle_sell_ids":[],"_links":{"self":[{"href":"https:\/\/paddleshifterz.com\/de\/wp-json\/wp\/v2\/product\/77368","targetHints":{"allow":["GET"]}}],"collection":[{"href":"https:\/\/paddleshifterz.com\/de\/wp-json\/wp\/v2\/product"}],"about":[{"href":"https:\/\/paddleshifterz.com\/de\/wp-json\/wp\/v2\/types\/product"}],"wp:featuredmedia":[{"embeddable":true,"href":"https:\/\/paddleshifterz.com\/de\/wp-json\/wp\/v2\/media\/77419"}],"wp:attachment":[{"href":"https:\/\/paddleshifterz.com\/de\/wp-json\/wp\/v2\/media?parent=77368"}],"wp:term":[{"taxonomy":"product_brand","embeddable":true,"href":"https:\/\/paddleshifterz.com\/de\/wp-json\/wp\/v2\/product_brand?post=77368"},{"taxonomy":"product_cat","embeddable":true,"href":"https:\/\/paddleshifterz.com\/de\/wp-json\/wp\/v2\/product_cat?post=77368"},{"taxonomy":"product_tag","embeddable":true,"href":"https:\/\/paddleshifterz.com\/de\/wp-json\/wp\/v2\/product_tag?post=77368"}],"curies":[{"name":"wp","href":"https:\/\/api.w.org\/{rel}","templated":true}]}}