{"id":77639,"date":"2023-06-01T22:12:44","date_gmt":"2023-06-01T21:12:44","guid":{"rendered":"https:\/\/paddleshifterz.com\/?post_type=product&#038;p=77639"},"modified":"2025-11-10T16:10:09","modified_gmt":"2025-11-10T15:10:09","slug":"oem-bmw-gloss-black-front-grille-g26","status":"publish","type":"product","link":"https:\/\/paddleshifterz.com\/de\/oem-bmw-gloss-black-front-grille-g26\/","title":{"rendered":"OEM BMW Schwarze Frontziergitter f\u00fcr BMW G26"},"content":{"rendered":"<p>Es gibt viele verschiedene K\u00fchlergrills, die sich nach den Merkmalen des Fahrzeugs richten:<\/p>\n<ol>\n<li><strong>SKU: 51139466882<\/strong>\n<ol>\n<li><span class=\"p5_cell_content\" title=\"F\u00fcr Fahrzeuge mit Aktivem Schutzb\u00fcgel plus und Fahrassistent professional und Aktiver Tempomat+Stop&amp;Go-Funktion und Parkassistenzsystem Plus und Einzeloption Shadow-Line Hochglanz\">Aktiver Schutz plus = <span class=\"p5_cell_content\" title=\"S5AQA = Ja S5AUA = Nein S5DFA = Ja S5DNA = Ja S7M9A = Ja\">S5AQA = Nein<\/span><\/span><\/li>\n<li><span style=\"color: #555555; font-size: 14.4px;\">SA05AU Beruflicher Fahrassistent = Nein<\/span><\/li>\n<li><span style=\"color: #555555; font-size: 14.4px;\">SA05DF Aktiver Tempomat+Stop&amp;Go-Funktion = Nein<\/span><\/li>\n<li>SA05DN Einparkhilfesystem Plus = Nein<\/li>\n<\/ol>\n<\/li>\n<li><strong>SKU: 51139466883<\/strong>\n<ol>\n<li><span class=\"p5_cell_content\" title=\"F\u00fcr Fahrzeuge mit Aktivem Schutzb\u00fcgel plus und Fahrassistent professional und Aktiver Tempomat+Stop&amp;Go-Funktion und Parkassistenzsystem Plus und Einzeloption Shadow-Line Hochglanz\">Aktiver Schutz plus = <span class=\"p5_cell_content\" title=\"S5AQA = Ja S5AUA = Nein S5DFA = Ja S5DNA = Ja S7M9A = Ja\">S5AQA = Nein<\/span><\/span><\/li>\n<li>SA05AU Beruflicher Fahrassistent = Nein<\/li>\n<li>SA05DF Aktiver Tempomat+Stop&amp;Go-Funktion = Nein<\/li>\n<li>SA05DN Einparkhilfesystem Plus = Ja<\/li>\n<\/ol>\n<\/li>\n<li><strong>SKU: 51139466884<\/strong>\n<ol>\n<li>\n<div class=\"p5_table_cell p5t1_description cp_selectable\"><span class=\"p5_cell_content\" title=\"F\u00fcr Fahrzeuge mit Aktivem Schutzb\u00fcgel plus und Fahrassistent professional und Aktiver Tempomat+Stop&amp;Go-Funktion und Parkassistenzsystem Plus und Einzeloption Shadow-Line Hochglanz\">Aktiver Schutz plus = <span class=\"p5_cell_content\" title=\"S5AQA = Ja S5AUA = Nein S5DFA = Ja S5DNA = Ja S7M9A = Ja\">S5AQA = Ja oder Nein<\/span><\/span><\/div>\n<div class=\"p5_table_cell p5t1_description cp_selectable\"><\/div>\n<\/li>\n<li>\n<div class=\"p5_table_cell p5t1_description cp_selectable\"><span class=\"p5_cell_content\" title=\"F\u00fcr Fahrzeuge mit Aktivem Schutzb\u00fcgel plus und Fahrassistent professional und Aktiver Tempomat+Stop&amp;Go-Funktion und Parkassistenzsystem Plus und Einzeloption Shadow-Line Hochglanz\">Beruflicher Fahrassistent = <span class=\"p5_cell_content\" title=\"S5AQA = Ja S5AUA = Nein S5DFA = Ja S5DNA = Ja S7M9A = Ja\">S5AUA = Nein<\/span><\/span><\/div>\n<div class=\"p5_table_cell p5t1_description cp_selectable\"><\/div>\n<\/li>\n<li>\n<div class=\"p5_table_cell p5t1_description cp_selectable\"><span class=\"p5_cell_content\" title=\"F\u00fcr Fahrzeuge mit Aktivem Schutzb\u00fcgel plus und Fahrassistent professional und Aktiver Tempomat+Stop&amp;Go-Funktion und Parkassistenzsystem Plus und Einzeloption Shadow-Line Hochglanz\">Aktiver Tempomat+Stop&amp;Go-Funktion = <span class=\"p5_cell_content\" title=\"S5AQA = Ja S5AUA = Nein S5DFA = Ja S5DNA = Ja S7M9A = Ja\">S5DFA = Ja oder Nein<\/span><\/span><\/div>\n<div><\/div>\n<\/li>\n<li>\n<div><span style=\"font-size: 14.4px;\">Parkhilfesystem Plus = <\/span><span class=\"p5_cell_content\" style=\"font-size: 14.4px;\" title=\"S5AQA = Ja S5AUA = Nein S5DFA = Ja S5DNA = Ja S7M9A = Ja\">S5DNA = Nein<\/span><\/div>\n<\/li>\n<\/ol>\n<\/li>\n<li><strong>SKU: 51139466885<\/strong>\n<ol>\n<li><span class=\"p5_cell_content\" title=\"F\u00fcr Fahrzeuge mit Aktivem Schutzb\u00fcgel plus und Fahrassistent professional und Aktiver Tempomat+Stop&amp;Go-Funktion und Parkassistenzsystem Plus und Einzeloption Shadow-Line Hochglanz\">Aktiver Schutz plus = <span class=\"p5_cell_content\" title=\"S5AQA = Ja S5AUA = Nein S5DFA = Ja S5DNA = Ja S7M9A = Ja\">S5AQA = Nein<\/span><\/span><\/li>\n<li>SA05AU Beruflicher Fahrassistent = Ja<\/li>\n<li>SA05DF Aktiver Tempomat+Stop&amp;Go-Funktion = Nein<\/li>\n<li>SA05DN Einparkhilfesystem Plus = Nein<\/li>\n<\/ol>\n<\/li>\n<li><strong>SKU: 51139466886<\/strong>\n<ol>\n<li>Aktiver W\u00e4chter plus = S5AQA = Ja<\/li>\n<li>Beruflicher Fahrassistent = S5AUA = Nein<\/li>\n<li>Aktiver Tempomat+Stop&amp;Go-Funktion = S5DFA = Ja<\/li>\n<li>Parkhilfesystem Plus = S5DNA = Ja<\/li>\n<\/ol>\n<\/li>\n<li><strong>SKU: 51139466887<\/strong>\n<ol>\n<li><span class=\"p5_cell_content\" title=\"F\u00fcr Fahrzeuge mit Aktivem Schutzb\u00fcgel plus und Fahrassistent professional und Aktiver Tempomat+Stop&amp;Go-Funktion und Parkassistenzsystem Plus und Einzeloption Shadow-Line Hochglanz\">Aktiver Schutz plus = <span class=\"p5_cell_content\" title=\"S5AQA = Ja S5AUA = Nein S5DFA = Ja S5DNA = Ja S7M9A = Ja\">S5AQA = Nein<\/span><\/span><\/li>\n<li>SA05AU Beruflicher Fahrassistent = Ja<\/li>\n<li>SA05DF Aktiver Tempomat+Stop&amp;Go-Funktion = Nein<\/li>\n<li>SA05DN Einparkhilfesystem Plus = Ja<\/li>\n<\/ol>\n<\/li>\n<\/ol>","protected":false},"excerpt":{"rendered":"<p>OEM BMW M Performance K\u00fchlergrill schwarz gl\u00e4nzend f\u00fcr den BMW 4er G26 (vor LCI) (f\u00fcr Fahrzeuge mit M SPORT PACKAGE PRO).<\/p>","protected":false},"featured_media":85842,"template":"","meta":{"bwfblock_default_font":""},"product_brand":[],"product_cat":[1113,1095],"product_tag":[],"class_list":{"0":"post-77639","1":"product","2":"type-product","3":"status-publish","4":"has-post-thumbnail","6":"product_cat-exterior","7":"product_cat-front-grilles","8":"product_shipping_class-shifterz","9":"pa_brand-bmw","10":"pa_product-type-oem-original-equipment-manufacturer","11":"pa_vehicles-bmw-g26-grancoupe","13":"first","14":"onbackorder","15":"taxable","16":"shipping-taxable","17":"purchasable","18":"product-type-variable"},"bundled_by":[],"bundle_stock_status":"onbackorder","bundle_stock_quantity":null,"bundle_virtual":false,"bundle_layout":"","bundle_add_to_cart_form_location":"","bundle_editable_in_cart":false,"bundle_sold_individually_context":"","bundle_item_grouping":"","bundle_min_size":"","bundle_max_size":"","bundle_price":[],"bundled_items":[],"bundle_sell_ids":[],"_links":{"self":[{"href":"https:\/\/paddleshifterz.com\/de\/wp-json\/wp\/v2\/product\/77639","targetHints":{"allow":["GET"]}}],"collection":[{"href":"https:\/\/paddleshifterz.com\/de\/wp-json\/wp\/v2\/product"}],"about":[{"href":"https:\/\/paddleshifterz.com\/de\/wp-json\/wp\/v2\/types\/product"}],"wp:featuredmedia":[{"embeddable":true,"href":"https:\/\/paddleshifterz.com\/de\/wp-json\/wp\/v2\/media\/85842"}],"wp:attachment":[{"href":"https:\/\/paddleshifterz.com\/de\/wp-json\/wp\/v2\/media?parent=77639"}],"wp:term":[{"taxonomy":"product_brand","embeddable":true,"href":"https:\/\/paddleshifterz.com\/de\/wp-json\/wp\/v2\/product_brand?post=77639"},{"taxonomy":"product_cat","embeddable":true,"href":"https:\/\/paddleshifterz.com\/de\/wp-json\/wp\/v2\/product_cat?post=77639"},{"taxonomy":"product_tag","embeddable":true,"href":"https:\/\/paddleshifterz.com\/de\/wp-json\/wp\/v2\/product_tag?post=77639"}],"curies":[{"name":"wp","href":"https:\/\/api.w.org\/{rel}","templated":true}]}}