{"id":77839,"date":"2023-06-23T19:16:14","date_gmt":"2023-06-23T18:16:14","guid":{"rendered":"https:\/\/paddleshifterz.com\/?post_type=product&#038;p=77839"},"modified":"2026-03-26T17:16:44","modified_gmt":"2026-03-26T16:16:44","slug":"oem-bmw-battery-charger-50-amp-61432408592","status":"publish","type":"product","link":"https:\/\/paddleshifterz.com\/de\/oem-bmw-battery-charger-50-amp-61432408592\/","title":{"rendered":"OEM BMW Batterieladeger\u00e4t 5,0 Ampere - 61432408592"},"content":{"rendered":"","protected":false},"excerpt":{"rendered":"<p>Mit einem automatischen 8-stufigen Ladeverfahren l\u00e4dt das Ladeger\u00e4t auch stark entladene Batterien mit der richtigen Spannung und dem richtigen Ladestrom.<br \/>\nDas Ladeger\u00e4t eignet sich f\u00fcr die Erhaltungsladung von 1,2 Ah* bis 160 Ah*, die Batteriediagnose und die optimierte Ladung von 12 Volt AGM**, Blei-S\u00e4ure-Batterien und Lithium-Ionen-Batterien f\u00fcr BMW, BMW M und BMW Motorrad. Die integrierte \"Wake-Up Pulse\"-Funktion des Ladeger\u00e4ts erm\u00f6glicht das komfortable Laden der BMW Motorradbatterie \u00fcber die Bordsteckdose. Das Ladeger\u00e4t ist funken-, kurzschluss- und verpolungssicher, sowie staub- und spritzwassergesch\u00fctzt (IP65). Einzigartig sind die einfache Bedienung und eine Statusanzeige zur Verfolgung des gesamten Ladevorgangs.<\/p>\n<p>&nbsp;<\/p>\n<p>Aufladen der Batterien von BMW, BMW M Fahrzeugen und BMW Motorr\u00e4dern.<br \/>\nLadealgorithmus f\u00fcr 12-Volt-AGM-, Blei-S\u00e4ure-Batterien und die neuen Lithium-Ionen-Batterien f\u00fcr BMW M.<br \/>\nVollautomatisches 8-stufiges Laden mit einem Ladestrom von bis zu 2,5 Ampere f\u00fcr Motorr\u00e4der oder 5 Ampere f\u00fcr Autos (USA 4,3 Ampere).<br \/>\nBatteriediagnose: automatische Erkennung von alten Batterien.<br \/>\nUnder-Voltage-Protection (UVP): Integrierte Funktion zum Schlie\u00dfen des Batterietrennschalters bei tiefentladenen Lithium-Ionen-Batterien.<br \/>\n\"Wake-Up Pulse\": Erm\u00f6glicht das komfortable Laden der BMW Motorradbatterie \u00fcber die Bordsteckdose.<br \/>\nErfrischungs- und Wartungsgeb\u00fchr.<br \/>\nDie patentierte Entsulfatierungstechnologie verl\u00e4ngert die Leistung und Lebensdauer der Batterie.<br \/>\nFunkenfrei, kurzschluss- und verpolungssicher f\u00fcr problemlosen Einsatz.<br \/>\nSchutz vor Staub und Spritzwasser (IP65).<br \/>\n\u00dcber die Statusanzeige l\u00e4sst sich der gesamte Ladevorgang verfolgen.<br \/>\nAkkuladeclips und eine Aufbewahrungstasche sind im Lieferumfang enthalten.<br \/>\nBMW ist einer der ersten Premiumhersteller, der das komfortable Laden von AGM-, Blei-S\u00e4ure-Batterien, den neuen Lithium-Ionen-Batterien und Motorradbatterien in einem Ger\u00e4t vereint.<br \/>\nAGM-Batterien, Blei-S\u00e4ure-Batterien, neue Lithium-Ionen-Batterien und Motorradbatterien k\u00f6nnen alle mit dem neuen Ladeger\u00e4t von BMW geladen werden.<\/p>\n<p>Umfang der Lieferung<\/p>\n<p>Batterieladeger\u00e4t<br \/>\nNylontasche<br \/>\nBetriebsanleitung<br \/>\nTechnische Informationen<\/p>\n<p>Batterie-Komfort-Anzeige \u00d6se: M8 (8,4 mm), Kabell\u00e4nge 55 cm, 15-Ampere-Sicherung<br \/>\nBatterie-Komfort-Anzeigetafel: \u00d6senklemmen<\/p>","protected":false},"featured_media":77840,"template":"","meta":{"bwfblock_default_font":""},"product_brand":[],"product_cat":[1082],"product_tag":[],"class_list":{"0":"post-77839","1":"product","2":"type-product","3":"status-publish","4":"has-post-thumbnail","6":"product_cat-accessories-oem-bmw-mini-products","7":"product_shipping_class-shifterz","8":"pa_brand-bmw","9":"pa_product-type-oem-original-equipment-manufacturer","10":"pa_vehicles-bmw-m6-f06-f12-f13","11":"pa_vehicles-bmw-f07-gt","12":"pa_vehicles-bmw-m5-f10","13":"pa_vehicles-bmw-f10-f11","14":"pa_vehicles-bmw-f15-x5","15":"pa_vehicles-bmw-f16-x6","16":"pa_vehicles-bmw-f20-f21","17":"pa_vehicles-bmw-f22-f23","18":"pa_vehicles-bmw-f25-x3","19":"pa_vehicles-bmw-f26-x4","20":"pa_vehicles-bmw-f30","21":"pa_vehicles-bmw-f31","22":"pa_vehicles-bmw-f32","23":"pa_vehicles-bmw-f33","24":"pa_vehicles-bmw-f34","25":"pa_vehicles-bmw-f36","26":"pa_vehicles-bmw-f39-x2","27":"pa_vehicles-bmw-f45","28":"pa_vehicles-bmw-f46","29":"pa_vehicles-bmw-f48-x1","30":"pa_vehicles-bmw-f80-m3","31":"pa_vehicles-bmw-f82-m4","32":"pa_vehicles-bmw-f90-m5","33":"pa_vehicles-bmw-g01-x3","34":"pa_vehicles-bmw-g02-x4","35":"pa_vehicles-bmw-g05-x5","36":"pa_vehicles-bmw-x6-g06","37":"pa_vehicles-bmw-g11-g12","38":"pa_vehicles-bmw-g14-g15-g16","39":"pa_vehicles-bmw-g30","40":"pa_vehicles-bmw-g31","41":"pa_vehicles-bmw-g32","42":"pa_vehicles-mini-f55","43":"pa_vehicles-mini-f56","44":"pa_vehicles-mini-f56-gp3","45":"pa_vehicles-mini-f57","47":"first","48":"onbackorder","49":"taxable","50":"shipping-taxable","51":"purchasable","52":"product-type-simple"},"bundled_by":[],"bundle_stock_status":"onbackorder","bundle_stock_quantity":-1,"bundle_virtual":false,"bundle_layout":"","bundle_add_to_cart_form_location":"","bundle_editable_in_cart":false,"bundle_sold_individually_context":"","bundle_item_grouping":"","bundle_min_size":"","bundle_max_size":"","bundle_price":[],"bundled_items":[],"bundle_sell_ids":[],"_links":{"self":[{"href":"https:\/\/paddleshifterz.com\/de\/wp-json\/wp\/v2\/product\/77839","targetHints":{"allow":["GET"]}}],"collection":[{"href":"https:\/\/paddleshifterz.com\/de\/wp-json\/wp\/v2\/product"}],"about":[{"href":"https:\/\/paddleshifterz.com\/de\/wp-json\/wp\/v2\/types\/product"}],"wp:featuredmedia":[{"embeddable":true,"href":"https:\/\/paddleshifterz.com\/de\/wp-json\/wp\/v2\/media\/77840"}],"wp:attachment":[{"href":"https:\/\/paddleshifterz.com\/de\/wp-json\/wp\/v2\/media?parent=77839"}],"wp:term":[{"taxonomy":"product_brand","embeddable":true,"href":"https:\/\/paddleshifterz.com\/de\/wp-json\/wp\/v2\/product_brand?post=77839"},{"taxonomy":"product_cat","embeddable":true,"href":"https:\/\/paddleshifterz.com\/de\/wp-json\/wp\/v2\/product_cat?post=77839"},{"taxonomy":"product_tag","embeddable":true,"href":"https:\/\/paddleshifterz.com\/de\/wp-json\/wp\/v2\/product_tag?post=77839"}],"curies":[{"name":"wp","href":"https:\/\/api.w.org\/{rel}","templated":true}]}}