{"id":77851,"date":"2023-06-25T12:17:23","date_gmt":"2023-06-25T11:17:23","guid":{"rendered":"https:\/\/paddleshifterz.com\/?post_type=product&#038;p=77851"},"modified":"2025-12-29T05:58:14","modified_gmt":"2025-12-29T04:58:14","slug":"oem-mini-carbon-fiber-fuel-filler-cap-16115a7ad86","status":"publish","type":"product","link":"https:\/\/paddleshifterz.com\/de\/oem-mini-carbon-fiber-fuel-filler-cap-16115a7ad86\/","title":{"rendered":"OEM MINI Kohlefaser Kraftstofftankdeckel - 16115A7AD86"},"content":{"rendered":"<p>Die Fertigung aus dem Motorsportmaterial Carbon verspricht eine moderne, hochwertige Optik. Der John Cooper Works Schriftzug auf geb\u00fcrstetem Aluminium sorgt f\u00fcr extrem hohe Qualit\u00e4t. Der John Cooper Works Carbon-Tankdeckel hat eine optimale Passform. Das Original MINI Bauteil bietet beste Best\u00e4ndigkeit gegen Benzin und Dieselkraftstoffe. Erprobt und getestet nach den strengen BMW Group Standards f\u00fcr Haltbarkeit. Keine Einschr\u00e4nkung der Funktion des vorhandenen Tankdeckels.<\/p>\n<p><strong>Funktionsweise<\/strong><\/p>\n<ul>\n<li>Auf der Innenseite des Carbon-Tankdeckels sind Klebepads angebracht, mit denen er am vorhandenen Tankdeckel befestigt wird.<\/li>\n<li>F\u00fcr die einfache Montage (Verleimung) ist kein Besuch in der Werkstatt erforderlich.<\/li>\n<\/ul>\n<p><strong>Lieferumfang<\/strong><\/p>\n<ul>\n<li>Tankdeckel Kohlenstoff<\/li>\n<li>Montagehinweise<\/li>\n<\/ul>","protected":false},"excerpt":{"rendered":"<p>Der MINI John Cooper Works Carbon-Tankdeckel ist eine Abdeckkappe f\u00fcr den vorhandenen Tankdeckel, die durch ihre Fertigung aus echtem Carbon und das exklusive John Cooper Works Branding einen optischen Mehrwert schafft. Der John Cooper Works Carbon-Tankdeckel bietet eine deutliche optische Aufwertung des bestehenden Tankdeckels.<\/p>","protected":false},"featured_media":78076,"template":"","meta":{"bwfblock_default_font":""},"product_brand":[],"product_cat":[1113],"product_tag":[],"class_list":{"0":"post-77851","1":"product","2":"type-product","3":"status-publish","4":"has-post-thumbnail","6":"product_cat-exterior","7":"product_shipping_class-shifterz","8":"pa_brand-mini","9":"pa_product-type-oem-original-equipment-manufacturer","10":"pa_vehicles-mini-f54","11":"pa_vehicles-mini-f55","12":"pa_vehicles-mini-f56","13":"pa_vehicles-mini-f56-gp3","14":"pa_vehicles-mini-f57","15":"pa_vehicles-mini-f60-countryman","16":"pa_vehicles-mini-u25-countryman","18":"first","19":"onbackorder","20":"taxable","21":"shipping-taxable","22":"purchasable","23":"product-type-simple"},"bundled_by":[],"bundle_stock_status":"onbackorder","bundle_stock_quantity":-7,"bundle_virtual":false,"bundle_layout":"","bundle_add_to_cart_form_location":"","bundle_editable_in_cart":false,"bundle_sold_individually_context":"","bundle_item_grouping":"","bundle_min_size":"","bundle_max_size":"","bundle_price":[],"bundled_items":[],"bundle_sell_ids":[],"_links":{"self":[{"href":"https:\/\/paddleshifterz.com\/de\/wp-json\/wp\/v2\/product\/77851","targetHints":{"allow":["GET"]}}],"collection":[{"href":"https:\/\/paddleshifterz.com\/de\/wp-json\/wp\/v2\/product"}],"about":[{"href":"https:\/\/paddleshifterz.com\/de\/wp-json\/wp\/v2\/types\/product"}],"wp:featuredmedia":[{"embeddable":true,"href":"https:\/\/paddleshifterz.com\/de\/wp-json\/wp\/v2\/media\/78076"}],"wp:attachment":[{"href":"https:\/\/paddleshifterz.com\/de\/wp-json\/wp\/v2\/media?parent=77851"}],"wp:term":[{"taxonomy":"product_brand","embeddable":true,"href":"https:\/\/paddleshifterz.com\/de\/wp-json\/wp\/v2\/product_brand?post=77851"},{"taxonomy":"product_cat","embeddable":true,"href":"https:\/\/paddleshifterz.com\/de\/wp-json\/wp\/v2\/product_cat?post=77851"},{"taxonomy":"product_tag","embeddable":true,"href":"https:\/\/paddleshifterz.com\/de\/wp-json\/wp\/v2\/product_tag?post=77851"}],"curies":[{"name":"wp","href":"https:\/\/api.w.org\/{rel}","templated":true}]}}