{"id":78009,"date":"2023-07-07T21:14:38","date_gmt":"2023-07-07T20:14:38","guid":{"rendered":"https:\/\/paddleshifterz.com\/?post_type=product&#038;p=78009"},"modified":"2025-11-03T07:17:54","modified_gmt":"2025-11-03T06:17:54","slug":"oem-bmw-g20-g21-m-performance-gloss-black-rear-diffuser-trim-51192455856","status":"publish","type":"product","link":"https:\/\/paddleshifterz.com\/de\/oem-bmw-g20-g21-m-performance-gloss-black-rear-diffuser-trim-51192455856\/","title":{"rendered":"OEM BMW M Performance gl\u00e4nzend schwarz hinten G20\/G21 - 51192455856"},"content":{"rendered":"","protected":false},"excerpt":{"rendered":"<p>BMW M Performance Hecksto\u00dfstangenabdeckung schwarz hochglanz 3er G20 G21<br \/>\nDie BMW M Performance Hecksch\u00fcrzenabdeckung in Schwarz hochgl\u00e4nzend f\u00fcr die 3er Reihe unterstreicht den sportlichen Auftritt Ihres Fahrzeugs.<\/p>\n<p>Einzelheiten zum Produkt:<\/p>\n<p>Technisch perfekt auf die anderen Aerodynamik- und Exterieurkomponenten abgestimmt<br \/>\nDie M Performance Sto\u00dff\u00e4ngerabdeckung verbessert das sportliche Fahrverhalten Ihres Fahrzeugs<br \/>\nDie Aerodynamik wurde im Windkanal auf das gesamte Fahrzeug abgestimmt und in Stra\u00dfentests best\u00e4tigt<br \/>\nForm und Design wurden speziell f\u00fcr den BMW 3er G20 und G21 entwickelt<br \/>\nHohe Passgenauigkeit und ein hochwertiges Erscheinungsbild<br \/>\nGeeignet f\u00fcr runde Auspuffabdeckungen<\/p>","protected":false},"featured_media":78010,"template":"","meta":{"bwfblock_default_font":""},"product_brand":[],"product_cat":[1113],"product_tag":[],"class_list":{"0":"post-78009","1":"product","2":"type-product","3":"status-publish","4":"has-post-thumbnail","6":"product_cat-exterior","7":"product_shipping_class-shifterz","8":"pa_brand-bmw","9":"pa_brand-m-performance","10":"pa_product-type-oem-original-equipment-manufacturer","11":"pa_vehicles-bmw-g20","12":"pa_vehicles-bmw-g21","14":"first","15":"onbackorder","16":"taxable","17":"shipping-taxable","18":"purchasable","19":"product-type-simple"},"bundled_by":[],"bundle_stock_status":"onbackorder","bundle_stock_quantity":-1,"bundle_virtual":false,"bundle_layout":"","bundle_add_to_cart_form_location":"","bundle_editable_in_cart":false,"bundle_sold_individually_context":"","bundle_item_grouping":"","bundle_min_size":"","bundle_max_size":"","bundle_price":[],"bundled_items":[],"bundle_sell_ids":[],"_links":{"self":[{"href":"https:\/\/paddleshifterz.com\/de\/wp-json\/wp\/v2\/product\/78009","targetHints":{"allow":["GET"]}}],"collection":[{"href":"https:\/\/paddleshifterz.com\/de\/wp-json\/wp\/v2\/product"}],"about":[{"href":"https:\/\/paddleshifterz.com\/de\/wp-json\/wp\/v2\/types\/product"}],"wp:featuredmedia":[{"embeddable":true,"href":"https:\/\/paddleshifterz.com\/de\/wp-json\/wp\/v2\/media\/78010"}],"wp:attachment":[{"href":"https:\/\/paddleshifterz.com\/de\/wp-json\/wp\/v2\/media?parent=78009"}],"wp:term":[{"taxonomy":"product_brand","embeddable":true,"href":"https:\/\/paddleshifterz.com\/de\/wp-json\/wp\/v2\/product_brand?post=78009"},{"taxonomy":"product_cat","embeddable":true,"href":"https:\/\/paddleshifterz.com\/de\/wp-json\/wp\/v2\/product_cat?post=78009"},{"taxonomy":"product_tag","embeddable":true,"href":"https:\/\/paddleshifterz.com\/de\/wp-json\/wp\/v2\/product_tag?post=78009"}],"curies":[{"name":"wp","href":"https:\/\/api.w.org\/{rel}","templated":true}]}}