{"id":78109,"date":"2023-07-17T10:53:06","date_gmt":"2023-07-17T09:53:06","guid":{"rendered":"https:\/\/paddleshifterz.com\/?post_type=product&#038;p=78109"},"modified":"2025-12-08T07:39:18","modified_gmt":"2025-12-08T06:39:18","slug":"oem-bmw-m-performance-g87-m2-gloss-carbon-fiber-spoiler-51625a63c65","status":"publish","type":"product","link":"https:\/\/paddleshifterz.com\/de\/oem-bmw-m-performance-g87-m2-gloss-carbon-fiber-spoiler-51625a63c65\/","title":{"rendered":"OEM BMW M Performance G87 M2 carbon Spoiler \u2013 516625B33F50"},"content":{"rendered":"<h2>Spezifikationen<\/h2>\n<ul>\n<li>Original BMW Produkt<\/li>\n<li>Fl\u00fcgel aus Vollkohlefaser, 2\u00d72-Gewebe, gl\u00e4nzend<\/li>\n<li>Attraktives, sportliches Aussehen<\/li>\n<li>Optimale Abstimmung auf das Fahrzeug.<\/li>\n<li>Einfache Konstruktion<\/li>\n<li>Kit enth\u00e4lt Bohrschablone und Schrauben f\u00fcr die Installation<\/li>\n<li>Empfohlen f\u00fcr die Installation:\n<ul>\n<li><a href=\"https:\/\/paddleshifterz.com\/de\/oem-bmw-trunk-lid-gas-pressure-spring-41009641758\/\">Neue Gasdruckfedern<\/a><\/li>\n<\/ul>\n<\/li>\n<\/ul>","protected":false},"excerpt":{"rendered":"<p>BMW M Performance Carbon-Heckspoiler durchzieht den M2 G87. Die M Performance Exterieurkomponenten unterstreichen den sportlichen Auftritt des M2. Form und Design der Komponenten wurden speziell f\u00fcr den BMW M2 (G87) entwickelt. Die Teile f\u00fcgen sich perfekt in die Geometrie und Optik des Fahrzeugs ein.<\/p>\n<p><em>Alte Teilenummer: 51625A63C65, <strong>neue Teilenummer: 516625B33F50<\/strong><\/em><\/p>","protected":false},"featured_media":101715,"template":"","meta":{"bwfblock_default_font":""},"product_brand":[],"product_cat":[1211,1113],"product_tag":[],"class_list":{"0":"post-78109","1":"product","2":"type-product","3":"status-publish","4":"has-post-thumbnail","6":"product_cat-carbon-fibre-rear-spoiler","7":"product_cat-exterior","8":"product_shipping_class-shifterz","9":"pa_brand-bmw","10":"pa_brand-m-performance","11":"pa_product-type-oem-original-equipment-manufacturer","12":"pa_vehicles-bmw-g87-m2","14":"first","15":"onbackorder","16":"taxable","17":"shipping-taxable","18":"purchasable","19":"product-type-simple"},"bundled_by":[],"bundle_stock_status":"onbackorder","bundle_stock_quantity":-1,"bundle_virtual":false,"bundle_layout":"","bundle_add_to_cart_form_location":"","bundle_editable_in_cart":false,"bundle_sold_individually_context":"","bundle_item_grouping":"","bundle_min_size":"","bundle_max_size":"","bundle_price":[],"bundled_items":[],"bundle_sell_ids":[],"_links":{"self":[{"href":"https:\/\/paddleshifterz.com\/de\/wp-json\/wp\/v2\/product\/78109","targetHints":{"allow":["GET"]}}],"collection":[{"href":"https:\/\/paddleshifterz.com\/de\/wp-json\/wp\/v2\/product"}],"about":[{"href":"https:\/\/paddleshifterz.com\/de\/wp-json\/wp\/v2\/types\/product"}],"wp:featuredmedia":[{"embeddable":true,"href":"https:\/\/paddleshifterz.com\/de\/wp-json\/wp\/v2\/media\/101715"}],"wp:attachment":[{"href":"https:\/\/paddleshifterz.com\/de\/wp-json\/wp\/v2\/media?parent=78109"}],"wp:term":[{"taxonomy":"product_brand","embeddable":true,"href":"https:\/\/paddleshifterz.com\/de\/wp-json\/wp\/v2\/product_brand?post=78109"},{"taxonomy":"product_cat","embeddable":true,"href":"https:\/\/paddleshifterz.com\/de\/wp-json\/wp\/v2\/product_cat?post=78109"},{"taxonomy":"product_tag","embeddable":true,"href":"https:\/\/paddleshifterz.com\/de\/wp-json\/wp\/v2\/product_tag?post=78109"}],"curies":[{"name":"wp","href":"https:\/\/api.w.org\/{rel}","templated":true}]}}