{"id":78196,"date":"2023-07-27T20:07:34","date_gmt":"2023-07-27T19:07:34","guid":{"rendered":"https:\/\/paddleshifterz.com\/?post_type=product&#038;p=78196"},"modified":"2026-04-07T05:44:13","modified_gmt":"2026-04-07T04:44:13","slug":"oem-bmw-m-performance-bumper-trim-black-high-gloss-rear-51195a36857","status":"publish","type":"product","link":"https:\/\/paddleshifterz.com\/de\/oem-bmw-m-performance-bumper-trim-black-high-gloss-rear-51195a36857\/","title":{"rendered":"OEM BMW M Performance Blende schwarz - 51195A36857"},"content":{"rendered":"<h2>Details zum Produkt<\/h2>\n<ul>\n<li>Attraktives, sportliches Aussehen.<\/li>\n<li>Optimale Abstimmung auf das Fahrzeug.<\/li>\n<li>Einfache Konstruktion<\/li>\n<li>Heck: Der Heckdiffusor und der Heckspoiler runden den Carbon-Rundum-Look perfekt ab.<\/li>\n<li>Die M Performance Aerodynamik- und Exterieurkomponenten sind technisch perfekt aufeinander abgestimmt. Die Form und das Design der Komponenten wurden speziell f\u00fcr das BMW 4er Gran Coup\u00e9 (G26) und den BMW i4 (G26 BEV) entwickelt.<\/li>\n<li>Die Teile f\u00fcgen sich perfekt in die Geometrie und das Erscheinungsbild des Fahrzeugs ein. Die markanten Teile stellen eine klare Differenzierung zum Serienfahrzeug dar. Die aufwendige Fertigung der Bauteile verleiht den Bauteilen ein hochwertiges Aussehen.<\/li>\n<\/ul>\n<p><a href=\"https:\/\/paddleshifterz.com\/de\/produkt\/oem-bmw-m-performance-carbon-fiber-diffuser-51-19-2-472-778\/\">Empfohlen f\u00fcr den M Performance Kohlefaserdiffusor.<\/a><\/p>","protected":false},"excerpt":{"rendered":"<p>BMW M Performance Sto\u00dff\u00e4ngerverkleidung Schwarz Hochglanz 4er G26. Die M Performance Aerodynamik- und Exterieurkomponenten f\u00fcr das 4er Gran Coup\u00e9 (G26) und den BMW i4 (G26 BEV). Hergestellt aus schwarzem hochgl\u00e4nzendem PUR und unterstreichen den sportlichen Auftritt des Fahrzeugs.<\/p>","protected":false},"featured_media":78373,"template":"","meta":{"bwfblock_default_font":""},"product_brand":[],"product_cat":[1313,1113],"product_tag":[],"class_list":{"0":"post-78196","1":"product","2":"type-product","3":"status-publish","4":"has-post-thumbnail","6":"product_cat-diffusers","7":"product_cat-exterior","8":"product_shipping_class-shifterz","9":"pa_brand-bmw","10":"pa_brand-m-performance","11":"pa_product-type-oem-original-equipment-manufacturer","12":"pa_vehicles-bmw-i4-g26","14":"first","15":"onbackorder","16":"taxable","17":"shipping-taxable","18":"purchasable","19":"product-type-simple"},"bundled_by":[],"bundle_stock_status":"onbackorder","bundle_stock_quantity":-2,"bundle_virtual":false,"bundle_layout":"","bundle_add_to_cart_form_location":"","bundle_editable_in_cart":false,"bundle_sold_individually_context":"","bundle_item_grouping":"","bundle_min_size":"","bundle_max_size":"","bundle_price":[],"bundled_items":[],"bundle_sell_ids":[],"_links":{"self":[{"href":"https:\/\/paddleshifterz.com\/de\/wp-json\/wp\/v2\/product\/78196","targetHints":{"allow":["GET"]}}],"collection":[{"href":"https:\/\/paddleshifterz.com\/de\/wp-json\/wp\/v2\/product"}],"about":[{"href":"https:\/\/paddleshifterz.com\/de\/wp-json\/wp\/v2\/types\/product"}],"wp:featuredmedia":[{"embeddable":true,"href":"https:\/\/paddleshifterz.com\/de\/wp-json\/wp\/v2\/media\/78373"}],"wp:attachment":[{"href":"https:\/\/paddleshifterz.com\/de\/wp-json\/wp\/v2\/media?parent=78196"}],"wp:term":[{"taxonomy":"product_brand","embeddable":true,"href":"https:\/\/paddleshifterz.com\/de\/wp-json\/wp\/v2\/product_brand?post=78196"},{"taxonomy":"product_cat","embeddable":true,"href":"https:\/\/paddleshifterz.com\/de\/wp-json\/wp\/v2\/product_cat?post=78196"},{"taxonomy":"product_tag","embeddable":true,"href":"https:\/\/paddleshifterz.com\/de\/wp-json\/wp\/v2\/product_tag?post=78196"}],"curies":[{"name":"wp","href":"https:\/\/api.w.org\/{rel}","templated":true}]}}