{"id":78213,"date":"2023-07-28T22:44:47","date_gmt":"2023-07-28T21:44:47","guid":{"rendered":"https:\/\/paddleshifterz.com\/?post_type=product&#038;p=78213"},"modified":"2025-11-03T07:17:58","modified_gmt":"2025-11-03T06:17:58","slug":"oem-bmw-carbon-fiber-front-splitter-for-g80-m3-51192475168","status":"publish","type":"product","link":"https:\/\/paddleshifterz.com\/de\/oem-bmw-carbon-fiber-front-splitter-for-g80-m3-51192475168\/","title":{"rendered":"OEM BMW Carbonfaser Frontsplitter f\u00fcr G8X - 51192475168"},"content":{"rendered":"<h2>Spezifikationen<\/h2>\n<ul>\n<li>Der Frontaufsatz verleiht dem Fahrzeug eine markante und charakteristische Frontansicht.<\/li>\n<li>Eine T\u00dcV-Eintragung ist nicht erforderlich.<\/li>\n<li>Die M Performance Exterieurkomponenten verf\u00fcgen \u00fcber eine optimale Aerodynamik und verst\u00e4rken das sportliche Handling.<\/li>\n<li>Der Frontanbau wurde u. a. auf Fu\u00dfg\u00e4ngerschutzanforderungen gepr\u00fcft. Alle gesetzlichen Anforderungen werden erf\u00fcllt.<\/li>\n<li>Die Karbonkomponente besteht aus kohlefaserverst\u00e4rktem Kunststoff (CFK) und ist mit Klarlack versiegelt.<\/li>\n<li>Die Materialien sind UV- und temperaturbest\u00e4ndig.<\/li>\n<li>Der Einbau des Heckspoilers ist nicht zwingend mit dem Einbau des Frontaufsatzes verbunden, aber ein optimales Fahrverhalten kann nur durch die Kombination beider Produkte erreicht werden.<\/li>\n<li>Die Montage muss in einem Temperaturbereich von 18\u00b0C bis 35\u00b0C erfolgen.<\/li>\n<li>Bei der Befestigung von Au\u00dfenbauteilen mit Fl\u00fcssigkleber (z.B. Betalink 1K) sind die Aush\u00e4rtezeiten der verwendeten Klebstoffe zu beachten.<\/li>\n<li>In der Regel darf das Fahrzeug 24 Stunden lang nicht bewegt werden.<\/li>\n<li>Das Fahrzeug ist erst nach 48 Stunden f\u00fcr Waschanlagen geeignet.<\/li>\n<li>Alle Teile m\u00fcssen vor dem Einbau in das Fahrzeug auf ihre Passgenauigkeit \u00fcberpr\u00fcft werden.<\/li>\n<li>Alle Klebefl\u00e4chen m\u00fcssen absolut trocken, sauber und frei von Wachs und Fett sein.<\/li>\n<\/ul>\n<h2>Lieferumfang<\/h2>\n<ul>\n<li>M Performance Carbon-Vorderradaufsatz.<\/li>\n<\/ul>\n<h2>Passende Fahrzeuge<\/h2>\n<ul>\n<li><a href=\"https:\/\/paddleshifterz.com\/de\/vehicles\/bmw-g80-m3\/\">BMW G80 M3<\/a><\/li>\n<li><a href=\"https:\/\/paddleshifterz.com\/de\/vehicles\/bmw-g81-m3-touring\/\">BMW G81 M3 Touring<\/a><\/li>\n<li><a href=\"https:\/\/paddleshifterz.com\/de\/vehicles\/bmw-g82-m4\/\">BMW G82 M4<\/a><\/li>\n<li><a href=\"https:\/\/paddleshifterz.com\/de\/vehicles\/bmw-g83-m4\/\">BMW G83 M4<\/a><\/li>\n<\/ul>\n<h2>Material<\/h2>\n<ul>\n<li>kohlenstofffaserverst\u00e4rkter Kunststoff (CFRP)<\/li>\n<\/ul>\n<p>Teilenummer: 51 19 2 475 168, 51192475168<\/p>","protected":false},"excerpt":{"rendered":"<p>Der Original M Performance Frontaufsatz ist aus kohlefaserverst\u00e4rktem Kunststoff gefertigt. Passend zum optionalen Carbon-Paket (SA71C) unterstreicht der M Performance Frontaufsatz die sportliche und attraktive Optik des BMW M3 oder M4. Er wurde speziell f\u00fcr die M3 Limousine und das M4 Coup\u00e9 entwickelt und kann auch ohne das optionale Carbon-Paket (SA71C) montiert werden.<\/p>","protected":false},"featured_media":78335,"template":"","meta":{"bwfblock_default_font":""},"product_brand":[],"product_cat":[1113,1317],"product_tag":[],"class_list":{"0":"post-78213","1":"product","2":"type-product","3":"status-publish","4":"has-post-thumbnail","6":"product_cat-exterior","7":"product_cat-front-bumper-and-accessories","8":"product_shipping_class-oversized-items","9":"pa_brand-bmw","10":"pa_product-type-oem-original-equipment-manufacturer","11":"pa_vehicles-bmw-g80-m3","12":"pa_vehicles-bmw-g81-m3-touring","13":"pa_vehicles-bmw-g82-m4","14":"pa_vehicles-bmw-g83-m4","16":"first","17":"onbackorder","18":"taxable","19":"shipping-taxable","20":"purchasable","21":"product-type-simple"},"bundled_by":["70635"],"bundle_stock_status":"onbackorder","bundle_stock_quantity":-9,"bundle_virtual":false,"bundle_layout":"","bundle_add_to_cart_form_location":"","bundle_editable_in_cart":false,"bundle_sold_individually_context":"","bundle_item_grouping":"","bundle_min_size":"","bundle_max_size":"","bundle_price":[],"bundled_items":[],"bundle_sell_ids":[],"_links":{"self":[{"href":"https:\/\/paddleshifterz.com\/de\/wp-json\/wp\/v2\/product\/78213","targetHints":{"allow":["GET"]}}],"collection":[{"href":"https:\/\/paddleshifterz.com\/de\/wp-json\/wp\/v2\/product"}],"about":[{"href":"https:\/\/paddleshifterz.com\/de\/wp-json\/wp\/v2\/types\/product"}],"wp:featuredmedia":[{"embeddable":true,"href":"https:\/\/paddleshifterz.com\/de\/wp-json\/wp\/v2\/media\/78335"}],"wp:attachment":[{"href":"https:\/\/paddleshifterz.com\/de\/wp-json\/wp\/v2\/media?parent=78213"}],"wp:term":[{"taxonomy":"product_brand","embeddable":true,"href":"https:\/\/paddleshifterz.com\/de\/wp-json\/wp\/v2\/product_brand?post=78213"},{"taxonomy":"product_cat","embeddable":true,"href":"https:\/\/paddleshifterz.com\/de\/wp-json\/wp\/v2\/product_cat?post=78213"},{"taxonomy":"product_tag","embeddable":true,"href":"https:\/\/paddleshifterz.com\/de\/wp-json\/wp\/v2\/product_tag?post=78213"}],"curies":[{"name":"wp","href":"https:\/\/api.w.org\/{rel}","templated":true}]}}