{"id":78278,"date":"2023-08-03T18:57:53","date_gmt":"2023-08-03T17:57:53","guid":{"rendered":"https:\/\/paddleshifterz.com\/?post_type=product&#038;p=78278"},"modified":"2026-04-03T13:36:14","modified_gmt":"2026-04-03T12:36:14","slug":"oem-bmw-led-door-projector-light-kit-63312463924","status":"publish","type":"product","link":"https:\/\/paddleshifterz.com\/de\/oem-bmw-led-door-projector-light-kit-63312463924\/","title":{"rendered":"OEM BMW LED-T\u00fcrprojektor-Lichtkit - 63312463924"},"content":{"rendered":"<h2>Details zum Produkt<\/h2>\n<ul>\n<li>Schiebeprojektion ersetzt Standard-Eingangsleuchte<\/li>\n<li>Auch in der D\u00e4mmerung sehr gut zu erkennen<\/li>\n<li>Die Projektion wird automatisch aktiviert, wenn die T\u00fcren ge\u00f6ffnet werden.<\/li>\n<li>Es stehen verschiedene Grafiken zur Auswahl, die Ihren Bed\u00fcrfnissen nach Komfort, Sicherheit oder Individualisierung entsprechen<\/li>\n<li>Die T\u00fcrprojektoren erf\u00fcllen die strengen Qualit\u00e4ts- und Umweltanforderungen der BMW Group<\/li>\n<li>Hat eine \u00fcberdurchschnittliche Lebenserwartung.<\/li>\n<li>Kompatibel f\u00fcr alle BMW Fahrzeuge mit Ausstiegsleuchten<\/li>\n<\/ul>\n<h2>Lieferumfang<\/h2>\n<ul>\n<li>2 T\u00fcrscheinwerfer mit BMW Logo<\/li>\n<li>Weitere Dias mit BMW M Logo<\/li>\n<\/ul>","protected":false},"excerpt":{"rendered":"<p>Die neuen BMW LED-T\u00fcrprojektoren mit verbesserter Projektionsqualit\u00e4t und \u00fcberdurchschnittlicher Lebensdauer machen das Ein- und Aussteigen zu einem einzigartigen Erlebnis. Beim \u00d6ffnen der Fahrzeugt\u00fcren wird eine Grafik auf den Boden neben dem Fahrzeug projiziert. Diese au\u00dfergew\u00f6hnliche Ausleuchtung des Einstiegsbereichs vermittelt dem Fahrer, seinen Insassen und Passanten ein Gef\u00fchl von Exklusivit\u00e4t und Individualit\u00e4t. Das Set mit dem T\u00fcrprojektor enth\u00e4lt neben dem BMW Logo auch das BMW M Logo und kann nach Wunsch ausgetauscht werden.<\/p>\n<p>SKU: 63312463924<\/p>","protected":false},"featured_media":78279,"template":"","meta":{"bwfblock_default_font":""},"product_brand":[],"product_cat":[593],"product_tag":[],"class_list":{"0":"post-78278","1":"product","2":"type-product","3":"status-publish","4":"has-post-thumbnail","6":"product_cat-interior","7":"product_shipping_class-shifterz","8":"pa_brand-bmw","9":"pa_product-type-oem-original-equipment-manufacturer","10":"pa_vehicles-bmw-g20","11":"pa_vehicles-bmw-g21","12":"pa_vehicles-bmw-g22","13":"pa_vehicles-bmw-g23","14":"pa_vehicles-bmw-z4-g29","15":"pa_vehicles-bmw-g80-m3","16":"pa_vehicles-bmw-g81-m3-touring","17":"pa_vehicles-bmw-g82-m4","18":"pa_vehicles-bmw-g83-m4","19":"pa_vehicles-bmw-g87-m2","21":"first","22":"onbackorder","23":"taxable","24":"shipping-taxable","25":"purchasable","26":"product-type-simple"},"bundled_by":[],"bundle_stock_status":"onbackorder","bundle_stock_quantity":-9,"bundle_virtual":false,"bundle_layout":"","bundle_add_to_cart_form_location":"","bundle_editable_in_cart":false,"bundle_sold_individually_context":"","bundle_item_grouping":"","bundle_min_size":"","bundle_max_size":"","bundle_price":[],"bundled_items":[],"bundle_sell_ids":[],"_links":{"self":[{"href":"https:\/\/paddleshifterz.com\/de\/wp-json\/wp\/v2\/product\/78278","targetHints":{"allow":["GET"]}}],"collection":[{"href":"https:\/\/paddleshifterz.com\/de\/wp-json\/wp\/v2\/product"}],"about":[{"href":"https:\/\/paddleshifterz.com\/de\/wp-json\/wp\/v2\/types\/product"}],"wp:featuredmedia":[{"embeddable":true,"href":"https:\/\/paddleshifterz.com\/de\/wp-json\/wp\/v2\/media\/78279"}],"wp:attachment":[{"href":"https:\/\/paddleshifterz.com\/de\/wp-json\/wp\/v2\/media?parent=78278"}],"wp:term":[{"taxonomy":"product_brand","embeddable":true,"href":"https:\/\/paddleshifterz.com\/de\/wp-json\/wp\/v2\/product_brand?post=78278"},{"taxonomy":"product_cat","embeddable":true,"href":"https:\/\/paddleshifterz.com\/de\/wp-json\/wp\/v2\/product_cat?post=78278"},{"taxonomy":"product_tag","embeddable":true,"href":"https:\/\/paddleshifterz.com\/de\/wp-json\/wp\/v2\/product_tag?post=78278"}],"curies":[{"name":"wp","href":"https:\/\/api.w.org\/{rel}","templated":true}]}}