{"id":78723,"date":"2023-09-23T21:05:15","date_gmt":"2023-09-23T20:05:15","guid":{"rendered":"https:\/\/paddleshifterz.com\/?post_type=product&#038;p=78723"},"modified":"2026-01-07T10:58:09","modified_gmt":"2026-01-07T09:58:09","slug":"oem-bmw-rear-fender-flap-set-left-and-right-for-bmw-i4-g26-and-g26-51775a3f259","status":"publish","type":"product","link":"https:\/\/paddleshifterz.com\/de\/oem-bmw-rear-fender-flap-set-left-and-right-for-bmw-i4-g26-and-g26-51775a3f259\/","title":{"rendered":"OEM BMW Rear fender flap set BMW i4 G26, G26 &#8211; 51775A3F259"},"content":{"rendered":"","protected":false},"excerpt":{"rendered":"<p>OEM BMW hinteren Kotfl\u00fcgel Klappe Satz (links und rechts), um \u00fcber dem Hinterrad installiert werden. Teile kamen grundiert und m\u00fcssen lackiert oder gewickelt werden.<\/p>\n<p>Es wird empfohlen, sie mit Klebeband zu befestigen.<\/p>\n<p><strong>Teilenummer:<\/strong><\/p>\n<ul>\n<li><strong>Teile:<\/strong>\n<ul>\n<li>51775A3F259<\/li>\n<\/ul>\n<\/li>\n<\/ul>","protected":false},"featured_media":78722,"template":"","meta":{"bwfblock_default_font":""},"product_brand":[],"product_cat":[1113],"product_tag":[],"class_list":{"0":"post-78723","1":"product","2":"type-product","3":"status-publish","4":"has-post-thumbnail","6":"product_cat-exterior","7":"product_shipping_class-shifterz","8":"pa_brand-bmw","9":"pa_product-type-oem-original-equipment-manufacturer","10":"pa_vehicles-bmw-g26-grancoupe","11":"pa_vehicles-bmw-i4-g26","13":"first","14":"onbackorder","15":"taxable","16":"shipping-taxable","17":"purchasable","18":"product-type-simple"},"bundled_by":["78721"],"bundle_stock_status":"onbackorder","bundle_stock_quantity":-7,"bundle_virtual":false,"bundle_layout":"","bundle_add_to_cart_form_location":"","bundle_editable_in_cart":false,"bundle_sold_individually_context":"","bundle_item_grouping":"","bundle_min_size":"","bundle_max_size":"","bundle_price":[],"bundled_items":[],"bundle_sell_ids":[],"_links":{"self":[{"href":"https:\/\/paddleshifterz.com\/de\/wp-json\/wp\/v2\/product\/78723","targetHints":{"allow":["GET"]}}],"collection":[{"href":"https:\/\/paddleshifterz.com\/de\/wp-json\/wp\/v2\/product"}],"about":[{"href":"https:\/\/paddleshifterz.com\/de\/wp-json\/wp\/v2\/types\/product"}],"wp:featuredmedia":[{"embeddable":true,"href":"https:\/\/paddleshifterz.com\/de\/wp-json\/wp\/v2\/media\/78722"}],"wp:attachment":[{"href":"https:\/\/paddleshifterz.com\/de\/wp-json\/wp\/v2\/media?parent=78723"}],"wp:term":[{"taxonomy":"product_brand","embeddable":true,"href":"https:\/\/paddleshifterz.com\/de\/wp-json\/wp\/v2\/product_brand?post=78723"},{"taxonomy":"product_cat","embeddable":true,"href":"https:\/\/paddleshifterz.com\/de\/wp-json\/wp\/v2\/product_cat?post=78723"},{"taxonomy":"product_tag","embeddable":true,"href":"https:\/\/paddleshifterz.com\/de\/wp-json\/wp\/v2\/product_tag?post=78723"}],"curies":[{"name":"wp","href":"https:\/\/api.w.org\/{rel}","templated":true}]}}