{"id":78883,"date":"2023-10-16T16:33:16","date_gmt":"2023-10-16T15:33:16","guid":{"rendered":"https:\/\/paddleshifterz.com\/?post_type=product&#038;p=78883"},"modified":"2026-02-10T13:38:11","modified_gmt":"2026-02-10T12:38:11","slug":"oem-bmw-50-year-m-led-door-projectors-50mm-63315a64018","status":"publish","type":"product","link":"https:\/\/paddleshifterz.com\/de\/oem-bmw-50-year-m-led-door-projectors-50mm-63315a64018\/","title":{"rendered":"OEM BMW 50 Jahre M LED T\u00fcrprojektoren - 50mm - 63315A64018"},"content":{"rendered":"","protected":false},"excerpt":{"rendered":"<p>Original BMW 50 Jahre M T\u00fcrprojektor, 63315A64018. Paket enth\u00e4lt 2 Projektoren. 50mm.<\/p>\n<p>Die BMW M GmbH setzt zu Beginn des Jubil\u00e4umsjahres ein Zeichen. Anl\u00e4sslich des 50-j\u00e4hrigen Jubil\u00e4ums kehrt das klassische \"BMW Motorsport\"-Emblem zur\u00fcck. Das BMW Logo mit den gestaffelten Halbkreisen in Blau, Dunkelblau und Rot wurde erstmals 1973 auf den Rennfahrzeugen der im Jahr zuvor gegr\u00fcndeten BMW Motorsport GmbH verwendet. Die neuen BMW M 50 Jahre LED-T\u00fcrprojektoren machen das Ein- und Aussteigen zu einem einzigartigen Erlebnis. Beim \u00d6ffnen der Fahrzeugt\u00fcren wird eine Grafik auf den Boden neben dem Fahrzeug projiziert. Diese au\u00dfergew\u00f6hnliche Ausleuchtung des Einstiegsbereichs vermittelt dem Fahrer, seinen Insassen und Passanten ein Gef\u00fchl von Exklusivit\u00e4t und Individualit\u00e4t.<\/p>\n<ul>\n<li>Schiebeprojektion anstelle der Standard-Eingangsleuchte.<\/li>\n<li>Die Grafiken sind auch in der D\u00e4mmerung sehr gut zu erkennen.<\/li>\n<li>Die Projektion wird automatisch aktiviert, wenn die T\u00fcren ge\u00f6ffnet werden.<\/li>\n<li>Im M-Performance-Schiebersatz stehen weitere Grafiken zur Auswahl, die der Kunde je nach Komfort-, Sicherheits- oder Individualisierungsbedarf einsetzen kann.<\/li>\n<li>Die T\u00fcrprojektoren erf\u00fcllen die strengen Qualit\u00e4ts- und Umweltanforderungen der BMW Group.<\/li>\n<\/ul>","protected":false},"featured_media":66714,"template":"","meta":{"bwfblock_default_font":""},"product_brand":[],"product_cat":[1090,593],"product_tag":[],"class_list":{"0":"post-78883","1":"product","2":"type-product","3":"status-publish","4":"has-post-thumbnail","6":"product_cat-50-year-m","7":"product_cat-interior","8":"product_shipping_class-shifterz","9":"pa_brand-bmw","10":"pa_product-type-oem-original-equipment-manufacturer","11":"pa_vehicles-bmw-f44","12":"pa_vehicles-bmw-g20","13":"pa_vehicles-bmw-g21","14":"pa_vehicles-bmw-g22","15":"pa_vehicles-bmw-g23","16":"pa_vehicles-bmw-g26-grancoupe","17":"pa_vehicles-bmw-z4-g29","18":"pa_vehicles-bmw-g42","19":"pa_vehicles-bmw-g80-m3","20":"pa_vehicles-bmw-g81-m3-touring","21":"pa_vehicles-bmw-g82-m4-csl","22":"pa_vehicles-bmw-g82-m4","23":"pa_vehicles-bmw-g87-m2","24":"pa_vehicles-bmw-i4-g26","26":"first","27":"instock","28":"taxable","29":"shipping-taxable","30":"purchasable","31":"product-type-simple"},"bundled_by":[],"bundle_stock_status":"instock","bundle_stock_quantity":77,"bundle_virtual":false,"bundle_layout":"","bundle_add_to_cart_form_location":"","bundle_editable_in_cart":false,"bundle_sold_individually_context":"","bundle_item_grouping":"","bundle_min_size":"","bundle_max_size":"","bundle_price":[],"bundled_items":[],"bundle_sell_ids":[],"_links":{"self":[{"href":"https:\/\/paddleshifterz.com\/de\/wp-json\/wp\/v2\/product\/78883","targetHints":{"allow":["GET"]}}],"collection":[{"href":"https:\/\/paddleshifterz.com\/de\/wp-json\/wp\/v2\/product"}],"about":[{"href":"https:\/\/paddleshifterz.com\/de\/wp-json\/wp\/v2\/types\/product"}],"wp:featuredmedia":[{"embeddable":true,"href":"https:\/\/paddleshifterz.com\/de\/wp-json\/wp\/v2\/media\/66714"}],"wp:attachment":[{"href":"https:\/\/paddleshifterz.com\/de\/wp-json\/wp\/v2\/media?parent=78883"}],"wp:term":[{"taxonomy":"product_brand","embeddable":true,"href":"https:\/\/paddleshifterz.com\/de\/wp-json\/wp\/v2\/product_brand?post=78883"},{"taxonomy":"product_cat","embeddable":true,"href":"https:\/\/paddleshifterz.com\/de\/wp-json\/wp\/v2\/product_cat?post=78883"},{"taxonomy":"product_tag","embeddable":true,"href":"https:\/\/paddleshifterz.com\/de\/wp-json\/wp\/v2\/product_tag?post=78883"}],"curies":[{"name":"wp","href":"https:\/\/api.w.org\/{rel}","templated":true}]}}