{"id":78902,"date":"2023-10-17T10:21:31","date_gmt":"2023-10-17T09:21:31","guid":{"rendered":"https:\/\/paddleshifterz.com\/?post_type=product&#038;p=78902"},"modified":"2025-11-03T07:18:14","modified_gmt":"2025-11-03T06:18:14","slug":"oem-mini-sports-brake-kit-for-f54-f60-34112360181","status":"publish","type":"product","link":"https:\/\/paddleshifterz.com\/de\/oem-mini-sports-brake-kit-for-f54-f60-34112360181\/","title":{"rendered":"OEM MINI Sportbremsensatz f\u00fcr F54 - 34112360181"},"content":{"rendered":"<p>Der Nachr\u00fcstsatz f\u00fcr die sportliche 17 Zoll JCW Bremsanlage ist f\u00fcr den F54 geeignet. Die Vorderachsbremse besteht aus einem 4-Kolben-Festsattel in chillirot mit JOHN COOPER WORKS Branding und einer innenbel\u00fcfteten, gelochten Bremsscheibe. Die Hinterachsbremse besteht aus einem 1-Kolben-Schwimmsattel in chillirot mit einer innenbel\u00fcfteten Bremsscheibe. Dieser Satz ist f\u00fcr die Nachr\u00fcstung an allen F54 geeignet, ausgenommen Fahrzeuge mit serienm\u00e4\u00dfigen JOHN COOPER WORKS Bremsen.<\/p>\n<h2>Einzelheiten zum Produkt<\/h2>\n<ul>\n<li>Deutlich verbesserte thermische Belastbarkeit durch gr\u00f6\u00dfere, innenbel\u00fcftete Bremsscheiben und Aluminium<\/li>\n<li>Festsattel an der Vorderachse.<\/li>\n<li>Sportliches, direktes Ansprechen des Bremssystems.<\/li>\n<li>Unterstreicht die Sportlichkeit, vor allem mit Leichtmetallr\u00e4dern mit offenem Raddesign.<\/li>\n<li>Anpassung von DSC (Dynamische Stabilit\u00e4tskontrolle; elektronisches Stabilit\u00e4tsprogramm) und ABS (Antiblockiersystem) an die ver\u00e4nderten Bremseigenschaften.<\/li>\n<\/ul>\n<h2>Lieferumfang<\/h2>\n<ul>\n<li>Bremss\u00e4ttel Vorderachse einschlie\u00dflich Bel\u00e4ge und Bremsscheiben.<\/li>\n<li>Bremss\u00e4ttel der Hinterachse einschlie\u00dflich Bel\u00e4gen und Bremsscheiben.<\/li>\n<li>Bremsenschutzgitter<\/li>\n<li>Komplette Bremsanlage (Bremskraftverst\u00e4rker, Tandem-Hauptbremszylinder und Bremsfl\u00fcssigkeitsausgleichsbeh\u00e4lter)<\/li>\n<li>Alle erforderlichen Anh\u00e4nge<\/li>\n<\/ul>","protected":false},"excerpt":{"rendered":"<p>Original MINI Sportbremsen-Nachr\u00fcstsatz f\u00fcr MINI F54, F54N<\/p>","protected":false},"featured_media":101708,"template":"","meta":{"bwfblock_default_font":""},"product_brand":[],"product_cat":[1119,1727],"product_tag":[],"class_list":{"0":"post-78902","1":"product","2":"type-product","3":"status-publish","4":"has-post-thumbnail","6":"product_cat-brake","7":"product_cat-performance","8":"product_shipping_class-shifterz","9":"pa_brand-mini","10":"pa_product-type-oem-original-equipment-manufacturer","11":"pa_vehicles-mini-f54","12":"pa_vehicles-mini-f60-countryman","14":"first","15":"onbackorder","16":"taxable","17":"shipping-taxable","18":"purchasable","19":"product-type-simple"},"bundled_by":[],"bundle_stock_status":"onbackorder","bundle_stock_quantity":-3,"bundle_virtual":false,"bundle_layout":"","bundle_add_to_cart_form_location":"","bundle_editable_in_cart":false,"bundle_sold_individually_context":"","bundle_item_grouping":"","bundle_min_size":"","bundle_max_size":"","bundle_price":[],"bundled_items":[],"bundle_sell_ids":[],"_links":{"self":[{"href":"https:\/\/paddleshifterz.com\/de\/wp-json\/wp\/v2\/product\/78902","targetHints":{"allow":["GET"]}}],"collection":[{"href":"https:\/\/paddleshifterz.com\/de\/wp-json\/wp\/v2\/product"}],"about":[{"href":"https:\/\/paddleshifterz.com\/de\/wp-json\/wp\/v2\/types\/product"}],"wp:featuredmedia":[{"embeddable":true,"href":"https:\/\/paddleshifterz.com\/de\/wp-json\/wp\/v2\/media\/101708"}],"wp:attachment":[{"href":"https:\/\/paddleshifterz.com\/de\/wp-json\/wp\/v2\/media?parent=78902"}],"wp:term":[{"taxonomy":"product_brand","embeddable":true,"href":"https:\/\/paddleshifterz.com\/de\/wp-json\/wp\/v2\/product_brand?post=78902"},{"taxonomy":"product_cat","embeddable":true,"href":"https:\/\/paddleshifterz.com\/de\/wp-json\/wp\/v2\/product_cat?post=78902"},{"taxonomy":"product_tag","embeddable":true,"href":"https:\/\/paddleshifterz.com\/de\/wp-json\/wp\/v2\/product_tag?post=78902"}],"curies":[{"name":"wp","href":"https:\/\/api.w.org\/{rel}","templated":true}]}}