{"id":79013,"date":"2023-10-27T06:53:28","date_gmt":"2023-10-27T05:53:28","guid":{"rendered":"https:\/\/paddleshifterz.com\/?post_type=product&#038;p=79013"},"modified":"2026-01-27T04:46:00","modified_gmt":"2026-01-27T03:46:00","slug":"oem-bmw-g-series-x3-x3m-facelift-lci-retrofit-kit-63135a5c852","status":"publish","type":"product","link":"https:\/\/paddleshifterz.com\/de\/oem-bmw-g-series-x3-x3m-facelift-lci-retrofit-kit-63135a5c852\/","title":{"rendered":"OEM BMW G01, F97 LCI Nachr\u00fcstsatz Heckleuchten - 63135A5C852"},"content":{"rendered":"<p>R\u00fcsten Sie die R\u00fcckleuchten Ihres BMW X3 oder X3M mit diesem original BMW LCI R\u00fcckleuchten-Nachr\u00fcstsatz auf. Ein universeller Nachr\u00fcstsatz, der auch f\u00fcr EU- und US-Fahrzeuge passt (au\u00dfer G01 US-Fahrzeug). (einschlie\u00dflich aller anderen Regionen wie IND, MYS, CHN, etc)<\/p>\n<p>Die Installation ist ein einfacher Plug-and-Play-Job, keine zus\u00e4tzlichen Dr\u00e4hte ben\u00f6tigt, obwohl es Kodierung und Re-Pinning von Dr\u00e4hten erfordert. Sie erhalten eine Installationsanleitung von unserer Website automatisch nach dem Kauf.<\/p>\n<h2>Einbau und Spezifikationen<\/h2>\n<p>Dieses R\u00fccklicht-Kit ist f\u00fcr Fahrzeuge mit S552A oder S5A4A Merkmalen konzipiert. Kann in die folgenden Fahrzeuge eingebaut werden:<\/p>\n<ul>\n<li><a href=\"https:\/\/paddleshifterz.com\/de\/vehicles\/bmw-g01-x3\/\">BMW X3 G01 (au\u00dfer einige US-Modelle)<\/a><\/li>\n<li>BMW iX3 G08<\/li>\n<li><a href=\"https:\/\/paddleshifterz.com\/de\/vehicles\/bmw-f97-x3m\/\">BMW X3M F97<\/a><\/li>\n<\/ul>\n<h2>Teilnummer<\/h2>\n<ul>\n<li>63135A5C852<\/li>\n<\/ul>","protected":false},"excerpt":{"rendered":"<p>Original BMW LCI R\u00fccklicht Nachr\u00fcstsatz von BMW f\u00fcr iX3, X3 und X3M Fahrzeuge. Unterst\u00fctzt <strong>G01 (au\u00dfer G01 US-Version)<\/strong>, iX3 G08 und F97 X3M Fahrzeuge.<\/p>\n<p>SKU: 63135A5C852<\/p>","protected":false},"featured_media":79038,"template":"","meta":{"bwfblock_default_font":""},"product_brand":[],"product_cat":[1113,1094],"product_tag":[],"class_list":{"0":"post-79013","1":"product","2":"type-product","3":"status-publish","4":"has-post-thumbnail","6":"product_cat-exterior","7":"product_cat-headlights-taillights","8":"product_shipping_class-shifterz","9":"pa_brand-bmw","10":"pa_product-type-oem-original-equipment-manufacturer","11":"pa_vehicles-bmw-f97-x3m","12":"pa_vehicles-bmw-g01-x3","14":"first","15":"onbackorder","16":"taxable","17":"shipping-taxable","18":"purchasable","19":"product-type-simple"},"bundled_by":[],"bundle_stock_status":"onbackorder","bundle_stock_quantity":-1,"bundle_virtual":false,"bundle_layout":"","bundle_add_to_cart_form_location":"","bundle_editable_in_cart":false,"bundle_sold_individually_context":"","bundle_item_grouping":"","bundle_min_size":"","bundle_max_size":"","bundle_price":[],"bundled_items":[],"bundle_sell_ids":[],"_links":{"self":[{"href":"https:\/\/paddleshifterz.com\/de\/wp-json\/wp\/v2\/product\/79013","targetHints":{"allow":["GET"]}}],"collection":[{"href":"https:\/\/paddleshifterz.com\/de\/wp-json\/wp\/v2\/product"}],"about":[{"href":"https:\/\/paddleshifterz.com\/de\/wp-json\/wp\/v2\/types\/product"}],"wp:featuredmedia":[{"embeddable":true,"href":"https:\/\/paddleshifterz.com\/de\/wp-json\/wp\/v2\/media\/79038"}],"wp:attachment":[{"href":"https:\/\/paddleshifterz.com\/de\/wp-json\/wp\/v2\/media?parent=79013"}],"wp:term":[{"taxonomy":"product_brand","embeddable":true,"href":"https:\/\/paddleshifterz.com\/de\/wp-json\/wp\/v2\/product_brand?post=79013"},{"taxonomy":"product_cat","embeddable":true,"href":"https:\/\/paddleshifterz.com\/de\/wp-json\/wp\/v2\/product_cat?post=79013"},{"taxonomy":"product_tag","embeddable":true,"href":"https:\/\/paddleshifterz.com\/de\/wp-json\/wp\/v2\/product_tag?post=79013"}],"curies":[{"name":"wp","href":"https:\/\/api.w.org\/{rel}","templated":true}]}}