{"id":79179,"date":"2023-11-09T13:19:03","date_gmt":"2023-11-09T12:19:03","guid":{"rendered":"https:\/\/paddleshifterz.com\/?post_type=product&#038;p=79179"},"modified":"2025-11-03T07:16:22","modified_gmt":"2025-11-03T06:16:22","slug":"oem-bmw-m-performance-carbon-fiber-interior-trim-kit-f32-f82","status":"publish","type":"product","link":"https:\/\/paddleshifterz.com\/de\/oem-bmw-m-performance-carbon-fiber-interior-trim-kit-f32-f82\/","title":{"rendered":"OEM BMW M Performance Carbonfaser Interieur Kit"},"content":{"rendered":"","protected":false},"excerpt":{"rendered":"<p>Offenporiger (oder so genannter \"trockener\") Kohlefaser-Innenausstattungskit mit Alcantara und M Performance Schriftzug. Passend f\u00fcr BMW F32 und F82 M4, erh\u00e4ltlich f\u00fcr Links- und Rechtslenkerfahrzeuge.<\/p>\n<p>Das Kit enth\u00e4lt die folgenden Teile:<\/p>\n<ul>\n<li>langes Armaturenbrettst\u00fcck<\/li>\n<li>Mittelkonsole<\/li>\n<li>kleine Entl\u00fcftungs\u00f6ffnung auf der Fahrerseite<\/li>\n<li>2x T\u00fcrgriffe<\/li>\n<\/ul>\n<p><strong>Teilenummern<\/strong><\/p>\n<p><strong>Linkslenker: 51952350474 (Ausgelaufen)<\/strong><br \/>\nRechtslenker: 51952350476<\/p>","protected":false},"featured_media":79192,"template":"","meta":{"bwfblock_default_font":""},"product_brand":[],"product_cat":[593],"product_tag":[],"class_list":{"0":"post-79179","1":"product","2":"type-product","3":"status-publish","4":"has-post-thumbnail","6":"product_cat-interior","7":"product_shipping_class-shifterz","8":"pa_brand-bmw","9":"pa_brand-m-performance","10":"pa_product-type-oem-original-equipment-manufacturer","11":"pa_vehicles-bmw-f32","12":"pa_vehicles-bmw-f36","13":"pa_vehicles-bmw-f82-m4","15":"first","16":"onbackorder","17":"taxable","18":"shipping-taxable","19":"purchasable","20":"product-type-variable","21":"has-default-attributes"},"bundled_by":[],"bundle_stock_status":"onbackorder","bundle_stock_quantity":-1,"bundle_virtual":false,"bundle_layout":"","bundle_add_to_cart_form_location":"","bundle_editable_in_cart":false,"bundle_sold_individually_context":"","bundle_item_grouping":"","bundle_min_size":"","bundle_max_size":"","bundle_price":[],"bundled_items":[],"bundle_sell_ids":[],"_links":{"self":[{"href":"https:\/\/paddleshifterz.com\/de\/wp-json\/wp\/v2\/product\/79179","targetHints":{"allow":["GET"]}}],"collection":[{"href":"https:\/\/paddleshifterz.com\/de\/wp-json\/wp\/v2\/product"}],"about":[{"href":"https:\/\/paddleshifterz.com\/de\/wp-json\/wp\/v2\/types\/product"}],"wp:featuredmedia":[{"embeddable":true,"href":"https:\/\/paddleshifterz.com\/de\/wp-json\/wp\/v2\/media\/79192"}],"wp:attachment":[{"href":"https:\/\/paddleshifterz.com\/de\/wp-json\/wp\/v2\/media?parent=79179"}],"wp:term":[{"taxonomy":"product_brand","embeddable":true,"href":"https:\/\/paddleshifterz.com\/de\/wp-json\/wp\/v2\/product_brand?post=79179"},{"taxonomy":"product_cat","embeddable":true,"href":"https:\/\/paddleshifterz.com\/de\/wp-json\/wp\/v2\/product_cat?post=79179"},{"taxonomy":"product_tag","embeddable":true,"href":"https:\/\/paddleshifterz.com\/de\/wp-json\/wp\/v2\/product_tag?post=79179"}],"curies":[{"name":"wp","href":"https:\/\/api.w.org\/{rel}","templated":true}]}}