{"id":79204,"date":"2023-11-10T22:30:01","date_gmt":"2023-11-10T21:30:01","guid":{"rendered":"https:\/\/paddleshifterz.com\/?post_type=product&#038;p=79204"},"modified":"2026-02-15T14:48:31","modified_gmt":"2026-02-15T13:48:31","slug":"f87-m2-sport-big-brake-kit-34112462268","status":"publish","type":"product","link":"https:\/\/paddleshifterz.com\/de\/f87-m2-sport-big-brake-kit-34112462268\/","title":{"rendered":"OEM BMW M Performance F87 roter Bremsensatz - 34112462268"},"content":{"rendered":"","protected":false},"excerpt":{"rendered":"<p>BMW M Performance Nachr\u00fcstsatz Sportbremse rot M2 F87. Die rote M Sportbremse ist die erste Sportbremse, die als Nachr\u00fcstsatz f\u00fcr den M2 erh\u00e4ltlich ist. Die Sportbremse stellt ein Upgrade der Bremsengr\u00f6\u00dfe an der Vorder- und Hinterachse gegen\u00fcber der Serienbremse dar und verbessert die Bremswirkung unter extremen Bedingungen deutlich.<\/p>\n<p><strong>Einzelheiten zum Produkt<\/strong><\/p>\n<p>Die attraktive Optik der Bremsen in M Performance Red passt perfekt zur extrovertierten Designsprache des Fahrzeugs und unterstreicht seine Sportlichkeit<br \/>\nDurch eine separate Codierungsvariante der DSC (Dynamische Stabilit\u00e4ts Control) bleiben die Funktion des sicherheitsrelevanten Stabilit\u00e4tssystems und alle davon abh\u00e4ngigen Fahrerassistenzsysteme erhalten<br \/>\nDas Design und die Stabilit\u00e4t der Bremsen erg\u00e4nzen perfekt die Sportlichkeit des Fahrzeugs<br \/>\nDie massive Pr\u00e4senz der gelochten Sportbremsscheiben kommt in Kombination mit offenen Felgendesigns besonders gut zur Geltung<br \/>\nDie im Vergleich zum Serienmodell gr\u00f6\u00dferen, innenbel\u00fcfteten und gelochten BMW M Compound-Bremsscheiben sorgen f\u00fcr eine verbesserte thermische Belastbarkeit und damit f\u00fcr mehr Bremswirkung unter extremen Bedingungen. Bei schnellem Beschleunigen und Bremsen sowie h\u00e4ufigem Wechsel bleibt die Bremsleistung (gutes Ansprechverhalten und thermische Stabilit\u00e4t) l\u00e4nger erhalten<\/p>\n<p><strong>Lieferumfang<\/strong><\/p>\n<ul>\n<li>Bremss\u00e4ttel Vorderachse und Hinterachse in M Performance Red<\/li>\n<li>Bremsbel\u00e4ge Vorderachse und Hinterachse<\/li>\n<li>Bremsscheiben Vorderachse und Hinterachse<\/li>\n<li>Bremsschutzvorrichtungen Vorderachse und Hinterachse<\/li>\n<li>Bremsbelagssensor Vorderachse und Hinterachse<\/li>\n<li>Erforderliche Montageteile<\/li>\n<\/ul>","protected":false},"featured_media":79205,"template":"","meta":{"bwfblock_default_font":""},"product_brand":[],"product_cat":[1119,1727],"product_tag":[],"class_list":{"0":"post-79204","1":"product","2":"type-product","3":"status-publish","4":"has-post-thumbnail","6":"product_cat-brake","7":"product_cat-performance","8":"product_shipping_class-shifterz","9":"pa_brand-bmw","10":"pa_brand-m-performance","11":"pa_product-type-oem-original-equipment-manufacturer","12":"pa_vehicles-bmw-f87-m2","14":"first","15":"outofstock","16":"taxable","17":"shipping-taxable","18":"purchasable","19":"product-type-simple"},"bundled_by":[],"bundle_stock_status":"outofstock","bundle_stock_quantity":null,"bundle_virtual":false,"bundle_layout":"","bundle_add_to_cart_form_location":"","bundle_editable_in_cart":false,"bundle_sold_individually_context":"","bundle_item_grouping":"","bundle_min_size":"","bundle_max_size":"","bundle_price":[],"bundled_items":[],"bundle_sell_ids":[],"_links":{"self":[{"href":"https:\/\/paddleshifterz.com\/de\/wp-json\/wp\/v2\/product\/79204","targetHints":{"allow":["GET"]}}],"collection":[{"href":"https:\/\/paddleshifterz.com\/de\/wp-json\/wp\/v2\/product"}],"about":[{"href":"https:\/\/paddleshifterz.com\/de\/wp-json\/wp\/v2\/types\/product"}],"wp:featuredmedia":[{"embeddable":true,"href":"https:\/\/paddleshifterz.com\/de\/wp-json\/wp\/v2\/media\/79205"}],"wp:attachment":[{"href":"https:\/\/paddleshifterz.com\/de\/wp-json\/wp\/v2\/media?parent=79204"}],"wp:term":[{"taxonomy":"product_brand","embeddable":true,"href":"https:\/\/paddleshifterz.com\/de\/wp-json\/wp\/v2\/product_brand?post=79204"},{"taxonomy":"product_cat","embeddable":true,"href":"https:\/\/paddleshifterz.com\/de\/wp-json\/wp\/v2\/product_cat?post=79204"},{"taxonomy":"product_tag","embeddable":true,"href":"https:\/\/paddleshifterz.com\/de\/wp-json\/wp\/v2\/product_tag?post=79204"}],"curies":[{"name":"wp","href":"https:\/\/api.w.org\/{rel}","templated":true}]}}