{"id":79319,"date":"2023-11-22T07:16:51","date_gmt":"2023-11-22T06:16:51","guid":{"rendered":"https:\/\/paddleshifterz.com\/?post_type=product&#038;p=79319"},"modified":"2025-12-08T07:39:18","modified_gmt":"2025-12-08T06:39:18","slug":"oem-bmw-m-performance-g81-m3-touring-suspension-lowering-kit-31305a87c79","status":"publish","type":"product","link":"https:\/\/paddleshifterz.com\/de\/oem-bmw-m-performance-g81-m3-touring-suspension-lowering-kit-31305a87c79\/","title":{"rendered":"OEM BMW M Performance G81 M3 Fahrwerkskit - 31305A87C79"},"content":{"rendered":"<h2>Spezifikationen<\/h2>\n<ul>\n<li data-open-accessibility-text-original=\"16px\">Passt zum <a href=\"https:\/\/paddleshifterz.com\/de\/vehicles\/bmw-g81-m3-touring\/\">BMW G81 M3 Touring<\/a>, <a href=\"https:\/\/paddleshifterz.com\/de\/vehicles\/bmw-g83-m4\/\">G83 M4 Cabriolet<\/a><\/li>\n<li data-open-accessibility-text-original=\"16px\">Verstellbereich: 5-20mm<\/li>\n<li data-open-accessibility-text-original=\"16px\">Das Fahrzeug ben\u00f6tigt m\u00f6glicherweise ein EDC-Software-Update, um ordnungsgem\u00e4\u00df zu funktionieren.<\/li>\n<\/ul>","protected":false},"excerpt":{"rendered":"<p>Original BMW M Performance Fahrwerkskit f\u00fcr BMW G81 M3 Touring, G83 M4 - 31305A87C79<\/p>","protected":false},"featured_media":77610,"template":"","meta":{"bwfblock_default_font":""},"product_brand":[],"product_cat":[1727,1309],"product_tag":[],"class_list":{"0":"post-79319","1":"product","2":"type-product","3":"status-publish","4":"has-post-thumbnail","6":"product_cat-performance","7":"product_cat-suspensions-accessories","8":"product_shipping_class-shifterz","9":"pa_brand-bmw","10":"pa_brand-m-performance","11":"pa_product-type-oem-original-equipment-manufacturer","12":"pa_vehicles-bmw-g81-m3-touring","13":"pa_vehicles-bmw-g83-m4","15":"first","16":"onbackorder","17":"taxable","18":"shipping-taxable","19":"purchasable","20":"product-type-simple"},"bundled_by":[],"bundle_stock_status":"onbackorder","bundle_stock_quantity":-3,"bundle_virtual":false,"bundle_layout":"","bundle_add_to_cart_form_location":"","bundle_editable_in_cart":false,"bundle_sold_individually_context":"","bundle_item_grouping":"","bundle_min_size":"","bundle_max_size":"","bundle_price":[],"bundled_items":[],"bundle_sell_ids":[],"_links":{"self":[{"href":"https:\/\/paddleshifterz.com\/de\/wp-json\/wp\/v2\/product\/79319","targetHints":{"allow":["GET"]}}],"collection":[{"href":"https:\/\/paddleshifterz.com\/de\/wp-json\/wp\/v2\/product"}],"about":[{"href":"https:\/\/paddleshifterz.com\/de\/wp-json\/wp\/v2\/types\/product"}],"wp:featuredmedia":[{"embeddable":true,"href":"https:\/\/paddleshifterz.com\/de\/wp-json\/wp\/v2\/media\/77610"}],"wp:attachment":[{"href":"https:\/\/paddleshifterz.com\/de\/wp-json\/wp\/v2\/media?parent=79319"}],"wp:term":[{"taxonomy":"product_brand","embeddable":true,"href":"https:\/\/paddleshifterz.com\/de\/wp-json\/wp\/v2\/product_brand?post=79319"},{"taxonomy":"product_cat","embeddable":true,"href":"https:\/\/paddleshifterz.com\/de\/wp-json\/wp\/v2\/product_cat?post=79319"},{"taxonomy":"product_tag","embeddable":true,"href":"https:\/\/paddleshifterz.com\/de\/wp-json\/wp\/v2\/product_tag?post=79319"}],"curies":[{"name":"wp","href":"https:\/\/api.w.org\/{rel}","templated":true}]}}