{"id":79494,"date":"2023-12-04T11:05:00","date_gmt":"2023-12-04T10:05:00","guid":{"rendered":"https:\/\/paddleshifterz.com\/?post_type=product&#038;p=79494"},"modified":"2026-03-17T18:27:48","modified_gmt":"2026-03-17T17:27:48","slug":"modular-carbon-fiber-paddle-shifters-for-bmw-f-series","status":"publish","type":"product","link":"https:\/\/paddleshifterz.com\/de\/modular-carbon-fiber-paddle-shifters-for-bmw-f-series\/","title":{"rendered":"Modulare Carbon Schaltwippen f\u00fcr BMW F-Serie"},"content":{"rendered":"<p><strong>Die erste strukturierte Kohlefaser der Welt (auch in gl\u00e4nzendem Carbon erh\u00e4ltlich)<\/strong> Schaltwippen passend zu den BMW M Performance Teilen und den originalen Kohlefaserteilen in Ihrem F2X, F3X und F87 M2.<\/p>\n<h2>Schaltwippen aus Carbon<\/h2>\n<p>Unsere Kohlefaser-Schaltwippen werden in Deutschland aus demselben Kohlefasermaterial hergestellt, das BMW f\u00fcr die Herstellung seiner Standard- und M-Performance-Teile f\u00fcr die F-Serie (wie den F87 M2) verwendet. Diese Schaltwippen verwenden ein 2\u00d72-Geflecht, das in 45 Grad abgewinkelt ist, um den perfekten Look zu erzielen und gleichzeitig das Gesamtgewicht der Schaltwippen auf ein Minimum zu reduzieren. Diese Schaltwippen bieten ein leichtes und dennoch haltbares Gef\u00fchl f\u00fcr ein optimales Fahrerlebnis. Mit diesen Schaltwippen konnten wir das gleiche Finish und die gleiche Qualit\u00e4t erreichen, die BMW mit seinen M Performance Teilen in trockenem oder strukturiertem Carbon-Finish oder gl\u00e4nzender Carbon-Faser anbietet.<\/p>\n<h2>Direkter Ersatz<\/h2>\n<p class=\"p1\">Diese Kohlefaser Schaltwippen sind so konzipiert, dass sie perfekt auf die BMW F-Serie passen und bieten eine verbesserte Leistung und ein stilvolles Upgrade. Unsere Schalthebel sind 1 zu 1 Ersatz f\u00fcr Ihre urspr\u00fcngliche F-Serie BMW Schaltwippen, daher kein zus\u00e4tzliches Zubeh\u00f6r, keine Kleber oder Schrauben erforderlich sind. Sie m\u00fcssen nur den alten Satz entfernen und die neuen einbauen. Sie finden unsere <a href=\"https:\/\/paddleshifterz.com\/de\/install\/\">Installationsanleitung Video hier.<\/a><\/p>\n<h2>Was Sie erhalten werden<\/h2>\n<ul>\n<li>2 x Schaltwippen (links und rechts)<\/li>\n<li>Hergestellt aus strukturierter (trockener) Kohlefaser (2\u00d72-Gewebe) oder gl\u00e4nzender Kohlefaser<\/li>\n<li>+\/- Zeichen werden mit einer CNC-Maschine ausgeschnitten<\/li>\n<li>Mattschwarzes, eloxiertes Aluminiumgeh\u00e4use<\/li>\n<li>Hergestellt in Deutschland<\/li>\n<li>Entworfen von PaddleShifterz<\/li>\n<\/ul>\n<h2>Austauschbare Schaltplatten<\/h2>\n<p>Wir haben diese Schaltwippen so konzipiert, dass die Schaltplatten selbst austauschbar sind. Sie sind am mattschwarz eloxierten Aluminiumgeh\u00e4use mit 2 Schrauben befestigt, die entfernt werden k\u00f6nnen, die alten Schaltplatten herausgeschoben und ersetzt. Hier ist eine Liste von Schaltplatten, die verwendet werden k\u00f6nnen:<\/p>\n<ul>\n<li><a href=\"https:\/\/paddleshifterz.com\/de\/carbon-fiber-shifter-replacements-gt4-style\/\">GT4 Style - in strukturierter oder gl\u00e4nzender Kohlefaserplatte<\/a><\/li>\n<li><a href=\"https:\/\/paddleshifterz.com\/de\/carbon-fiber-paddle-shifter-replacements-motorsport-style\/\">Motorsport Style - in strukturierten oder gl\u00e4nzenden Kohlefaserplatten<\/a><\/li>\n<\/ul>\n<h2>Passende Fahrzeuge<\/h2>\n<p>Diese Kohlefaser Schaltwippen passen in die BMW F-Serie Modelle - zum Beispiel: BMW F20, F30, F80 M3 oder F10. F\u00fcr eine vollst\u00e4ndige Liste der kompatiblen Fahrzeuge, \u00fcberpr\u00fcfen Sie die <strong>Zus\u00e4tzliche Informationen &gt; Fahrzeuge<\/strong> Abschnitt unten.<\/p>","protected":false},"excerpt":{"rendered":"<p>Bringen Sie Ihr Interieur-Spiel auf die n\u00e4chste Stufe mit unserem <strong>Carbonfaser strukturiert oder gl\u00e4nzend<\/strong> Schaltwippen, die speziell f\u00fcr Fahrzeuge der BMW F-Serie, wie den BMW F87 M2, entwickelt wurden.<\/p>","protected":false},"featured_media":79523,"template":"","meta":{"bwfblock_default_font":""},"product_brand":[],"product_cat":[433],"product_tag":[],"class_list":{"0":"post-79494","1":"product","2":"type-product","3":"status-publish","4":"has-post-thumbnail","6":"product_cat-paddle-shifters","7":"product_shipping_class-shifterz","8":"pa_brand-paddleshifterz","9":"pa_product-type-aftermarket","10":"pa_vehicles-bmw-f06-f12-f13","11":"pa_vehicles-bmw-m6-f06-f12-f13","12":"pa_vehicles-bmw-f07-gt","13":"pa_vehicles-bmw-m5-f10","14":"pa_vehicles-bmw-f10-f11","15":"pa_vehicles-bmw-f15-x5","16":"pa_vehicles-bmw-f16-x6","17":"pa_vehicles-bmw-f20-f21","18":"pa_vehicles-bmw-f22-f23","19":"pa_vehicles-bmw-f25-x3","20":"pa_vehicles-bmw-f26-x4","21":"pa_vehicles-bmw-f30","22":"pa_vehicles-bmw-f31","23":"pa_vehicles-bmw-f32","24":"pa_vehicles-bmw-f33","25":"pa_vehicles-bmw-f34","26":"pa_vehicles-bmw-f36","27":"pa_vehicles-bmw-f39-x2","28":"pa_vehicles-bmw-f45","29":"pa_vehicles-bmw-f47-x2","30":"pa_vehicles-bmw-f48-x1","31":"pa_vehicles-bmw-f80-m3","32":"pa_vehicles-bmw-f82-m4","33":"pa_vehicles-4-series-f83-m4","34":"pa_vehicles-bmw-f85-x5m","35":"pa_vehicles-bmw-f86-x6m","36":"pa_vehicles-bmw-f87-m2","37":"pa_vehicles-bmw-i8","39":"first","40":"instock","41":"taxable","42":"shipping-taxable","43":"purchasable","44":"product-type-variable"},"bundled_by":["83154"],"bundle_stock_status":"instock","bundle_stock_quantity":null,"bundle_virtual":false,"bundle_layout":"","bundle_add_to_cart_form_location":"","bundle_editable_in_cart":false,"bundle_sold_individually_context":"","bundle_item_grouping":"","bundle_min_size":"","bundle_max_size":"","bundle_price":[],"bundled_items":[],"bundle_sell_ids":[],"_links":{"self":[{"href":"https:\/\/paddleshifterz.com\/de\/wp-json\/wp\/v2\/product\/79494","targetHints":{"allow":["GET"]}}],"collection":[{"href":"https:\/\/paddleshifterz.com\/de\/wp-json\/wp\/v2\/product"}],"about":[{"href":"https:\/\/paddleshifterz.com\/de\/wp-json\/wp\/v2\/types\/product"}],"wp:featuredmedia":[{"embeddable":true,"href":"https:\/\/paddleshifterz.com\/de\/wp-json\/wp\/v2\/media\/79523"}],"wp:attachment":[{"href":"https:\/\/paddleshifterz.com\/de\/wp-json\/wp\/v2\/media?parent=79494"}],"wp:term":[{"taxonomy":"product_brand","embeddable":true,"href":"https:\/\/paddleshifterz.com\/de\/wp-json\/wp\/v2\/product_brand?post=79494"},{"taxonomy":"product_cat","embeddable":true,"href":"https:\/\/paddleshifterz.com\/de\/wp-json\/wp\/v2\/product_cat?post=79494"},{"taxonomy":"product_tag","embeddable":true,"href":"https:\/\/paddleshifterz.com\/de\/wp-json\/wp\/v2\/product_tag?post=79494"}],"curies":[{"name":"wp","href":"https:\/\/api.w.org\/{rel}","templated":true}]}}