{"id":79651,"date":"2023-12-18T10:23:31","date_gmt":"2023-12-18T09:23:31","guid":{"rendered":"https:\/\/paddleshifterz.com\/?post_type=product&#038;p=79651"},"modified":"2026-03-13T09:28:22","modified_gmt":"2026-03-13T08:28:22","slug":"oem-bmw-g87-m2-bumper-center-trim-lower-part-51118081270","status":"publish","type":"product","link":"https:\/\/paddleshifterz.com\/de\/oem-bmw-g87-m2-bumper-center-trim-lower-part-51118081270\/","title":{"rendered":"OEM BMW G87 M2 Sto\u00dff\u00e4nger-Mittelverkleidung - 51118081270"},"content":{"rendered":"","protected":false},"excerpt":{"rendered":"<p>Original BMW gl\u00e4nzend schwarze untere Sto\u00dff\u00e4nger-Mittelverkleidung f\u00fcr den <a href=\"\/de\/vehicles\/bmw-g87-m2\/\">BMW G87 M2<\/a>.<\/p>\n<p><strong>Teilenummer:<\/strong><\/p>\n<ul>\n<li>51118081270<\/li>\n<\/ul>","protected":false},"featured_media":83934,"template":"","meta":{"bwfblock_default_font":""},"product_brand":[],"product_cat":[1113,1317],"product_tag":[],"class_list":{"0":"post-79651","1":"product","2":"type-product","3":"status-publish","4":"has-post-thumbnail","6":"product_cat-exterior","7":"product_cat-front-bumper-and-accessories","8":"product_shipping_class-shifterz","9":"pa_brand-bmw","10":"pa_product-type-oem-original-equipment-manufacturer","11":"pa_vehicles-bmw-g87-m2","13":"first","14":"onbackorder","15":"taxable","16":"shipping-taxable","17":"purchasable","18":"product-type-simple"},"bundled_by":[],"bundle_stock_status":"onbackorder","bundle_stock_quantity":-4,"bundle_virtual":false,"bundle_layout":"","bundle_add_to_cart_form_location":"","bundle_editable_in_cart":false,"bundle_sold_individually_context":"","bundle_item_grouping":"","bundle_min_size":"","bundle_max_size":"","bundle_price":[],"bundled_items":[],"bundle_sell_ids":[],"_links":{"self":[{"href":"https:\/\/paddleshifterz.com\/de\/wp-json\/wp\/v2\/product\/79651","targetHints":{"allow":["GET"]}}],"collection":[{"href":"https:\/\/paddleshifterz.com\/de\/wp-json\/wp\/v2\/product"}],"about":[{"href":"https:\/\/paddleshifterz.com\/de\/wp-json\/wp\/v2\/types\/product"}],"wp:featuredmedia":[{"embeddable":true,"href":"https:\/\/paddleshifterz.com\/de\/wp-json\/wp\/v2\/media\/83934"}],"wp:attachment":[{"href":"https:\/\/paddleshifterz.com\/de\/wp-json\/wp\/v2\/media?parent=79651"}],"wp:term":[{"taxonomy":"product_brand","embeddable":true,"href":"https:\/\/paddleshifterz.com\/de\/wp-json\/wp\/v2\/product_brand?post=79651"},{"taxonomy":"product_cat","embeddable":true,"href":"https:\/\/paddleshifterz.com\/de\/wp-json\/wp\/v2\/product_cat?post=79651"},{"taxonomy":"product_tag","embeddable":true,"href":"https:\/\/paddleshifterz.com\/de\/wp-json\/wp\/v2\/product_tag?post=79651"}],"curies":[{"name":"wp","href":"https:\/\/api.w.org\/{rel}","templated":true}]}}