{"id":79909,"date":"2024-01-04T18:55:21","date_gmt":"2024-01-04T17:55:21","guid":{"rendered":"https:\/\/paddleshifterz.com\/?post_type=product&#038;p=79909"},"modified":"2026-03-17T15:52:21","modified_gmt":"2026-03-17T14:52:21","slug":"oem-bmw-luggage-compartment-floor-net-51479410838","status":"publish","type":"product","link":"https:\/\/paddleshifterz.com\/de\/oem-bmw-luggage-compartment-floor-net-51479410838\/","title":{"rendered":"OEM BMW Gep\u00e4ckraumbodennetz - 51479410838"},"content":{"rendered":"","protected":false},"excerpt":{"rendered":"<p>Sichern Sie lose Gegenst\u00e4nde m\u00fchelos mit dem OEM BMW Luggage Compartment Floor Net. Befestigen Sie das strapazierf\u00e4hige schwarze Maschennetz einfach mit den mitgelieferten S-Haken an Ihrem Gep\u00e4ckraumboden und verbinden Sie es mit den vorhandenen \u00d6sen. Das Netz verf\u00fcgt \u00fcber ein eingen\u00e4htes Gummiband f\u00fcr zus\u00e4tzliche Stabilit\u00e4t. Das Netz ist mit einer eleganten Zuglasche mit BMW Schriftzug versehen und gew\u00e4hrleistet m\u00fchelosen Zugang und Komfort.<\/p>\n<p>Lieferumfang:<\/p>\n<ul>\n<li>Gep\u00e4ckraumbodennetz mit S-Haken.<\/li>\n<\/ul>","protected":false},"featured_media":101811,"template":"","meta":{"bwfblock_default_font":""},"product_brand":[],"product_cat":[593],"product_tag":[],"class_list":{"0":"post-79909","1":"product","2":"type-product","3":"status-publish","4":"has-post-thumbnail","6":"product_cat-interior","7":"product_shipping_class-shifterz","8":"pa_brand-bmw","9":"pa_product-type-oem-original-equipment-manufacturer","10":"pa_vehicles-bmw-f07-gt","11":"pa_vehicles-bmw-m5-f10","12":"pa_vehicles-bmw-f10-f11","13":"pa_vehicles-bmw-f15-x5","14":"pa_vehicles-bmw-f16-x6","15":"pa_vehicles-bmw-f30","16":"pa_vehicles-bmw-f31","17":"pa_vehicles-bmw-f34","18":"pa_vehicles-bmw-f46","19":"pa_vehicles-bmw-f70","20":"pa_vehicles-bmw-f74","21":"pa_vehicles-bmw-f80-m3","22":"pa_vehicles-bmw-f85-x5m","23":"pa_vehicles-bmw-f90-m5","24":"pa_vehicles-bmw-m8-f91-f92-f93","25":"pa_vehicles-bmw-f97-x3m","26":"pa_vehicles-bmw-f98-x4m","27":"pa_vehicles-bmw-g01-x3","28":"pa_vehicles-bmw-g02-x4","29":"pa_vehicles-bmw-g05-x5","30":"pa_vehicles-bmw-x6-g06","31":"pa_vehicles-bmw-g07-x7","32":"pa_vehicles-bmw-g07-x7-lci","33":"pa_vehicles-bmw-g09-xm","34":"pa_vehicles-bmw-g14-g15-g16","35":"pa_vehicles-bmw-g20","36":"pa_vehicles-bmw-g21","37":"pa_vehicles-bmw-g22","38":"pa_vehicles-bmw-g23","39":"pa_vehicles-bmw-g26-grancoupe","40":"pa_vehicles-bmw-g30","41":"pa_vehicles-bmw-g31","42":"pa_vehicles-bmw-g42","43":"pa_vehicles-bmw-g45-x3","44":"pa_vehicles-bmw-g60","45":"pa_vehicles-bmw-g61","46":"pa_vehicles-bmw-g80-m3","47":"pa_vehicles-bmw-g81-m3-touring","48":"pa_vehicles-bmw-g82-m4-csl","49":"pa_vehicles-bmw-g82-m4","50":"pa_vehicles-bmw-g87-m2","52":"first","53":"onbackorder","54":"taxable","55":"shipping-taxable","56":"purchasable","57":"product-type-simple"},"bundled_by":[],"bundle_stock_status":"onbackorder","bundle_stock_quantity":-38,"bundle_virtual":false,"bundle_layout":"","bundle_add_to_cart_form_location":"","bundle_editable_in_cart":false,"bundle_sold_individually_context":"","bundle_item_grouping":"","bundle_min_size":"","bundle_max_size":"","bundle_price":[],"bundled_items":[],"bundle_sell_ids":[],"_links":{"self":[{"href":"https:\/\/paddleshifterz.com\/de\/wp-json\/wp\/v2\/product\/79909","targetHints":{"allow":["GET"]}}],"collection":[{"href":"https:\/\/paddleshifterz.com\/de\/wp-json\/wp\/v2\/product"}],"about":[{"href":"https:\/\/paddleshifterz.com\/de\/wp-json\/wp\/v2\/types\/product"}],"wp:featuredmedia":[{"embeddable":true,"href":"https:\/\/paddleshifterz.com\/de\/wp-json\/wp\/v2\/media\/101811"}],"wp:attachment":[{"href":"https:\/\/paddleshifterz.com\/de\/wp-json\/wp\/v2\/media?parent=79909"}],"wp:term":[{"taxonomy":"product_brand","embeddable":true,"href":"https:\/\/paddleshifterz.com\/de\/wp-json\/wp\/v2\/product_brand?post=79909"},{"taxonomy":"product_cat","embeddable":true,"href":"https:\/\/paddleshifterz.com\/de\/wp-json\/wp\/v2\/product_cat?post=79909"},{"taxonomy":"product_tag","embeddable":true,"href":"https:\/\/paddleshifterz.com\/de\/wp-json\/wp\/v2\/product_tag?post=79909"}],"curies":[{"name":"wp","href":"https:\/\/api.w.org\/{rel}","templated":true}]}}