{"id":79917,"date":"2024-01-05T10:23:01","date_gmt":"2024-01-05T09:23:01","guid":{"rendered":"https:\/\/paddleshifterz.com\/?post_type=product&#038;p=79917"},"modified":"2026-03-01T11:13:02","modified_gmt":"2026-03-01T10:13:02","slug":"oem-bmw-m-performance-carbon-fiber-door-sill-trim-g60-51475a6cbc3","status":"publish","type":"product","link":"https:\/\/paddleshifterz.com\/de\/oem-bmw-m-performance-carbon-fiber-door-sill-trim-g60-51475a6cbc3\/","title":{"rendered":"OEM BMW M Performance Carbon Einstiegblende - 51475A6CBC3"},"content":{"rendered":"<h2>Spezifikationen<\/h2>\n<ul>\n<li>Original BMW M Performance Teil<\/li>\n<li>2&#215;2 carbon fiber pre-preg material<\/li>\n<li>gl\u00e4nzende Oberfl\u00e4che<\/li>\n<li>M Performance-Logo<\/li>\n<li>Das Produkt enth\u00e4lt beide T\u00fcrschweller<\/li>\n<li>SKU: 51475A6CBC3<\/li>\n<\/ul>\n<h2>Unboxing<\/h2>\n<p>Schauen Sie sich das Unboxing-Video unten an, um zu sehen, was sich in der Schachtel befindet, und um sich das Produkt vor dem Kauf genauer anzusehen.<\/p>\n<p><iframe loading=\"lazy\" title=\"YouTube-Video-Player\" src=\"https:\/\/www.youtube.com\/embed\/2jGU9W_-B84\" width=\"560\" height=\"315\" frameborder=\"0\" allowfullscreen=\"allowfullscreen\"><span data-mce-type=\"bookmark\" style=\"display: inline-block; width: 0px; overflow: hidden; line-height: 0;\" class=\"mce_SELRES_start\"><\/span><\/iframe><\/p>","protected":false},"excerpt":{"rendered":"<p>OEM BMW M Performance Einstiegsleisten aus Carbon f\u00fcr den BMW 5er G60, U10 X2, U11 X1. Das Paket enth\u00e4lt beide Seiten (2 St\u00fcck).<\/p>\n<p>Teilenummer: 51475A6CBC3<\/p>","protected":false},"featured_media":86743,"template":"","meta":{"bwfblock_default_font":""},"product_brand":[],"product_cat":[1113,593],"product_tag":[],"class_list":{"0":"post-79917","1":"product","2":"type-product","3":"status-publish","4":"has-post-thumbnail","6":"product_cat-exterior","7":"product_cat-interior","8":"product_shipping_class-shifterz","9":"pa_brand-bmw","10":"pa_brand-m-performance","11":"pa_product-type-oem-original-equipment-manufacturer","12":"pa_vehicles-bmw-g45-x3","13":"pa_vehicles-bmw-g60","14":"pa_vehicles-bmw-g61","15":"pa_vehicles-bmw-g90-m5","16":"pa_vehicles-bmw-g99-m5","17":"pa_vehicles-x-series-u10-x2","18":"pa_vehicles-bmw-u11-x1","20":"first","21":"onbackorder","22":"taxable","23":"shipping-taxable","24":"purchasable","25":"product-type-simple"},"bundled_by":[],"bundle_stock_status":"onbackorder","bundle_stock_quantity":-2,"bundle_virtual":false,"bundle_layout":"","bundle_add_to_cart_form_location":"","bundle_editable_in_cart":false,"bundle_sold_individually_context":"","bundle_item_grouping":"","bundle_min_size":"","bundle_max_size":"","bundle_price":[],"bundled_items":[],"bundle_sell_ids":[],"_links":{"self":[{"href":"https:\/\/paddleshifterz.com\/de\/wp-json\/wp\/v2\/product\/79917","targetHints":{"allow":["GET"]}}],"collection":[{"href":"https:\/\/paddleshifterz.com\/de\/wp-json\/wp\/v2\/product"}],"about":[{"href":"https:\/\/paddleshifterz.com\/de\/wp-json\/wp\/v2\/types\/product"}],"wp:featuredmedia":[{"embeddable":true,"href":"https:\/\/paddleshifterz.com\/de\/wp-json\/wp\/v2\/media\/86743"}],"wp:attachment":[{"href":"https:\/\/paddleshifterz.com\/de\/wp-json\/wp\/v2\/media?parent=79917"}],"wp:term":[{"taxonomy":"product_brand","embeddable":true,"href":"https:\/\/paddleshifterz.com\/de\/wp-json\/wp\/v2\/product_brand?post=79917"},{"taxonomy":"product_cat","embeddable":true,"href":"https:\/\/paddleshifterz.com\/de\/wp-json\/wp\/v2\/product_cat?post=79917"},{"taxonomy":"product_tag","embeddable":true,"href":"https:\/\/paddleshifterz.com\/de\/wp-json\/wp\/v2\/product_tag?post=79917"}],"curies":[{"name":"wp","href":"https:\/\/api.w.org\/{rel}","templated":true}]}}