{"id":79919,"date":"2024-01-05T10:26:37","date_gmt":"2024-01-05T09:26:37","guid":{"rendered":"https:\/\/paddleshifterz.com\/?post_type=product&#038;p=79919"},"modified":"2025-12-01T07:07:37","modified_gmt":"2025-12-01T06:07:37","slug":"oem-bmw-m-performance-carbon-fiber-front-splitter-kit-g60","status":"publish","type":"product","link":"https:\/\/paddleshifterz.com\/de\/oem-bmw-m-performance-carbon-fiber-front-splitter-kit-g60\/","title":{"rendered":"OEM BMW M Performance Carbonfaser Frontsplitter Kit G60"},"content":{"rendered":"","protected":false},"excerpt":{"rendered":"<p>OEM BMW M Performance Frontaufsatz Carbon Mitte rechts 5er G60. Die M Performance Aerodynamik-Komponenten verleihen der Business-Limousine einen zus\u00e4tzlichen sportlichen Auftritt. Die M Performance Aerodynamik- und Exterieurkomponenten sind technisch perfekt aufeinander abgestimmt. Formgebung und Design wurden speziell f\u00fcr die 5er Limousine entwickelt. Die Teile f\u00fcgen sich perfekt in die Geometrie und Optik des Fahrzeugs ein. Die aufwendige Fertigung der Komponenten verleiht den Bauteilen eine hochwertige Optik. Die M Performance Komponenten wurden in verschiedenen Tests intensiv gepr\u00fcft. Alle gesetzlichen Anforderungen werden erf\u00fcllt. Der M Performance Frontanbau verleiht dem Fahrzeug eine markante und charakteristische Frontansicht. Eine T\u00dcV-Eintragung ist nicht f\u00fcr alle Teile erforderlich.<\/p>\n<p><strong>Der Bausatz enth\u00e4lt alle 4 Teile, die zum Einbau ben\u00f6tigt werden.<\/strong><\/p>","protected":false},"featured_media":97615,"template":"","meta":{"bwfblock_default_font":""},"product_brand":[],"product_cat":[1113,1317],"product_tag":[],"class_list":{"0":"post-79919","1":"product","2":"type-product","3":"status-publish","4":"has-post-thumbnail","6":"product_cat-exterior","7":"product_cat-front-bumper-and-accessories","8":"product_shipping_class-shifterz","9":"pa_brand-bmw","10":"pa_brand-m-performance","11":"pa_product-type-oem-original-equipment-manufacturer","12":"pa_vehicles-bmw-g60","13":"pa_vehicles-bmw-g61","15":"first","16":"onbackorder","17":"taxable","18":"shipping-taxable","19":"purchasable","20":"product-type-bundle"},"bundled_by":[],"bundle_stock_status":"instock","bundle_stock_quantity":"","bundle_virtual":false,"bundle_layout":"default","bundle_add_to_cart_form_location":"default","bundle_editable_in_cart":true,"bundle_sold_individually_context":"product","bundle_item_grouping":"parent","bundle_min_size":"","bundle_max_size":"","bundle_price":{"price":{"min":{"incl_tax":"2216","excl_tax":"1862.18"},"max":{"incl_tax":"2216","excl_tax":"1862.18"}},"regular_price":{"min":{"incl_tax":"2216","excl_tax":"1862.18"},"max":{"incl_tax":"2216","excl_tax":"1862.18"}}},"bundled_items":[{"bundled_item_id":157,"product_id":79920,"menu_order":0,"quantity_min":1,"quantity_max":1,"quantity_default":1,"priced_individually":true,"shipped_individually":false,"override_title":false,"title":"OEM BMW M Perf Carbon Frontlippe Mitte rechts - 51115A6FE86","override_description":true,"description":"","optional":false,"hide_thumbnail":true,"discount":"","override_variations":false,"allowed_variations":[],"override_default_variation_attributes":false,"default_variation_attributes":[],"single_product_visibility":"visible","cart_visibility":"visible","order_visibility":"visible","single_product_price_visibility":"visible","cart_price_visibility":"visible","order_price_visibility":"visible","stock_status":"on_backorder"},{"bundled_item_id":158,"product_id":79926,"menu_order":1,"quantity_min":1,"quantity_max":1,"quantity_default":1,"priced_individually":true,"shipped_individually":false,"override_title":false,"title":"OEM BMW M Perf Carbon Frontlippe Mitte links - 51115A6FE85","override_description":true,"description":"","optional":false,"hide_thumbnail":true,"discount":"","override_variations":false,"allowed_variations":[],"override_default_variation_attributes":false,"default_variation_attributes":[],"single_product_visibility":"visible","cart_visibility":"visible","order_visibility":"visible","single_product_price_visibility":"visible","cart_price_visibility":"visible","order_price_visibility":"visible","stock_status":"on_backorder"},{"bundled_item_id":159,"product_id":79924,"menu_order":2,"quantity_min":1,"quantity_max":1,"quantity_default":1,"priced_individually":true,"shipped_individually":false,"override_title":false,"title":"OEM BMW M Perf Kohlefaser Frontlippe rechts - 51115A6FE82","override_description":true,"description":"","optional":false,"hide_thumbnail":true,"discount":"","override_variations":false,"allowed_variations":[],"override_default_variation_attributes":false,"default_variation_attributes":[],"single_product_visibility":"visible","cart_visibility":"visible","order_visibility":"visible","single_product_price_visibility":"visible","cart_price_visibility":"visible","order_price_visibility":"visible","stock_status":"on_backorder"},{"bundled_item_id":160,"product_id":79922,"menu_order":3,"quantity_min":1,"quantity_max":1,"quantity_default":1,"priced_individually":true,"shipped_individually":false,"override_title":false,"title":"OEM BMW M Perf Kohlefaser Frontlippe links - 51115A6FE81","override_description":true,"description":"","optional":false,"hide_thumbnail":true,"discount":"","override_variations":false,"allowed_variations":[],"override_default_variation_attributes":false,"default_variation_attributes":[],"single_product_visibility":"visible","cart_visibility":"visible","order_visibility":"visible","single_product_price_visibility":"visible","cart_price_visibility":"visible","order_price_visibility":"visible","stock_status":"on_backorder"}],"bundle_sell_ids":[],"_links":{"self":[{"href":"https:\/\/paddleshifterz.com\/de\/wp-json\/wp\/v2\/product\/79919","targetHints":{"allow":["GET"]}}],"collection":[{"href":"https:\/\/paddleshifterz.com\/de\/wp-json\/wp\/v2\/product"}],"about":[{"href":"https:\/\/paddleshifterz.com\/de\/wp-json\/wp\/v2\/types\/product"}],"wp:featuredmedia":[{"embeddable":true,"href":"https:\/\/paddleshifterz.com\/de\/wp-json\/wp\/v2\/media\/97615"}],"wp:attachment":[{"href":"https:\/\/paddleshifterz.com\/de\/wp-json\/wp\/v2\/media?parent=79919"}],"wp:term":[{"taxonomy":"product_brand","embeddable":true,"href":"https:\/\/paddleshifterz.com\/de\/wp-json\/wp\/v2\/product_brand?post=79919"},{"taxonomy":"product_cat","embeddable":true,"href":"https:\/\/paddleshifterz.com\/de\/wp-json\/wp\/v2\/product_cat?post=79919"},{"taxonomy":"product_tag","embeddable":true,"href":"https:\/\/paddleshifterz.com\/de\/wp-json\/wp\/v2\/product_tag?post=79919"}],"curies":[{"name":"wp","href":"https:\/\/api.w.org\/{rel}","templated":true}]}}