{"id":79920,"date":"2024-01-05T10:28:06","date_gmt":"2024-01-05T09:28:06","guid":{"rendered":"https:\/\/paddleshifterz.com\/?post_type=product&#038;p=79920"},"modified":"2025-12-08T07:39:18","modified_gmt":"2025-12-08T06:39:18","slug":"oem-bmw-m-performance-carbon-fiber-front-splitter-centre-right-51115a6fe86","status":"publish","type":"product","link":"https:\/\/paddleshifterz.com\/de\/oem-bmw-m-performance-carbon-fiber-front-splitter-centre-right-51115a6fe86\/","title":{"rendered":"OEM BMW M Perf Carbon Frontlippe Mitte rechts - 51115A6FE86"},"content":{"rendered":"<p>Die M Performance Aerodynamikkomponenten verleihen der Business-Limousine einen zus\u00e4tzlichen sportlichen Auftritt. Die M Performance Aerodynamik- und Exterieurkomponenten sind technisch perfekt aufeinander abgestimmt. Formgebung und Design wurden speziell f\u00fcr die 5er Limousine entwickelt. Die Teile f\u00fcgen sich perfekt in die Geometrie und Optik des Fahrzeugs ein. Die aufwendige Fertigung der Komponenten verleiht den Bauteilen eine hochwertige Optik. Die M Performance Komponenten wurden in verschiedenen Tests intensiv gepr\u00fcft. Alle gesetzlichen Anforderungen werden erf\u00fcllt. Der M Performance Frontanbau verleiht dem Fahrzeug eine markante und charakteristische Frontansicht. Eine T\u00dcV-Eintragung ist nicht f\u00fcr alle Teile erforderlich.<\/p>\n<h2>Spezifikationen<\/h2>\n<ul>\n<li>Original BMW Produkt<\/li>\n<li>F\u00fcr BMW G60 Modelle<\/li>\n<li>Enth\u00e4lt nur das rechte Mittelst\u00fcck.<\/li>\n<li>Die komplette M Performance Kohlefaser <a href=\"https:\/\/paddleshifterz.com\/de\/produkt\/oem-bmw-m-performance-carbon-fiber-front-splitter-kit-g60\/\">Frontlippe ist hier zu finden<\/a><\/li>\n<\/ul>","protected":false},"excerpt":{"rendered":"<p>OEM BMW M Performance Frontaufsatz Carbon Mitte rechts f\u00fcr BMW 5er G60 und G61 Touring.<\/p>","protected":false},"featured_media":97591,"template":"","meta":{"bwfblock_default_font":""},"product_brand":[],"product_cat":[1113,1317],"product_tag":[],"class_list":{"0":"post-79920","1":"product","2":"type-product","3":"status-publish","4":"has-post-thumbnail","6":"product_cat-exterior","7":"product_cat-front-bumper-and-accessories","8":"product_shipping_class-shifterz","9":"pa_brand-bmw","10":"pa_brand-m-performance","11":"pa_product-type-oem-original-equipment-manufacturer","12":"pa_vehicles-bmw-g60","13":"pa_vehicles-bmw-g61","15":"first","16":"onbackorder","17":"taxable","18":"shipping-taxable","19":"purchasable","20":"product-type-simple"},"bundled_by":["79919"],"bundle_stock_status":"onbackorder","bundle_stock_quantity":-1,"bundle_virtual":false,"bundle_layout":"","bundle_add_to_cart_form_location":"","bundle_editable_in_cart":false,"bundle_sold_individually_context":"","bundle_item_grouping":"","bundle_min_size":"","bundle_max_size":"","bundle_price":[],"bundled_items":[],"bundle_sell_ids":[],"_links":{"self":[{"href":"https:\/\/paddleshifterz.com\/de\/wp-json\/wp\/v2\/product\/79920","targetHints":{"allow":["GET"]}}],"collection":[{"href":"https:\/\/paddleshifterz.com\/de\/wp-json\/wp\/v2\/product"}],"about":[{"href":"https:\/\/paddleshifterz.com\/de\/wp-json\/wp\/v2\/types\/product"}],"wp:featuredmedia":[{"embeddable":true,"href":"https:\/\/paddleshifterz.com\/de\/wp-json\/wp\/v2\/media\/97591"}],"wp:attachment":[{"href":"https:\/\/paddleshifterz.com\/de\/wp-json\/wp\/v2\/media?parent=79920"}],"wp:term":[{"taxonomy":"product_brand","embeddable":true,"href":"https:\/\/paddleshifterz.com\/de\/wp-json\/wp\/v2\/product_brand?post=79920"},{"taxonomy":"product_cat","embeddable":true,"href":"https:\/\/paddleshifterz.com\/de\/wp-json\/wp\/v2\/product_cat?post=79920"},{"taxonomy":"product_tag","embeddable":true,"href":"https:\/\/paddleshifterz.com\/de\/wp-json\/wp\/v2\/product_tag?post=79920"}],"curies":[{"name":"wp","href":"https:\/\/api.w.org\/{rel}","templated":true}]}}