{"id":79926,"date":"2024-01-05T10:38:16","date_gmt":"2024-01-05T09:38:16","guid":{"rendered":"https:\/\/paddleshifterz.com\/?post_type=product&#038;p=79926"},"modified":"2025-12-08T07:39:19","modified_gmt":"2025-12-08T06:39:19","slug":"oem-bmw-m-performance-carbon-fiber-front-splitter-centre-left-51115a6fe85","status":"publish","type":"product","link":"https:\/\/paddleshifterz.com\/de\/oem-bmw-m-performance-carbon-fiber-front-splitter-centre-left-51115a6fe85\/","title":{"rendered":"OEM BMW M Perf Carbon Frontlippe Mitte links - 51115A6FE85"},"content":{"rendered":"","protected":false},"excerpt":{"rendered":"<p>OEM BMW M Performance Frontaufsatz Carbon Mitte rechts 5er G60. Die M Performance Aerodynamik-Komponenten verleihen der Business-Limousine einen zus\u00e4tzlichen sportlichen Auftritt. Die M Performance Aerodynamik- und Exterieurkomponenten sind technisch perfekt aufeinander abgestimmt. Formgebung und Design wurden speziell f\u00fcr die 5er Limousine entwickelt. Die Teile f\u00fcgen sich perfekt in die Geometrie und Optik des Fahrzeugs ein. Die aufwendige Fertigung der Komponenten verleiht den Bauteilen eine hochwertige Optik. Die M Performance Komponenten wurden in verschiedenen Tests intensiv gepr\u00fcft. Alle gesetzlichen Anforderungen werden erf\u00fcllt. Der M Performance Frontanbau verleiht dem Fahrzeug eine markante und charakteristische Frontansicht. Eine T\u00dcV-Eintragung ist nicht f\u00fcr alle Teile erforderlich.<\/p>\n<p><strong>Enth\u00e4lt nur das linke mittlere St\u00fcck. <\/strong>Sie brauchen die andere Seite? <a href=\"https:\/\/paddleshifterz.com\/de\/produkt\/oem-bmw-m-performance-carbon-fiber-front-splitter-centre-right-51115a6fe86\/\">Klicken Sie hier f\u00fcr die Version auf der rechten Seite<\/a><\/p>","protected":false},"featured_media":97597,"template":"","meta":{"bwfblock_default_font":""},"product_brand":[],"product_cat":[1113,1317],"product_tag":[],"class_list":{"0":"post-79926","1":"product","2":"type-product","3":"status-publish","4":"has-post-thumbnail","6":"product_cat-exterior","7":"product_cat-front-bumper-and-accessories","8":"product_shipping_class-shifterz","9":"pa_brand-bmw","10":"pa_brand-m-performance","11":"pa_product-type-oem-original-equipment-manufacturer","12":"pa_vehicles-bmw-g60","13":"pa_vehicles-bmw-g61","15":"first","16":"onbackorder","17":"taxable","18":"shipping-taxable","19":"purchasable","20":"product-type-simple"},"bundled_by":["79919"],"bundle_stock_status":"onbackorder","bundle_stock_quantity":-2,"bundle_virtual":false,"bundle_layout":"","bundle_add_to_cart_form_location":"","bundle_editable_in_cart":false,"bundle_sold_individually_context":"","bundle_item_grouping":"","bundle_min_size":"","bundle_max_size":"","bundle_price":[],"bundled_items":[],"bundle_sell_ids":[],"_links":{"self":[{"href":"https:\/\/paddleshifterz.com\/de\/wp-json\/wp\/v2\/product\/79926","targetHints":{"allow":["GET"]}}],"collection":[{"href":"https:\/\/paddleshifterz.com\/de\/wp-json\/wp\/v2\/product"}],"about":[{"href":"https:\/\/paddleshifterz.com\/de\/wp-json\/wp\/v2\/types\/product"}],"wp:featuredmedia":[{"embeddable":true,"href":"https:\/\/paddleshifterz.com\/de\/wp-json\/wp\/v2\/media\/97597"}],"wp:attachment":[{"href":"https:\/\/paddleshifterz.com\/de\/wp-json\/wp\/v2\/media?parent=79926"}],"wp:term":[{"taxonomy":"product_brand","embeddable":true,"href":"https:\/\/paddleshifterz.com\/de\/wp-json\/wp\/v2\/product_brand?post=79926"},{"taxonomy":"product_cat","embeddable":true,"href":"https:\/\/paddleshifterz.com\/de\/wp-json\/wp\/v2\/product_cat?post=79926"},{"taxonomy":"product_tag","embeddable":true,"href":"https:\/\/paddleshifterz.com\/de\/wp-json\/wp\/v2\/product_tag?post=79926"}],"curies":[{"name":"wp","href":"https:\/\/api.w.org\/{rel}","templated":true}]}}