{"id":80141,"date":"2024-01-24T10:53:33","date_gmt":"2024-01-24T09:53:33","guid":{"rendered":"https:\/\/paddleshifterz.com\/?post_type=product&#038;p=80141"},"modified":"2026-01-01T11:58:11","modified_gmt":"2026-01-01T10:58:11","slug":"faserschmiede-carbon-fiber-schlosstrager","status":"publish","type":"product","link":"https:\/\/paddleshifterz.com\/de\/faserschmiede-carbon-fiber-schlosstrager\/","title":{"rendered":"Faserschmiede Pre-preg Carbon fiber lock plate"},"content":{"rendered":"","protected":false},"excerpt":{"rendered":"<p>Carbon Schlosstr\u00e4ger passend f\u00fcr die BMW Modelle der 1\/2\/3\/4 Serie F2x und F3x sowie die M Modelle M2, M3, M4 F8x. Der Schlosstr\u00e4ger stammt aus eigener Produktion und wird in Handarbeit im Autoklaven gefertigt und passgenau CNC-geschnitten. Ein gezielt ausgew\u00e4hlter, starker Lagenaufbau sorgt f\u00fcr hohe Steifigkeit bei geringem Gewicht. Alle Befestigungspunkte (Bogenstrebe und Lampenhalter) sind mit ummantelten Gewinden vorbereitet. Alle unten genannten Varianten finden Sie bebildert und benannt in der Produktgalerie.<\/p>\n<p><strong>Die folgenden Varianten sind verf\u00fcgbar:<\/strong><\/p>\n<ul>\n<li>Variante 1 - F2x und F3x Modelle OHNE Anbindung an die Domstrebe - einteilige Konstruktion<\/li>\n<li>Variant 2 &#8211; M models with strut brace connection &#8211; 2-part structure with 2 additional attachment points &#8211; max. tightening torque 25Nm strut brace<\/li>\n<li>Sie haben die M\u00f6glichkeit, zwischen 3 Ausf\u00fchrungsvarianten zu w\u00e4hlen\n<ul>\n<li>Raw - Mattes Finish direkt aus der Form, f\u00fcr alle Bahnwerkzeuge und Motorsportfahrzeuge. Sehr gutes, aber nicht perfektes Finish (Bilder mit dunklem Hintergrund)<\/li>\n<li>Matt lackiert<\/li>\n<li>Gl\u00e4nzend<\/li>\n<\/ul>\n<\/li>\n<li>Gewichtseinsparung im Vergleich zum Originalteil (Gewichte beziehen sich auf die rohe Ausf\u00fchrung ohne Lackierung)<\/li>\n<li>Variante 1 - 2200g OEM-Komponente \/ 580g Carbon-Komponente<\/li>\n<li>Variante 2 - 2950g OEM-Komponente \/ 690g Carbon-Komponente<\/li>\n<\/ul>\n<p>Wenn der Artikel nicht als <strong>vorr\u00e4tig<\/strong>wird die Lieferzeit mit 7-10 Tagen angegeben. Bitte beachten Sie, dass aufgrund der hohen Variantenvielfalt nur Rohteile auf Lager sind und diese dann nach Kundenwunsch gefertigt werden<\/p>","protected":false},"featured_media":81641,"template":"","meta":{"bwfblock_default_font":""},"product_brand":[],"product_cat":[1308,1727],"product_tag":[],"class_list":{"0":"post-80141","1":"product","2":"type-product","3":"status-publish","4":"has-post-thumbnail","6":"product_cat-engine-bay","7":"product_cat-performance","8":"product_shipping_class-shifterz","9":"pa_brand-faserschmiede-gmbh","10":"pa_product-type-aftermarket","11":"pa_vehicles-bmw-f22-f23","12":"pa_vehicles-bmw-f30","13":"pa_vehicles-bmw-f31","14":"pa_vehicles-bmw-f32","15":"pa_vehicles-bmw-f33","16":"pa_vehicles-bmw-f34","17":"pa_vehicles-bmw-f36","18":"pa_vehicles-bmw-f80-m3","19":"pa_vehicles-bmw-f82-m4","21":"first","22":"onbackorder","23":"taxable","24":"shipping-taxable","25":"purchasable","26":"product-type-variable"},"bundled_by":[],"bundle_stock_status":"onbackorder","bundle_stock_quantity":0,"bundle_virtual":false,"bundle_layout":"","bundle_add_to_cart_form_location":"","bundle_editable_in_cart":false,"bundle_sold_individually_context":"","bundle_item_grouping":"","bundle_min_size":"","bundle_max_size":"","bundle_price":[],"bundled_items":[],"bundle_sell_ids":[],"_links":{"self":[{"href":"https:\/\/paddleshifterz.com\/de\/wp-json\/wp\/v2\/product\/80141","targetHints":{"allow":["GET"]}}],"collection":[{"href":"https:\/\/paddleshifterz.com\/de\/wp-json\/wp\/v2\/product"}],"about":[{"href":"https:\/\/paddleshifterz.com\/de\/wp-json\/wp\/v2\/types\/product"}],"wp:featuredmedia":[{"embeddable":true,"href":"https:\/\/paddleshifterz.com\/de\/wp-json\/wp\/v2\/media\/81641"}],"wp:attachment":[{"href":"https:\/\/paddleshifterz.com\/de\/wp-json\/wp\/v2\/media?parent=80141"}],"wp:term":[{"taxonomy":"product_brand","embeddable":true,"href":"https:\/\/paddleshifterz.com\/de\/wp-json\/wp\/v2\/product_brand?post=80141"},{"taxonomy":"product_cat","embeddable":true,"href":"https:\/\/paddleshifterz.com\/de\/wp-json\/wp\/v2\/product_cat?post=80141"},{"taxonomy":"product_tag","embeddable":true,"href":"https:\/\/paddleshifterz.com\/de\/wp-json\/wp\/v2\/product_tag?post=80141"}],"curies":[{"name":"wp","href":"https:\/\/api.w.org\/{rel}","templated":true}]}}