{"id":80245,"date":"2024-02-06T10:00:47","date_gmt":"2024-02-06T09:00:47","guid":{"rendered":"https:\/\/paddleshifterz.com\/?post_type=product&#038;p=80245"},"modified":"2026-02-04T16:33:47","modified_gmt":"2026-02-04T15:33:47","slug":"oem-bmw-steering-wheel-rear-shifters-cover-32305a29d29","status":"publish","type":"product","link":"https:\/\/paddleshifterz.com\/de\/oem-bmw-steering-wheel-rear-shifters-cover-32305a29d29\/","title":{"rendered":"OEM BMW Lenkrad Schaltwippen Abdeckung - 32305A29D29"},"content":{"rendered":"","protected":false},"excerpt":{"rendered":"<p>Original BMW Lenkradschalthebel-Abdeckungen (Satz) f\u00fcr Fahrzeuge mit Schaltgetriebe, die ein Lenkrad mit Schaltwippen nachr\u00fcsten wollen. Diese Abdeckungen decken die L\u00f6cher der Schalthebel auf der R\u00fcckseite des Lenkrads ab.<\/p>","protected":false},"featured_media":80815,"template":"","meta":{"bwfblock_default_font":""},"product_brand":[],"product_cat":[593,608],"product_tag":[],"class_list":{"0":"post-80245","1":"product","2":"type-product","3":"status-publish","4":"has-post-thumbnail","6":"product_cat-interior","7":"product_cat-steering-wheel-trims","8":"product_shipping_class-shifterz","9":"pa_brand-bmw","10":"pa_product-type-oem-original-equipment-manufacturer","11":"pa_vehicles-bmw-g80-m3","12":"pa_vehicles-bmw-g82-m4","13":"pa_vehicles-bmw-g83-m4","14":"pa_vehicles-bmw-g87-m2","16":"first","17":"onbackorder","18":"taxable","19":"shipping-taxable","20":"purchasable","21":"product-type-simple"},"bundled_by":[],"bundle_stock_status":"onbackorder","bundle_stock_quantity":-27,"bundle_virtual":false,"bundle_layout":"","bundle_add_to_cart_form_location":"","bundle_editable_in_cart":false,"bundle_sold_individually_context":"","bundle_item_grouping":"","bundle_min_size":"","bundle_max_size":"","bundle_price":[],"bundled_items":[],"bundle_sell_ids":[],"_links":{"self":[{"href":"https:\/\/paddleshifterz.com\/de\/wp-json\/wp\/v2\/product\/80245","targetHints":{"allow":["GET"]}}],"collection":[{"href":"https:\/\/paddleshifterz.com\/de\/wp-json\/wp\/v2\/product"}],"about":[{"href":"https:\/\/paddleshifterz.com\/de\/wp-json\/wp\/v2\/types\/product"}],"wp:featuredmedia":[{"embeddable":true,"href":"https:\/\/paddleshifterz.com\/de\/wp-json\/wp\/v2\/media\/80815"}],"wp:attachment":[{"href":"https:\/\/paddleshifterz.com\/de\/wp-json\/wp\/v2\/media?parent=80245"}],"wp:term":[{"taxonomy":"product_brand","embeddable":true,"href":"https:\/\/paddleshifterz.com\/de\/wp-json\/wp\/v2\/product_brand?post=80245"},{"taxonomy":"product_cat","embeddable":true,"href":"https:\/\/paddleshifterz.com\/de\/wp-json\/wp\/v2\/product_cat?post=80245"},{"taxonomy":"product_tag","embeddable":true,"href":"https:\/\/paddleshifterz.com\/de\/wp-json\/wp\/v2\/product_tag?post=80245"}],"curies":[{"name":"wp","href":"https:\/\/api.w.org\/{rel}","templated":true}]}}