{"id":80286,"date":"2024-02-09T16:07:24","date_gmt":"2024-02-09T15:07:24","guid":{"rendered":"https:\/\/paddleshifterz.com\/?post_type=product&#038;p=80286"},"modified":"2026-02-13T09:57:16","modified_gmt":"2026-02-13T08:57:16","slug":"oem-bmw-gloss-black-side-trims-for-f80-m3-51148068588-51148068587","status":"publish","type":"product","link":"https:\/\/paddleshifterz.com\/de\/oem-bmw-gloss-black-side-trims-for-f80-m3-51148068588-51148068587\/","title":{"rendered":"OEM BMW Seitenverkleidungen schwarz gl\u00e4nzend F80 M3"},"content":{"rendered":"","protected":false},"excerpt":{"rendered":"<p>OEM BMW gl\u00e4nzend schwarz vordere Kotfl\u00fcgel Seitenverkleidungen mit M3-Logo.<\/p>\n<p>Das Produkt enth\u00e4lt sowohl die linke als auch die rechte Seite.<br \/>\nGeeignet f\u00fcr BMW F80 M3.<\/p>\n<p><strong>Linke Seite:<\/strong><br \/>\nSKU: 51148068587<br \/>\n<strong>Rechte Seite:<br \/>\n<\/strong>SKU: 51148068588<strong><br \/>\n<\/strong><\/p>","protected":false},"featured_media":80287,"template":"","meta":{"bwfblock_default_font":""},"product_brand":[],"product_cat":[1113],"product_tag":[],"class_list":{"0":"post-80286","1":"product","2":"type-product","3":"status-publish","4":"has-post-thumbnail","6":"product_cat-exterior","7":"product_shipping_class-shifterz","8":"pa_brand-bmw","9":"pa_product-type-oem-original-equipment-manufacturer","10":"pa_vehicles-bmw-f80-m3","12":"first","13":"onbackorder","14":"taxable","15":"shipping-taxable","16":"purchasable","17":"product-type-simple"},"bundled_by":[],"bundle_stock_status":"onbackorder","bundle_stock_quantity":-4,"bundle_virtual":false,"bundle_layout":"","bundle_add_to_cart_form_location":"","bundle_editable_in_cart":false,"bundle_sold_individually_context":"","bundle_item_grouping":"","bundle_min_size":"","bundle_max_size":"","bundle_price":[],"bundled_items":[],"bundle_sell_ids":[],"_links":{"self":[{"href":"https:\/\/paddleshifterz.com\/de\/wp-json\/wp\/v2\/product\/80286","targetHints":{"allow":["GET"]}}],"collection":[{"href":"https:\/\/paddleshifterz.com\/de\/wp-json\/wp\/v2\/product"}],"about":[{"href":"https:\/\/paddleshifterz.com\/de\/wp-json\/wp\/v2\/types\/product"}],"wp:featuredmedia":[{"embeddable":true,"href":"https:\/\/paddleshifterz.com\/de\/wp-json\/wp\/v2\/media\/80287"}],"wp:attachment":[{"href":"https:\/\/paddleshifterz.com\/de\/wp-json\/wp\/v2\/media?parent=80286"}],"wp:term":[{"taxonomy":"product_brand","embeddable":true,"href":"https:\/\/paddleshifterz.com\/de\/wp-json\/wp\/v2\/product_brand?post=80286"},{"taxonomy":"product_cat","embeddable":true,"href":"https:\/\/paddleshifterz.com\/de\/wp-json\/wp\/v2\/product_cat?post=80286"},{"taxonomy":"product_tag","embeddable":true,"href":"https:\/\/paddleshifterz.com\/de\/wp-json\/wp\/v2\/product_tag?post=80286"}],"curies":[{"name":"wp","href":"https:\/\/api.w.org\/{rel}","templated":true}]}}