{"id":80427,"date":"2024-03-01T12:05:17","date_gmt":"2024-03-01T11:05:17","guid":{"rendered":"https:\/\/paddleshifterz.com\/?post_type=product&#038;p=80427"},"modified":"2026-01-01T11:00:56","modified_gmt":"2026-01-01T10:00:56","slug":"oem-bmw-g82-m4-lci-laser-light-ece-lhd-left-inner-63215a37ab7","status":"publish","type":"product","link":"https:\/\/paddleshifterz.com\/de\/oem-bmw-g82-m4-lci-laser-light-ece-lhd-left-inner-63215a37ab7\/","title":{"rendered":"OEM BMW G82\/G83 LCI Laserlicht, links innen - 63215A37AB7"},"content":{"rendered":"<p>Dieses Original BMW-Ersatzteil garantiert eine perfekte Passform und hohe Leistung f\u00fcr Ihren BMW G82 M4. Die LCI (Life Cycle Impulse) Laserleuchten sind Teil der neuesten technologischen Upgrades von BMW und verbessern die Sichtbarkeit und \u00c4sthetik. Ideal f\u00fcr Fahrzeuge mit Linkslenkung (LHD), ist dieses Licht nur f\u00fcr EU-Fahrzeuge verf\u00fcgbar.<\/p>\n<h2>Wesentliche Merkmale<\/h2>\n<ul>\n<li>Original BMW Produkt<\/li>\n<li>Kompatibilit\u00e4t mit Linkslenkung (LHD).<\/li>\n<li>Leistungsstarke Laserlichttechnologie f\u00fcr bessere Sichtbarkeit.<\/li>\n<li>Das OEM-Teil gew\u00e4hrleistet eine perfekte Passform, ohne dass \u00c4nderungen erforderlich sind.<\/li>\n<li>Die kompletten BMW G82 M4 LCI R\u00fcckleuchten Kits finden Sie hier\n<ul>\n<li><a href=\"https:\/\/paddleshifterz.com\/de\/oem-bmw-g82-m4-lci-laser-tail-lights-kit-ece-lhd\/\">F\u00fcr EU-Fahrzeuge mit Linkslenkung<\/a><\/li>\n<li><a href=\"https:\/\/paddleshifterz.com\/de\/oem-bmw-g82-m4-lci-laser-tail-lights-kit-ece-rhd\/\">F\u00fcr EU-Fahrzeuge mit Rechtslenkung<\/a><\/li>\n<li><a href=\"https:\/\/paddleshifterz.com\/de\/oem-bmw-g82-m4-lci-laser-tail-lights-kit-us-version-lhd\/\">F\u00fcr US-Fahrzeuge mit Linkslenkung<\/a><\/li>\n<\/ul>\n<\/li>\n<\/ul>\n<h2>Passende Fahrzeuge<\/h2>\n<p>Dieses R\u00fccklicht kann in die folgenden Fahrzeuge eingebaut werden:<\/p>\n<ul>\n<li>BMW G82 M4<\/li>\n<li>BMW G83 M4<\/li>\n<li>BMW G22<\/li>\n<li>BMW G23<\/li>\n<li>BMW G26 GranCoupe<\/li>\n<li>BMW G26 i4<\/li>\n<\/ul>\n<h2>Vorteile<\/h2>\n<ul>\n<li>Bessere Sichtbarkeit: Die fortschrittliche Laser-Beleuchtungstechnologie sorgt f\u00fcr helleres und fokussierteres Licht und gew\u00e4hrleistet so maximale Sichtbarkeit bei Nacht oder bei ung\u00fcnstigen Wetterbedingungen.<\/li>\n<li>\u00c4sthetisches Upgrade: Das schlanke Design der LCI-Scheinwerfer wertet die Frontpartie des BMW G82 M4 auf und verleiht ihm ein modernes, hochtechnologisches Aussehen.<\/li>\n<li>Energieeffizient: Laserscheinwerfer verbrauchen weniger Energie als herk\u00f6mmliche Scheinwerfer und sind daher effizienter und bieten gleichzeitig eine bessere Leistung.<\/li>\n<\/ul>\n<h2>Tipps zum Einbau<\/h2>\n<p>Kodierung empfohlen: Nach dem Einbau kann eine Codierung erforderlich sein, um ein Flackern zu verhindern und eine einwandfreie Funktion zu gew\u00e4hrleisten. Wir arbeiten mit zertifizierten Codierern zusammen, die Sie bei der Codierung Ihres BMW G82 M4 unterst\u00fctzen.<\/p>\n<h2>Kundenservice<\/h2>\n<p>Wenn Sie Fragen zur Montage oder zum Einbau haben, hilft Ihnen unser Support-Team gerne weiter, damit Sie das Beste aus Ihrem BMW G82 M4 LCI Laserlicht herausholen k\u00f6nnen. Kontaktieren Sie uns \u00fcber das <a href=\"https:\/\/paddleshifterz.com\/de\/contact\/\">Kontaktseite hier.<\/a><\/p>","protected":false},"excerpt":{"rendered":"<p>OEM BMW G82 and G83 M4 LCI laser light, ECE, LHD, left inner &#8211; SKU: 63215A37AB7<\/p>","protected":false},"featured_media":80491,"template":"","meta":{"bwfblock_default_font":""},"product_brand":[],"product_cat":[1113,1094],"product_tag":[],"class_list":{"0":"post-80427","1":"product","2":"type-product","3":"status-publish","4":"has-post-thumbnail","6":"product_cat-exterior","7":"product_cat-headlights-taillights","8":"product_shipping_class-shifterz","9":"pa_brand-bmw","10":"pa_product-type-oem-original-equipment-manufacturer","11":"pa_vehicles-bmw-g22","12":"pa_vehicles-bmw-g23","13":"pa_vehicles-bmw-g82-m4","14":"pa_vehicles-bmw-g83-m4","16":"first","17":"onbackorder","18":"taxable","19":"shipping-taxable","20":"purchasable","21":"product-type-simple"},"bundled_by":["80581","80430"],"bundle_stock_status":"onbackorder","bundle_stock_quantity":-11,"bundle_virtual":false,"bundle_layout":"","bundle_add_to_cart_form_location":"","bundle_editable_in_cart":false,"bundle_sold_individually_context":"","bundle_item_grouping":"","bundle_min_size":"","bundle_max_size":"","bundle_price":[],"bundled_items":[],"bundle_sell_ids":[],"_links":{"self":[{"href":"https:\/\/paddleshifterz.com\/de\/wp-json\/wp\/v2\/product\/80427","targetHints":{"allow":["GET"]}}],"collection":[{"href":"https:\/\/paddleshifterz.com\/de\/wp-json\/wp\/v2\/product"}],"about":[{"href":"https:\/\/paddleshifterz.com\/de\/wp-json\/wp\/v2\/types\/product"}],"wp:featuredmedia":[{"embeddable":true,"href":"https:\/\/paddleshifterz.com\/de\/wp-json\/wp\/v2\/media\/80491"}],"wp:attachment":[{"href":"https:\/\/paddleshifterz.com\/de\/wp-json\/wp\/v2\/media?parent=80427"}],"wp:term":[{"taxonomy":"product_brand","embeddable":true,"href":"https:\/\/paddleshifterz.com\/de\/wp-json\/wp\/v2\/product_brand?post=80427"},{"taxonomy":"product_cat","embeddable":true,"href":"https:\/\/paddleshifterz.com\/de\/wp-json\/wp\/v2\/product_cat?post=80427"},{"taxonomy":"product_tag","embeddable":true,"href":"https:\/\/paddleshifterz.com\/de\/wp-json\/wp\/v2\/product_tag?post=80427"}],"curies":[{"name":"wp","href":"https:\/\/api.w.org\/{rel}","templated":true}]}}