{"id":80542,"date":"2024-03-06T21:52:36","date_gmt":"2024-03-06T20:52:36","guid":{"rendered":"https:\/\/paddleshifterz.com\/?post_type=product&#038;p=80542"},"modified":"2026-01-01T10:59:18","modified_gmt":"2026-01-01T09:59:18","slug":"oem-bmw-g82-m4-lci-laser-light-ece-lhd-right-outer-63215a37ab4","status":"publish","type":"product","link":"https:\/\/paddleshifterz.com\/de\/oem-bmw-g82-m4-lci-laser-light-ece-lhd-right-outer-63215a37ab4\/","title":{"rendered":"OEM BMW G82 M4 LCI Laserlicht ECE rechts au\u00dfen - 63215A37AB4"},"content":{"rendered":"<p>Dieses Original BMW-Ersatzteil garantiert eine perfekte Passform und hohe Leistung f\u00fcr Ihren BMW G82 M4. Die LCI (Life Cycle Impulse) Laserleuchten sind Teil der neuesten technologischen Upgrades von BMW und verbessern die Sichtbarkeit und \u00c4sthetik. Ideal f\u00fcr Fahrzeuge mit Links- und Rechtslenkung (LHD, RHD), dieses Licht entspricht den ECE-Vorschriften.<\/p>\n<h2>Wesentliche Merkmale<\/h2>\n<ul>\n<li>ECE-zertifiziert f\u00fcr europ\u00e4ische Stra\u00dfennormen.<\/li>\n<li>Kompatibilit\u00e4t mit Linkslenkung (LHD).<\/li>\n<li>Leistungsstarke Laserlichttechnologie f\u00fcr bessere Sichtbarkeit.<\/li>\n<li>Das OEM-Teil gew\u00e4hrleistet eine perfekte Passform, ohne dass \u00c4nderungen erforderlich sind.<\/li>\n<li>Dieses Produkt enth\u00e4lt nur das rechte \u00e4u\u00dfere R\u00fccklicht. Die kompletten BMW G82 M4 LCI R\u00fcckleuchten Kits finden Sie hier\n<ul>\n<li><a href=\"https:\/\/paddleshifterz.com\/de\/oem-bmw-g82-m4-lci-laser-tail-lights-kit-ece-lhd\/\">F\u00fcr EU-Fahrzeuge mit Linkslenkung<\/a><\/li>\n<li><a href=\"https:\/\/paddleshifterz.com\/de\/oem-bmw-g82-m4-lci-laser-tail-lights-kit-ece-rhd\/\">F\u00fcr EU-Fahrzeuge mit Rechtslenkung<\/a><\/li>\n<li><a href=\"https:\/\/paddleshifterz.com\/de\/oem-bmw-g82-m4-lci-laser-tail-lights-kit-us-version-lhd\/\">F\u00fcr US-Spec-Fahrzeuge verwenden Sie diesen Satz<\/a><\/li>\n<\/ul>\n<\/li>\n<\/ul>\n<h2>Passende Fahrzeuge<\/h2>\n<p>Dieses R\u00fccklicht kann in die folgenden Fahrzeuge eingebaut werden:<\/p>\n<ul>\n<li>BMW G82 M4<\/li>\n<li>BMW G26 GranCoupe<\/li>\n<li>BMW G26 i4<\/li>\n<\/ul>\n<h2>Vorteile<\/h2>\n<ul>\n<li><strong>Verbesserte Sichtbarkeit:<\/strong> Die fortschrittliche Laserlichttechnologie sorgt f\u00fcr ein helleres und gezielteres Licht und gew\u00e4hrleistet so maximale Sichtbarkeit bei Nacht oder unter ung\u00fcnstigen Wetterbedingungen.<\/li>\n<li><strong>\u00c4sthetisches Upgrade:<\/strong> Das schlanke Design der LCI-Scheinwerfer wertet die Frontpartie des BMW G82 M4 auf und verleiht ihm ein modernes, hochtechnisches Aussehen.<\/li>\n<li><strong>Energieeffizient:<\/strong> Laserscheinwerfer verbrauchen weniger Energie als herk\u00f6mmliche Scheinwerfer und sind daher effizienter bei gleichzeitig besserer Leistung.<\/li>\n<\/ul>\n<h2>Tipps zum Einbau<\/h2>\n<ul>\n<li><strong>Kodierung empfohlen:<\/strong> Nach dem Einbau kann eine Codierung erforderlich sein, um ein Flackern zu verhindern und eine einwandfreie Funktion zu gew\u00e4hrleisten. Wir arbeiten mit zertifizierten Codierern zusammen, die Sie bei der Codierung Ihres BMW G82 M4 unterst\u00fctzen.<\/li>\n<\/ul>\n<h2>Kundenservice<\/h2>\n<p>Wenn Sie Fragen zur Montage oder zum Einbau haben, hilft Ihnen unser Support-Team gerne weiter, damit Sie das Beste aus Ihrem BMW G82 M4 LCI Laserlicht herausholen k\u00f6nnen. Kontaktieren Sie uns \u00fcber das <a href=\"https:\/\/paddleshifterz.com\/de\/contact\/\">Kontaktseite hier.<\/a><\/p>","protected":false},"excerpt":{"rendered":"<p>OEM BMW G82 M4 LCI laser light, ECE, LHD and RHD, right outer &#8211; SKU: 63215A37AB4<\/p>","protected":false},"featured_media":80568,"template":"","meta":{"bwfblock_default_font":""},"product_brand":[],"product_cat":[1113,1094],"product_tag":[],"class_list":{"0":"post-80542","1":"product","2":"type-product","3":"status-publish","4":"has-post-thumbnail","6":"product_cat-exterior","7":"product_cat-headlights-taillights","8":"product_shipping_class-shifterz","9":"pa_brand-bmw","10":"pa_product-type-oem-original-equipment-manufacturer","11":"pa_vehicles-bmw-g26-grancoupe","12":"pa_vehicles-bmw-g82-m4","13":"pa_vehicles-bmw-i4-g26","15":"first","16":"onbackorder","17":"taxable","18":"shipping-taxable","19":"purchasable","20":"product-type-simple"},"bundled_by":["80584","80581"],"bundle_stock_status":"onbackorder","bundle_stock_quantity":-16,"bundle_virtual":false,"bundle_layout":"","bundle_add_to_cart_form_location":"","bundle_editable_in_cart":false,"bundle_sold_individually_context":"","bundle_item_grouping":"","bundle_min_size":"","bundle_max_size":"","bundle_price":[],"bundled_items":[],"bundle_sell_ids":[],"_links":{"self":[{"href":"https:\/\/paddleshifterz.com\/de\/wp-json\/wp\/v2\/product\/80542","targetHints":{"allow":["GET"]}}],"collection":[{"href":"https:\/\/paddleshifterz.com\/de\/wp-json\/wp\/v2\/product"}],"about":[{"href":"https:\/\/paddleshifterz.com\/de\/wp-json\/wp\/v2\/types\/product"}],"wp:featuredmedia":[{"embeddable":true,"href":"https:\/\/paddleshifterz.com\/de\/wp-json\/wp\/v2\/media\/80568"}],"wp:attachment":[{"href":"https:\/\/paddleshifterz.com\/de\/wp-json\/wp\/v2\/media?parent=80542"}],"wp:term":[{"taxonomy":"product_brand","embeddable":true,"href":"https:\/\/paddleshifterz.com\/de\/wp-json\/wp\/v2\/product_brand?post=80542"},{"taxonomy":"product_cat","embeddable":true,"href":"https:\/\/paddleshifterz.com\/de\/wp-json\/wp\/v2\/product_cat?post=80542"},{"taxonomy":"product_tag","embeddable":true,"href":"https:\/\/paddleshifterz.com\/de\/wp-json\/wp\/v2\/product_tag?post=80542"}],"curies":[{"name":"wp","href":"https:\/\/api.w.org\/{rel}","templated":true}]}}