{"id":80580,"date":"2024-04-21T22:33:47","date_gmt":"2024-04-21T21:33:47","guid":{"rendered":"https:\/\/paddleshifterz.com\/?post_type=product&#038;p=80580"},"modified":"2025-12-08T07:39:37","modified_gmt":"2025-12-08T06:39:37","slug":"carbon-fiber-paddle-shifters-for-mini-f-series","status":"publish","type":"product","link":"https:\/\/paddleshifterz.com\/de\/carbon-fiber-paddle-shifters-for-mini-f-series\/","title":{"rendered":"Carbon Schaltwippen f\u00fcr MINI F5X, F6X"},"content":{"rendered":"<h2>Strukturierte oder gl\u00e4nzende Carbonfaser-Schaltwippen f\u00fcr MINI F Series Modelle<\/h2>\n<p>Bringen Sie Ihr Interieur-Spiel auf die n\u00e4chste Stufe mit unserem <strong>Carbonfaser strukturiert oder gl\u00e4nzend<\/strong> Schaltwippen. <strong>World&#8217;s first structured carbon fiber set<\/strong> die perfekt zu den originalen Carbon-Strukturteilen in Ihrem MINI F Series passen. Handgefertigt und pr\u00e4zise geformt mit CNC-Technologie, liefern diese Schaltwippen ein makelloses Finish und machen jede Fahrt au\u00dfergew\u00f6hnlich. Das Geh\u00e4use besteht aus gefr\u00e4stem Aluminium (6061) und ist schwarz eloxiert, um einen sch\u00f6nen OEM-Look zu erhalten.<\/p>\n<h2>Passform &amp; Kompatibilit\u00e4t<\/h2>\n<p>Our shifters directly replace your original F Series MINI paddle shifters, eliminating the need for extra accessories, glues, or screws.<\/p>\n<p>We have manufactured these paddle shifters using a unique technique; consequently, no final resin or clear coat is needed to cover the fibers, unlike our gloss carbon fiber paddle shifters. As a result of this special surface, you can actually feel the fibers of the carbon fiber material.<\/p>\n<h2>Was Sie erhalten<\/h2>\n<ul>\n<li>2 x Schaltwippen (links und rechts)<\/li>\n<li>Diese aus hochwertiger strukturierter Kohlefaser gefertigten Schaltwippen zeichnen sich durch pr\u00e4zise CNC-Bearbeitung und eine leichte, mattschwarze Aluminiumbasis aus.<\/li>\n<li>Perfekte Passform f\u00fcr MINI F Series Modelle einschlie\u00dflich:\n<ul>\n<li><a href=\"https:\/\/paddleshifterz.com\/de\/vehicles\/mini-f54\/\">F54 Clubman<\/a><\/li>\n<li><a href=\"https:\/\/paddleshifterz.com\/de\/vehicles\/mini-f55\/\">F55 Cooper<\/a><\/li>\n<li><a href=\"https:\/\/paddleshifterz.com\/de\/vehicles\/mini-f56\/\">F56 Cooper<\/a><\/li>\n<li><a href=\"https:\/\/paddleshifterz.com\/de\/vehicles\/mini-f56-gp3\/\">F56 GP3<\/a><\/li>\n<li><a href=\"https:\/\/paddleshifterz.com\/de\/vehicles\/mini-f57\/\">F57 Cabrio<\/a><\/li>\n<li><a href=\"https:\/\/paddleshifterz.com\/de\/vehicles\/mini-f60-countryman\/\">F60 Countryman<\/a><\/li>\n<\/ul>\n<\/li>\n<li>Hergestellt in Deutschland von Faserschmiede GmbH<\/li>\n<li>Entworfen von PaddleShifterz<\/li>\n<\/ul>\n<h2>FAQ<\/h2>\n<ul>\n<li><strong>Passen diese Schaltwippen in den MINI F60 John Cooper Works?<\/strong>\n<ul>\n<li style=\"list-style-type: none;\">\n<ul>\n<li>Ja, unsere Schaltwippen sind f\u00fcr alle MINI F Series Modelle geeignet, einschlie\u00dflich: F54 Clubman, F55 Cooper, F56, F56 GP3, F57 Cabrio und F60 Countryman<\/li>\n<\/ul>\n<\/li>\n<\/ul>\n<\/li>\n<li><strong>Ben\u00f6tige ich f\u00fcr den Einbau der Schaltwippen spezielles Werkzeug?<\/strong>\n<ul>\n<li>You will only need a handful of tools &#8211; ones you probably already have at home &#8211; to install these paddle shifters yourself. <a href=\"https:\/\/paddleshifterz.com\/de\/install\/\">Sehen Sie sich hier unser leicht verst\u00e4ndliches Video-Tutorial an<\/a>. Wenn Sie nicht mit den Arbeiten an Ihrem Fahrzeug vertraut sind, empfehlen wir Ihnen, die Hilfe eines Fachmanns in Anspruch zu nehmen. Wir arbeiten mit vielen Unternehmen zusammen, die Ihnen bei der Installation helfen k\u00f6nnen, eine vollst\u00e4ndige Liste finden Sie unter <a href=\"https:\/\/paddleshifterz.com\/de\/our-partners\/\">unsere Partner hier<\/a>.<\/li>\n<\/ul>\n<\/li>\n<\/ul>","protected":false},"excerpt":{"rendered":"<p>Bringen Sie Ihr Interieur-Spiel auf die n\u00e4chste Stufe mit unserem <strong>Carbonfaser strukturiert oder gl\u00e4nzend<\/strong> Schaltwippen, die speziell f\u00fcr MINI F Series Modelle, wie den F55 Cooper S, entwickelt wurden.<\/p>","protected":false},"featured_media":81140,"template":"","meta":{"bwfblock_default_font":""},"product_brand":[],"product_cat":[433],"product_tag":[],"class_list":{"0":"post-80580","1":"product","2":"type-product","3":"status-publish","4":"has-post-thumbnail","6":"product_cat-paddle-shifters","7":"product_shipping_class-shifterz","8":"pa_brand-paddleshifterz","9":"pa_product-type-aftermarket","10":"pa_vehicles-mini-f54","11":"pa_vehicles-mini-f55","12":"pa_vehicles-mini-f56","13":"pa_vehicles-mini-f56-gp3","14":"pa_vehicles-mini-f57","15":"pa_vehicles-mini-f60-countryman","17":"first","18":"instock","19":"taxable","20":"shipping-taxable","21":"purchasable","22":"product-type-variable"},"bundled_by":["83212"],"bundle_stock_status":"instock","bundle_stock_quantity":null,"bundle_virtual":false,"bundle_layout":"","bundle_add_to_cart_form_location":"","bundle_editable_in_cart":false,"bundle_sold_individually_context":"","bundle_item_grouping":"","bundle_min_size":"","bundle_max_size":"","bundle_price":[],"bundled_items":[],"bundle_sell_ids":[],"_links":{"self":[{"href":"https:\/\/paddleshifterz.com\/de\/wp-json\/wp\/v2\/product\/80580","targetHints":{"allow":["GET"]}}],"collection":[{"href":"https:\/\/paddleshifterz.com\/de\/wp-json\/wp\/v2\/product"}],"about":[{"href":"https:\/\/paddleshifterz.com\/de\/wp-json\/wp\/v2\/types\/product"}],"wp:featuredmedia":[{"embeddable":true,"href":"https:\/\/paddleshifterz.com\/de\/wp-json\/wp\/v2\/media\/81140"}],"wp:attachment":[{"href":"https:\/\/paddleshifterz.com\/de\/wp-json\/wp\/v2\/media?parent=80580"}],"wp:term":[{"taxonomy":"product_brand","embeddable":true,"href":"https:\/\/paddleshifterz.com\/de\/wp-json\/wp\/v2\/product_brand?post=80580"},{"taxonomy":"product_cat","embeddable":true,"href":"https:\/\/paddleshifterz.com\/de\/wp-json\/wp\/v2\/product_cat?post=80580"},{"taxonomy":"product_tag","embeddable":true,"href":"https:\/\/paddleshifterz.com\/de\/wp-json\/wp\/v2\/product_tag?post=80580"}],"curies":[{"name":"wp","href":"https:\/\/api.w.org\/{rel}","templated":true}]}}