{"id":80591,"date":"2024-03-07T19:19:58","date_gmt":"2024-03-07T18:19:58","guid":{"rendered":"https:\/\/paddleshifterz.com\/?post_type=product&#038;p=80591"},"modified":"2025-12-01T07:07:37","modified_gmt":"2025-12-01T06:07:37","slug":"oem-bmw-g82-m4-lci-laser-tail-lights-kit-us-version-lhd","status":"publish","type":"product","link":"https:\/\/paddleshifterz.com\/de\/oem-bmw-g82-m4-lci-laser-tail-lights-kit-us-version-lhd\/","title":{"rendered":"OEM BMW G82 M4 Laser-R\u00fccklicht-Kit - US Spec - Exterior"},"content":{"rendered":"<h2>Passende Fahrzeuge<\/h2>\n<p>F\u00fcr die US-Version, Fahrzeuge mit Linkslenkung.<\/p>\n<ul>\n<li><a href=\"https:\/\/paddleshifterz.com\/de\/vehicles\/bmw-g82-m4\/\">BMW G82 M4<\/a><\/li>\n<li><a href=\"https:\/\/paddleshifterz.com\/de\/vehicles\/bmw-g22\/\">BMW G22 4er-Serie<\/a><\/li>\n<li><a href=\"https:\/\/paddleshifterz.com\/de\/vehicles\/bmw-g26-grancoupe\/\">BMW G26 i4<\/a><\/li>\n<li><a href=\"https:\/\/paddleshifterz.com\/de\/vehicles\/bmw-i4-g26\/\">BMW G26 4er-Serie<\/a><\/li>\n<\/ul>\n<p><a href=\"https:\/\/paddleshifterz.com\/de\/oem-bmw-g83-m4-lci-laser-tail-lights-kit-us-lhd\/\">F\u00fcr US Spec G83 M4 Cabriolet oder G23 4er, w\u00e4hlen Sie bitte dieses R\u00fcckleuchten Kit.<\/a><\/p>\n<p>Plug-and-Play-Installation, keine zus\u00e4tzliche Verdrahtung erforderlich, jedoch Codierung ist nach der Installation erforderlich, um einige flackernde Probleme bei Verriegelung und Entriegelung loszuwerden. Wir arbeiten mit 2 professionellen Codierern. Einer aus der Schweiz, der auf europ\u00e4ische BMWs und MINIs spezialisiert ist, und einer aus New York, der auf US-Fahrzeuge spezialisiert ist.<\/p>","protected":false},"excerpt":{"rendered":"<p>Original BMW Laser-R\u00fcckleuchten-Kit f\u00fcr den BMW G82 M4 LCI, Facelift-Modell. Geeignet f\u00fcr BMWs, Linkslenker, US spec.<\/p>","protected":false},"featured_media":80504,"template":"","meta":{"bwfblock_default_font":""},"product_brand":[],"product_cat":[1113,1094],"product_tag":[],"class_list":{"0":"post-80591","1":"product","2":"type-product","3":"status-publish","4":"has-post-thumbnail","6":"product_cat-exterior","7":"product_cat-headlights-taillights","8":"product_shipping_class-shifterz","9":"pa_brand-bmw","10":"pa_product-type-oem-original-equipment-manufacturer","11":"pa_vehicles-bmw-g22","12":"pa_vehicles-bmw-g23","13":"pa_vehicles-bmw-g26-grancoupe","14":"pa_vehicles-bmw-g82-m4","15":"pa_vehicles-bmw-i4-g26","17":"first","18":"onbackorder","19":"taxable","20":"shipping-taxable","21":"purchasable","22":"product-type-bundle"},"bundled_by":[],"bundle_stock_status":"instock","bundle_stock_quantity":"","bundle_virtual":false,"bundle_layout":"default","bundle_add_to_cart_form_location":"default","bundle_editable_in_cart":true,"bundle_sold_individually_context":"product","bundle_item_grouping":"parent","bundle_min_size":"","bundle_max_size":"","bundle_price":{"price":{"min":{"incl_tax":"2676","excl_tax":"2248.72"},"max":{"incl_tax":"2676","excl_tax":"2248.72"}},"regular_price":{"min":{"incl_tax":"2676","excl_tax":"2248.72"},"max":{"incl_tax":"2676","excl_tax":"2248.72"}}},"bundled_items":[{"bundled_item_id":95,"product_id":80508,"menu_order":0,"quantity_min":1,"quantity_max":1,"quantity_default":1,"priced_individually":true,"shipped_individually":false,"override_title":false,"title":"OEM BMW G8X LCI Laserlicht US-LHD rechts innen - 63215A37AC4","override_description":true,"description":"","optional":false,"hide_thumbnail":true,"discount":"","override_variations":false,"allowed_variations":[],"override_default_variation_attributes":false,"default_variation_attributes":[],"single_product_visibility":"visible","cart_visibility":"visible","order_visibility":"visible","single_product_price_visibility":"visible","cart_price_visibility":"visible","order_price_visibility":"visible","stock_status":"on_backorder"},{"bundled_item_id":96,"product_id":80507,"menu_order":1,"quantity_min":1,"quantity_max":1,"quantity_default":1,"priced_individually":true,"shipped_individually":false,"override_title":false,"title":"OEM BMW G8X LCI Laserlicht US\/LHD links innen - 63215A37AC3","override_description":true,"description":"","optional":false,"hide_thumbnail":true,"discount":"","override_variations":false,"allowed_variations":[],"override_default_variation_attributes":false,"default_variation_attributes":[],"single_product_visibility":"visible","cart_visibility":"visible","order_visibility":"visible","single_product_price_visibility":"visible","cart_price_visibility":"visible","order_price_visibility":"visible","stock_status":"on_backorder"},{"bundled_item_id":97,"product_id":80589,"menu_order":2,"quantity_min":1,"quantity_max":1,"quantity_default":1,"priced_individually":true,"shipped_individually":false,"override_title":false,"title":"OEM BMW G82 LCI Laserlicht US-LHD rechts au\u00dfen - 63215A37AB6","override_description":true,"description":"","optional":false,"hide_thumbnail":true,"discount":"","override_variations":false,"allowed_variations":[],"override_default_variation_attributes":false,"default_variation_attributes":[],"single_product_visibility":"visible","cart_visibility":"visible","order_visibility":"visible","single_product_price_visibility":"visible","cart_price_visibility":"visible","order_price_visibility":"visible","stock_status":"on_backorder"},{"bundled_item_id":98,"product_id":80590,"menu_order":3,"quantity_min":1,"quantity_max":1,"quantity_default":1,"priced_individually":true,"shipped_individually":false,"override_title":false,"title":"OEM BMW G82 M4 LCI Laserlicht US-LHD links au\u00dfen 63215A37AB5","override_description":true,"description":"","optional":false,"hide_thumbnail":true,"discount":"","override_variations":false,"allowed_variations":[],"override_default_variation_attributes":false,"default_variation_attributes":[],"single_product_visibility":"visible","cart_visibility":"visible","order_visibility":"visible","single_product_price_visibility":"visible","cart_price_visibility":"visible","order_price_visibility":"visible","stock_status":"on_backorder"}],"bundle_sell_ids":[],"_links":{"self":[{"href":"https:\/\/paddleshifterz.com\/de\/wp-json\/wp\/v2\/product\/80591","targetHints":{"allow":["GET"]}}],"collection":[{"href":"https:\/\/paddleshifterz.com\/de\/wp-json\/wp\/v2\/product"}],"about":[{"href":"https:\/\/paddleshifterz.com\/de\/wp-json\/wp\/v2\/types\/product"}],"wp:featuredmedia":[{"embeddable":true,"href":"https:\/\/paddleshifterz.com\/de\/wp-json\/wp\/v2\/media\/80504"}],"wp:attachment":[{"href":"https:\/\/paddleshifterz.com\/de\/wp-json\/wp\/v2\/media?parent=80591"}],"wp:term":[{"taxonomy":"product_brand","embeddable":true,"href":"https:\/\/paddleshifterz.com\/de\/wp-json\/wp\/v2\/product_brand?post=80591"},{"taxonomy":"product_cat","embeddable":true,"href":"https:\/\/paddleshifterz.com\/de\/wp-json\/wp\/v2\/product_cat?post=80591"},{"taxonomy":"product_tag","embeddable":true,"href":"https:\/\/paddleshifterz.com\/de\/wp-json\/wp\/v2\/product_tag?post=80591"}],"curies":[{"name":"wp","href":"https:\/\/api.w.org\/{rel}","templated":true}]}}